{"id":103,"date":"2012-12-20T18:09:22","date_gmt":"2012-12-20T18:09:22","guid":{"rendered":"http:\/\/porfyraaudio.com\/?page_id=103"},"modified":"2018-11-05T11:21:29","modified_gmt":"2018-11-05T11:21:29","slug":"ead-e130","status":"publish","type":"page","link":"https:\/\/porfyraaudio.com\/de\/products\/ead-e130\/","title":{"rendered":"EAD E130"},"content":{"rendered":"<p><\/p>\n<div>\n<p><a href=\"http:\/\/porfyraaudio.com\/wp-content\/uploads\/2012\/12\/8372651-origpic-5375da.png\"><img loading=\"lazy\" decoding=\"async\" class=\"alignleft size-medium wp-image-108\" src=\"http:\/\/porfyraaudio.com\/wp-content\/uploads\/2012\/12\/8372651-origpic-5375da-177x300.png\" alt=\"8372651-origpic-5375da\" width=\"177\" height=\"300\" srcset=\"https:\/\/porfyraaudio.com\/wp-content\/uploads\/2012\/12\/8372651-origpic-5375da-177x300.png 177w, https:\/\/porfyraaudio.com\/wp-content\/uploads\/2012\/12\/8372651-origpic-5375da.png 518w\" sizes=\"auto, (max-width: 177px) 100vw, 177px\" \/><\/a>E 130 ist \u00fcber ein neues face lift gelaufen. Zu erw\u00e4hnen ist hier das neue ma\u00dfgeschneiderte Alugestell. Dazu haben wir noch einen neuen Kranz , das Gewebe , den Motor und einen neuen st\u00e4rkeren Klebstoff. Dies f\u00fchrt zu einer Konstruktion welche jede Menge ,,Mi\u00dfbrauch\u00b4\u00b4 bei ein mehr lineares Benehmen absorbieren kann.<\/p>\n<p>Der neue Motor gibt uns jetzt eine Empfindlichkeit bei 89 dB und eine Weite von 35 Hz bis zu ungef\u00e4hr 19 kHz hinaus , was ihn zu einer \u00b4\u00b4full range\u00b4\u00b4 6,5\u00b4\u00b4 bass Einheit macht , die leicht mit einer Anzahl von Tweeters in ein 2 weg System zu kombiniert werden kann , oder auch genauso gut als Single Unit zu gebrauchen ist (ein 2 weg System ist aber zu empfehlen).<\/p>\n<p>In Kombination mit unserem neuen E 60 k\u00f6nnen Sie zahlreiche Crossover Variationen von 120 bis 2,5 kHz bekommen. Warum dann nicht z.B. eine lineare Anordnung von 4 , 9 oder sogar besser 16 x E 60 Einheiten anbauen versuchen? Wir haben die Doppelspule erhalten und Qt niedriger (0,46 bei 8 Ohm ) gestellt. F\u00fcr den fortgeschrittener Kenner schenkt die Doppelspule eine Anzahl von Optionen , erstens durch Anschlie\u00dfen der zwei Spulen in serieller oder paralleler Weise (16,8 oder 32 Ohm) , oder auch durch Anschlie\u00dfen von multiplen Antrieben von 2 bis zu unendlich vielen linearen Anordnungen. Beim Anschlie\u00dfen z.B. von einer Spule mit einem Widerstand , Sie k\u00f6nnen noch weitere Variationen unter Kontrolle von Q bekommen(Qts wird sich bis ca die H\u00e4lfte herabsetzen bei einfachem Anschlie\u00dfen der zweiten Spule).<\/p>\n<p>E 130 gibt es ab jetzt mit individuellen Parametereinstellungen , die in jeder Packung enthalten sind.<\/p>\n<h2>SPEZIFIKATIONEN<\/h2>\n<\/div>\n<div>\n<table border=\"1\" cellspacing=\"0\" cellpadding=\"0\">\n<tbody>\n<tr>\n<td valign=\"top\" width=\"189\"><b>Thiele\/Small Parameters, 1 coil (16 ohm)<\/b>\u201dTitle: Measured Parameters\u201d\u201dMethod: Fixed-Mmd (11.000 grams)\u201d\u201dDCR mode: Fixed (12.20 ohms)\u201d<\/p>\n<p>\u201dArea (Sd): 138.93 sq cm\u201d<\/p>\n<p>\u201dSeries resistance: 75.00 ohms\u201d<\/p>\n<p>\u201dStimulus level: 3.83 volts\u201d<\/p>\n<p>\u201dSPLref reference impedance: 8 ohms\u201d<\/p>\n<p>\u201dLarge units (volume = liters, mass = grams)\u201d<\/p>\n<p>0.987 \u201dRMSE-free Ohms\u201d<\/p>\n<p>35 \u201dFs Hz\u201d<\/p>\n<p>12.200 \u201dRe Ohms\u201d<\/p>\n<p>48.799 \u201dRes Ohms\u201d<\/p>\n<p>3.721 \u201dQms \u201d<\/p>\n<p>0.930 \u201dQes \u201d<\/p>\n<p>0.744 \u201dQts \u201d<\/p>\n<p>0.144 \u201dL1 mH\u201d<\/p>\n<p>2.000 \u201dL2 mH\u201d<\/p>\n<p>4.030 \u201dR2 Ohms\u201d<\/p>\n<p>0.000 \u201dRMSE-load Ohms\u201d<\/p>\n<p>45.048 \u201dVas(Sd) liters\u201d<\/p>\n<p>11.927 \u201dMms(Sd) grams\u201d<\/p>\n<p>1661.746 \u201dCms(Sd) \u00e6M\/Newton\u201d<\/p>\n<p>5.928 \u201dBl(Sd) Tesla-M\u201d<\/p>\n<p>83.446 \u201dSPLref(Sd) dB \u201d<\/p>\n<p>0.007 \u201dRub-index \u201d<\/p>\n<p>X-max +\/- 6.3mm (12.6 m.m. p-p)<\/p>\n<p>Power 60W cont. 100W Max. In music<\/p>\n<p><b>\u00a0<\/b><\/td>\n<td valign=\"top\" width=\"189\"><b>Thiele\/Small Parameters, 2 coils in parallel (8 ohm)<\/b>\u201dTitle: Measured Parameters\u201d\u201dMethod: Fixed-Mmd (11.000 grams)\u201d\u201dDCR mode: Fixed (6.20 ohms)\u201d<\/p>\n<p>\u201dArea (Sd): 138.93 sq cm\u201d<\/p>\n<p>\u201dSeries resistance: 75.00 ohms\u201d<\/p>\n<p>\u201dStimulus level: 3.83 volts\u201d<\/p>\n<p>\u201dSPLref reference impedance: 8 ohms\u201d<\/p>\n<p>\u201dLarge units (volume = liters, mass = grams)\u201d<\/p>\n<p>0.890 \u201dRMSE-free Ohms\u201d<\/p>\n<p>35 \u201dFs Hz\u201d<\/p>\n<p>6.200 \u201dRe Ohms\u201d<\/p>\n<p>48.555 \u201dRes Ohms\u201d<\/p>\n<p>3.647 \u201dQms \u201d<\/p>\n<p>0.466 \u201dQes \u201d<\/p>\n<p>0.413 \u201dQts \u201d<\/p>\n<p>0.121 \u201dL1 mH\u201d<\/p>\n<p>1.816 \u201dL2 mH\u201d<\/p>\n<p>4.019 \u201dR2 Ohms\u201d<\/p>\n<p>0.000 \u201dRMSE-load Ohms\u201d<\/p>\n<p>45.607 \u201dVas(Sd) liters\u201d<\/p>\n<p>11.927 \u201dMms(Sd) grams\u201d<\/p>\n<p>1682.354 \u201dCms(Sd) \u00e6M\/Newton\u201d<\/p>\n<p>5.954 \u201dBl(Sd) Tesla-M\u201d<\/p>\n<p>89.363 \u201dSPLref(Sd) dB[8 ohms]\u201d<\/p>\n<p>0.007 \u201dRub-index \u201d<\/p>\n<p>X-max +\/- 6.3mm (12.6 m.m. p-p)<\/p>\n<p>Power 60W cont. 100W Max. In music<\/p>\n<p><b>\u00a0<\/b><\/td>\n<td valign=\"top\" width=\"189\"><b>Thiele\/Small Parameters, 2 coils series (32 Ohms)<\/b>N\/A Will come soon.X-max +\/- 6.3mm (12.6 m.m. p-p)Power 60W cont. 100W Max. In music<\/p>\n<p><b>\u00a0<\/b><\/td>\n<\/tr>\n<\/tbody>\n<\/table>\n<\/div>\n<h3>Brosch\u00fcre<\/h3>\n<p><a title=\"EAD E130\" href=\"http:\/\/porfyraaudio.com\/wp-content\/uploads\/2012\/12\/ead_e130.pdf\" target=\"_blank\" rel=\"noopener\">EAD E130<\/a>\u00a0<img loading=\"lazy\" decoding=\"async\" src=\"http:\/\/www.raalribbon.com\/images\/pdf_logomali.gif\" alt=\"\" width=\"20\" height=\"23\" border=\"0\" \/><\/p>\n<p>&nbsp;<\/p>\n<p><a href=\"http:\/\/www.eadsweden.com\/\"><img loading=\"lazy\" decoding=\"async\" src=\"http:\/\/porfyraaudio.com\/wp-content\/uploads\/2012\/11\/ead_sweden.png\" alt=\"EAD SWEDEN\" width=\"150\" height=\"92\" \/><\/a><\/p>","protected":false},"excerpt":{"rendered":"<p>E 130 ist \u00fcber ein neues face lift gelaufen. Zu erw\u00e4hnen ist hier das neue ma\u00dfgeschneiderte Alugestell. Dazu haben wir noch einen neuen Kranz , das Gewebe , den Motor und einen neuen st\u00e4rkeren Klebstoff. [&hellip;]<\/p>\n","protected":false},"author":2,"featured_media":0,"parent":10,"menu_order":20,"comment_status":"open","ping_status":"closed","template":"","meta":{"footnotes":""},"class_list":["post-103","page","type-page","status-publish","hentry"],"yoast_head":"<!-- This site is optimized with the Yoast SEO plugin v27.3 - https:\/\/yoast.com\/product\/yoast-seo-wordpress\/ -->\n<title>EAD E130 - Porfyra Audio<\/title>\n<meta name=\"robots\" content=\"index, follow, max-snippet:-1, max-image-preview:large, max-video-preview:-1\" \/>\n<link rel=\"canonical\" href=\"https:\/\/porfyraaudio.com\/products\/drive-units__trashed\/ead-e130\/\" \/>\n<meta property=\"og:locale\" content=\"de_DE\" \/>\n<meta property=\"og:type\" content=\"article\" \/>\n<meta property=\"og:title\" content=\"EAD E130 - Porfyra Audio\" \/>\n<meta property=\"og:description\" content=\"E 130 ist \u00fcber ein neues face lift gelaufen. Zu erw\u00e4hnen ist hier das neue ma\u00dfgeschneiderte Alugestell. Dazu haben wir noch einen neuen Kranz , das Gewebe , den Motor und einen neuen st\u00e4rkeren Klebstoff. [&hellip;]\" \/>\n<meta property=\"og:url\" content=\"https:\/\/porfyraaudio.com\/products\/drive-units__trashed\/ead-e130\/\" \/>\n<meta property=\"og:site_name\" content=\"Porfyra Audio\" \/>\n<meta property=\"article:publisher\" content=\"https:\/\/www.facebook.com\/porfyraaudio\" \/>\n<meta property=\"article:modified_time\" content=\"2018-11-05T11:21:29+00:00\" \/>\n<meta property=\"og:image\" content=\"https:\/\/porfyraaudio.com\/wp-content\/uploads\/2012\/12\/8372651-origpic-5375da.png\" \/>\n\t<meta property=\"og:image:width\" content=\"518\" \/>\n\t<meta property=\"og:image:height\" content=\"874\" \/>\n\t<meta property=\"og:image:type\" content=\"image\/png\" \/>\n<meta name=\"twitter:card\" content=\"summary_large_image\" \/>\n<meta name=\"twitter:label1\" content=\"Gesch\u00e4tzte Lesezeit\" \/>\n\t<meta name=\"twitter:data1\" content=\"4\u00a0Minuten\" \/>\n<script type=\"application\/ld+json\" class=\"yoast-schema-graph\">{\"@context\":\"https:\\\/\\\/schema.org\",\"@graph\":[{\"@type\":\"WebPage\",\"@id\":\"https:\\\/\\\/porfyraaudio.com\\\/products\\\/drive-units__trashed\\\/ead-e130\\\/\",\"url\":\"https:\\\/\\\/porfyraaudio.com\\\/products\\\/drive-units__trashed\\\/ead-e130\\\/\",\"name\":\"EAD E130 - Porfyra Audio\",\"isPartOf\":{\"@id\":\"https:\\\/\\\/porfyraaudio.com\\\/#website\"},\"primaryImageOfPage\":{\"@id\":\"https:\\\/\\\/porfyraaudio.com\\\/products\\\/drive-units__trashed\\\/ead-e130\\\/#primaryimage\"},\"image\":{\"@id\":\"https:\\\/\\\/porfyraaudio.com\\\/products\\\/drive-units__trashed\\\/ead-e130\\\/#primaryimage\"},\"thumbnailUrl\":\"http:\\\/\\\/porfyraaudio.com\\\/wp-content\\\/uploads\\\/2012\\\/12\\\/8372651-origpic-5375da-177x300.png\",\"datePublished\":\"2012-12-20T18:09:22+00:00\",\"dateModified\":\"2018-11-05T11:21:29+00:00\",\"breadcrumb\":{\"@id\":\"https:\\\/\\\/porfyraaudio.com\\\/products\\\/drive-units__trashed\\\/ead-e130\\\/#breadcrumb\"},\"inLanguage\":\"de\",\"potentialAction\":[{\"@type\":\"ReadAction\",\"target\":[\"https:\\\/\\\/porfyraaudio.com\\\/products\\\/drive-units__trashed\\\/ead-e130\\\/\"]}]},{\"@type\":\"ImageObject\",\"inLanguage\":\"de\",\"@id\":\"https:\\\/\\\/porfyraaudio.com\\\/products\\\/drive-units__trashed\\\/ead-e130\\\/#primaryimage\",\"url\":\"http:\\\/\\\/porfyraaudio.com\\\/wp-content\\\/uploads\\\/2012\\\/12\\\/8372651-origpic-5375da-177x300.png\",\"contentUrl\":\"http:\\\/\\\/porfyraaudio.com\\\/wp-content\\\/uploads\\\/2012\\\/12\\\/8372651-origpic-5375da-177x300.png\"},{\"@type\":\"BreadcrumbList\",\"@id\":\"https:\\\/\\\/porfyraaudio.com\\\/products\\\/drive-units__trashed\\\/ead-e130\\\/#breadcrumb\",\"itemListElement\":[{\"@type\":\"ListItem\",\"position\":1,\"name\":\"Home\",\"item\":\"https:\\\/\\\/porfyraaudio.com\\\/\"},{\"@type\":\"ListItem\",\"position\":2,\"name\":\"Products\",\"item\":\"https:\\\/\\\/porfyraaudio.com\\\/products\\\/\"},{\"@type\":\"ListItem\",\"position\":3,\"name\":\"EAD E130\"}]},{\"@type\":\"WebSite\",\"@id\":\"https:\\\/\\\/porfyraaudio.com\\\/#website\",\"url\":\"https:\\\/\\\/porfyraaudio.com\\\/\",\"name\":\"Porfyra Audio\",\"description\":\"Sound high end\",\"publisher\":{\"@id\":\"https:\\\/\\\/porfyraaudio.com\\\/#organization\"},\"alternateName\":\"Sound high end\",\"potentialAction\":[{\"@type\":\"SearchAction\",\"target\":{\"@type\":\"EntryPoint\",\"urlTemplate\":\"https:\\\/\\\/porfyraaudio.com\\\/?s={search_term_string}\"},\"query-input\":{\"@type\":\"PropertyValueSpecification\",\"valueRequired\":true,\"valueName\":\"search_term_string\"}}],\"inLanguage\":\"de\"},{\"@type\":\"Organization\",\"@id\":\"https:\\\/\\\/porfyraaudio.com\\\/#organization\",\"name\":\"Porfyra Audio\",\"alternateName\":\"Sound high end\",\"url\":\"https:\\\/\\\/porfyraaudio.com\\\/\",\"logo\":{\"@type\":\"ImageObject\",\"inLanguage\":\"de\",\"@id\":\"https:\\\/\\\/porfyraaudio.com\\\/#\\\/schema\\\/logo\\\/image\\\/\",\"url\":\"https:\\\/\\\/porfyraaudio.com\\\/wp-content\\\/uploads\\\/2023\\\/01\\\/card.jpg\",\"contentUrl\":\"https:\\\/\\\/porfyraaudio.com\\\/wp-content\\\/uploads\\\/2023\\\/01\\\/card.jpg\",\"width\":800,\"height\":500,\"caption\":\"Porfyra Audio\"},\"image\":{\"@id\":\"https:\\\/\\\/porfyraaudio.com\\\/#\\\/schema\\\/logo\\\/image\\\/\"},\"sameAs\":[\"https:\\\/\\\/www.facebook.com\\\/porfyraaudio\"]}]}<\/script>\n<!-- \/ Yoast SEO plugin. -->","yoast_head_json":{"title":"EAD E130 - Porfyra Audio","robots":{"index":"index","follow":"follow","max-snippet":"max-snippet:-1","max-image-preview":"max-image-preview:large","max-video-preview":"max-video-preview:-1"},"canonical":"https:\/\/porfyraaudio.com\/products\/drive-units__trashed\/ead-e130\/","og_locale":"de_DE","og_type":"article","og_title":"EAD E130 - Porfyra Audio","og_description":"E 130 ist \u00fcber ein neues face lift gelaufen. Zu erw\u00e4hnen ist hier das neue ma\u00dfgeschneiderte Alugestell. Dazu haben wir noch einen neuen Kranz , das Gewebe , den Motor und einen neuen st\u00e4rkeren Klebstoff. [&hellip;]","og_url":"https:\/\/porfyraaudio.com\/products\/drive-units__trashed\/ead-e130\/","og_site_name":"Porfyra Audio","article_publisher":"https:\/\/www.facebook.com\/porfyraaudio","article_modified_time":"2018-11-05T11:21:29+00:00","og_image":[{"width":518,"height":874,"url":"https:\/\/porfyraaudio.com\/wp-content\/uploads\/2012\/12\/8372651-origpic-5375da.png","type":"image\/png"}],"twitter_card":"summary_large_image","twitter_misc":{"Gesch\u00e4tzte Lesezeit":"4\u00a0Minuten"},"schema":{"@context":"https:\/\/schema.org","@graph":[{"@type":"WebPage","@id":"https:\/\/porfyraaudio.com\/products\/drive-units__trashed\/ead-e130\/","url":"https:\/\/porfyraaudio.com\/products\/drive-units__trashed\/ead-e130\/","name":"EAD E130 - Porfyra Audio","isPartOf":{"@id":"https:\/\/porfyraaudio.com\/#website"},"primaryImageOfPage":{"@id":"https:\/\/porfyraaudio.com\/products\/drive-units__trashed\/ead-e130\/#primaryimage"},"image":{"@id":"https:\/\/porfyraaudio.com\/products\/drive-units__trashed\/ead-e130\/#primaryimage"},"thumbnailUrl":"http:\/\/porfyraaudio.com\/wp-content\/uploads\/2012\/12\/8372651-origpic-5375da-177x300.png","datePublished":"2012-12-20T18:09:22+00:00","dateModified":"2018-11-05T11:21:29+00:00","breadcrumb":{"@id":"https:\/\/porfyraaudio.com\/products\/drive-units__trashed\/ead-e130\/#breadcrumb"},"inLanguage":"de","potentialAction":[{"@type":"ReadAction","target":["https:\/\/porfyraaudio.com\/products\/drive-units__trashed\/ead-e130\/"]}]},{"@type":"ImageObject","inLanguage":"de","@id":"https:\/\/porfyraaudio.com\/products\/drive-units__trashed\/ead-e130\/#primaryimage","url":"http:\/\/porfyraaudio.com\/wp-content\/uploads\/2012\/12\/8372651-origpic-5375da-177x300.png","contentUrl":"http:\/\/porfyraaudio.com\/wp-content\/uploads\/2012\/12\/8372651-origpic-5375da-177x300.png"},{"@type":"BreadcrumbList","@id":"https:\/\/porfyraaudio.com\/products\/drive-units__trashed\/ead-e130\/#breadcrumb","itemListElement":[{"@type":"ListItem","position":1,"name":"Home","item":"https:\/\/porfyraaudio.com\/"},{"@type":"ListItem","position":2,"name":"Products","item":"https:\/\/porfyraaudio.com\/products\/"},{"@type":"ListItem","position":3,"name":"EAD E130"}]},{"@type":"WebSite","@id":"https:\/\/porfyraaudio.com\/#website","url":"https:\/\/porfyraaudio.com\/","name":"Porfyra Audio","description":"Sound high end","publisher":{"@id":"https:\/\/porfyraaudio.com\/#organization"},"alternateName":"Sound high end","potentialAction":[{"@type":"SearchAction","target":{"@type":"EntryPoint","urlTemplate":"https:\/\/porfyraaudio.com\/?s={search_term_string}"},"query-input":{"@type":"PropertyValueSpecification","valueRequired":true,"valueName":"search_term_string"}}],"inLanguage":"de"},{"@type":"Organization","@id":"https:\/\/porfyraaudio.com\/#organization","name":"Porfyra Audio","alternateName":"Sound high end","url":"https:\/\/porfyraaudio.com\/","logo":{"@type":"ImageObject","inLanguage":"de","@id":"https:\/\/porfyraaudio.com\/#\/schema\/logo\/image\/","url":"https:\/\/porfyraaudio.com\/wp-content\/uploads\/2023\/01\/card.jpg","contentUrl":"https:\/\/porfyraaudio.com\/wp-content\/uploads\/2023\/01\/card.jpg","width":800,"height":500,"caption":"Porfyra Audio"},"image":{"@id":"https:\/\/porfyraaudio.com\/#\/schema\/logo\/image\/"},"sameAs":["https:\/\/www.facebook.com\/porfyraaudio"]}]}},"_links":{"self":[{"href":"https:\/\/porfyraaudio.com\/de\/wp-json\/wp\/v2\/pages\/103","targetHints":{"allow":["GET"]}}],"collection":[{"href":"https:\/\/porfyraaudio.com\/de\/wp-json\/wp\/v2\/pages"}],"about":[{"href":"https:\/\/porfyraaudio.com\/de\/wp-json\/wp\/v2\/types\/page"}],"author":[{"embeddable":true,"href":"https:\/\/porfyraaudio.com\/de\/wp-json\/wp\/v2\/users\/2"}],"replies":[{"embeddable":true,"href":"https:\/\/porfyraaudio.com\/de\/wp-json\/wp\/v2\/comments?post=103"}],"version-history":[{"count":13,"href":"https:\/\/porfyraaudio.com\/de\/wp-json\/wp\/v2\/pages\/103\/revisions"}],"predecessor-version":[{"id":606,"href":"https:\/\/porfyraaudio.com\/de\/wp-json\/wp\/v2\/pages\/103\/revisions\/606"}],"up":[{"embeddable":true,"href":"https:\/\/porfyraaudio.com\/de\/wp-json\/wp\/v2\/pages\/10"}],"wp:attachment":[{"href":"https:\/\/porfyraaudio.com\/de\/wp-json\/wp\/v2\/media?parent=103"}],"curies":[{"name":"wp","href":"https:\/\/api.w.org\/{rel}","templated":true}]}}