{"id":111,"date":"2012-12-20T18:17:25","date_gmt":"2012-12-20T18:17:25","guid":{"rendered":"http:\/\/porfyraaudio.com\/?page_id=111"},"modified":"2018-11-05T11:23:08","modified_gmt":"2018-11-05T11:23:08","slug":"ead-e60","status":"publish","type":"page","link":"https:\/\/porfyraaudio.com\/de\/products\/ead-e60\/","title":{"rendered":"EAD E60"},"content":{"rendered":"<p><\/p>\n<div id=\"articleText\">\n<p><a href=\"http:\/\/porfyraaudio.com\/wp-content\/uploads\/2012\/12\/8372645-origpic-2f1afb.png_0_0_100_100_300_446_75.png\"><img loading=\"lazy\" decoding=\"async\" class=\"alignleft size-medium wp-image-231\" src=\"http:\/\/porfyraaudio.com\/wp-content\/uploads\/2012\/12\/8372645-origpic-2f1afb.png_0_0_100_100_300_446_75-201x300.png\" alt=\" EAD E60\" width=\"201\" height=\"300\" srcset=\"https:\/\/porfyraaudio.com\/wp-content\/uploads\/2012\/12\/8372645-origpic-2f1afb.png_0_0_100_100_300_446_75-201x300.png 201w, https:\/\/porfyraaudio.com\/wp-content\/uploads\/2012\/12\/8372645-origpic-2f1afb.png_0_0_100_100_300_446_75.png 300w\" sizes=\"auto, (max-width: 201px) 100vw, 201px\" \/><\/a><\/p>\n<p>Wir freuen uns Ihnen den neuen E 60 vorzustellen , eine total \u00fcberarbeitete Einheit! Alles au\u00dfer Konus und Rand hat sich hier ge\u00e4ndert , trotzdem aber haben wir ihn sehr konkurenzf\u00e4hig\u00a0\u00a0 in Vergleich mit dem Vorg\u00e4ngermodel gemacht , also w\u00e4re dann vielleicht diese Veredelung nicht so ganz der Rede wert. Wir haben die gleichen Abmessungen gehalten , den R\u00fcckenmagneten aber gegen eine flache Magnetausf\u00fchrung ersetzt. Eine vorsichtig auserw\u00e4hlte Membran hat uns fast die gleiche niedrige FS wie bei ferro fl\u00fc\u00dfig gegeben , hat sich aber mit dem neuen Motor (ferrit\/NEO combo) auf gut \u00fcber 30 kHz ausgedehnt , was h\u00f6hst wahrscheinlich die breiteste \u00b4\u00b4Rang 2\u00b4\u00b4 Einheit auf dem Markt macht. X-max hat sich auf +\/- 2,1 mm erh\u00f6ht.<\/p>\n<p>Die Verzerrung ist ebenso niedriger. Wir verwenden jetzt ein Geh\u00e4use aus Glasfaserverbund in einer weit offener Konstruktion , welche einen besseren Luftflu\u00df erlaubt. Die Kabelklemmen am Ausgang sind gegen silber gel\u00f6tete , welche zu neuen vergoldeten Anschl\u00fcssen h\u00f6chster Qualit\u00e4t f\u00fchren, ersetzt . Die Empfindlichkeit liegt zum Teil durch das neue Motorsystem und durch ein wenig kleiner Impedanz , da der Antrieb eine 4 Ohm Einheit ist , auch h\u00f6her. Der Lautsprecher ist bei EAD Schweden AB , <a href=\"http:\/\/www.eadsweden.com\">www.eadsweden.com<\/a> , <a href=\"mailto:info@eadsweden.com\">info@eadsweden.com<\/a> hergestellt. Der E 60 verf\u00fcgt \u00fcber einen Metallkonus , der ihm den Bereich 95 Hz auf bis 30kHz m\u00fchelos zu decken erlaubt.<\/p>\n<p>Die Resonanzfrequenz , welche auf 95 Hz liegt , erlaubt einer Einheit mit 1,2-2,0 lt vollgeschlossenem Geh\u00e4use , die Basis f\u00fcr ein hervorragendes , satelliten \/sub-bass System in Kombination mit einem E 130 oder E 170 darzustellen. Der E 60 Antrieb k\u00f6nnte vielleicht auch in einer multiplen Anordnung mit Unterst\u00fctzung des rechteckigen Geh\u00e4uses eingesetzt werden. Ein solches vertikales , lineares Anordnungssystem kann eine so spannende Wiederschaffung lebendiger B\u00fchnenrealit\u00e4t anschaffen wie dies nie zuvor erreicht worden war. Wenn diese in 4 , 9 oder 16 Einheiten gruppiert werden , dann kann die Anfangsimpedanz unver\u00e4ndert erhalten bleiben.<\/p>\n<p>Mehr Infos werden in unserem PDF System in kurzer Zeit erh\u00e4ltlich sein.<\/p>\n<p>Den E 60 gibt es ab jetzt mit individuellen Parametereinstellungen , die in jeder Packung enthalten sind.<\/p>\n<h2>SPEZIFIKATIONEN<\/h2>\n<ul>\n<li>Thiele\/Klein Parameter 4 Ohm<\/li>\n<li>Methode: Fest-Mmd (1,708 gr)<\/li>\n<li>OCR mode: Fest (3,31 Ohm)<\/li>\n<li>Fl\u00e4che (Sd): 26,42 qcm<\/li>\n<li>Serieller Widerstand: 75,00 Ohm<\/li>\n<li>Stimulierniveau: 3,83 V<\/li>\n<li>SPL Referenzimpedanz: 8 Ohm<\/li>\n<li>Einheiten: (Volumen in Liter , Gewicht in Gram)<\/li>\n<li>94,532 Fs Rz<\/li>\n<li>3,310 Re Ohm<\/li>\n<li>11,813 Res Ohm<\/li>\n<li>2,70 Qms<\/li>\n<li>0,71 Qes<\/li>\n<li>0,56 Qts<\/li>\n<li>0,05 L1 mR<\/li>\n<li>0,09 L2 mH<\/li>\n<li>1,56 Vas (Sd) Liter<\/li>\n<li>1,692 MIns (Sd) Gram<\/li>\n<li>1.588 Cms (Sd) ceM\/Newton<\/li>\n<li>2,21 B1 (Sd) Tesla-M<\/li>\n<li>88,31 SPL ref (Sd) dB 8 Ohm<\/li>\n<li>X-max +\/- 2,1 mm (4,2 mm p-p)<\/li>\n<li>Leistung: 10 W cont. 15 W max in Musik<\/li>\n<\/ul>\n<\/div>\n<h3>Brosch\u00fcre<\/h3>\n<p><a title=\"EAD E60\" href=\"http:\/\/porfyraaudio.com\/wp-content\/uploads\/2012\/12\/ead_e60.pdf\" target=\"_blank\" rel=\"noopener\">EAD E60<\/a>\u00a0<img loading=\"lazy\" decoding=\"async\" src=\"http:\/\/www.raalribbon.com\/images\/pdf_logomali.gif\" alt=\"\" width=\"20\" height=\"23\" border=\"0\" \/><\/p>\n<p>&nbsp;<\/p>\n<p><a href=\"http:\/\/www.eadsweden.com\/\"><img loading=\"lazy\" decoding=\"async\" src=\"http:\/\/porfyraaudio.com\/wp-content\/uploads\/2012\/11\/ead_sweden.png\" alt=\"EAD SWEDEN\" width=\"150\" height=\"92\" \/><\/a><\/p>","protected":false},"excerpt":{"rendered":"<p>Wir freuen uns Ihnen den neuen E 60 vorzustellen , eine total \u00fcberarbeitete Einheit! Alles au\u00dfer Konus und Rand hat sich hier ge\u00e4ndert , trotzdem aber haben wir ihn sehr konkurenzf\u00e4hig\u00a0\u00a0 in Vergleich mit dem [&hellip;]<\/p>\n","protected":false},"author":2,"featured_media":0,"parent":10,"menu_order":30,"comment_status":"open","ping_status":"closed","template":"","meta":{"footnotes":""},"class_list":["post-111","page","type-page","status-publish","hentry"],"yoast_head":"<!-- This site is optimized with the Yoast SEO plugin v27.3 - https:\/\/yoast.com\/product\/yoast-seo-wordpress\/ -->\n<title>EAD E60 - Porfyra Audio<\/title>\n<meta name=\"robots\" content=\"index, follow, max-snippet:-1, max-image-preview:large, max-video-preview:-1\" \/>\n<link rel=\"canonical\" href=\"https:\/\/porfyraaudio.com\/products\/drive-units__trashed\/ead-e60\/\" \/>\n<meta property=\"og:locale\" content=\"de_DE\" \/>\n<meta property=\"og:type\" content=\"article\" \/>\n<meta property=\"og:title\" content=\"EAD E60 - Porfyra Audio\" \/>\n<meta property=\"og:description\" content=\"Wir freuen uns Ihnen den neuen E 60 vorzustellen , eine total \u00fcberarbeitete Einheit! Alles au\u00dfer Konus und Rand hat sich hier ge\u00e4ndert , trotzdem aber haben wir ihn sehr konkurenzf\u00e4hig\u00a0\u00a0 in Vergleich mit dem [&hellip;]\" \/>\n<meta property=\"og:url\" content=\"https:\/\/porfyraaudio.com\/products\/drive-units__trashed\/ead-e60\/\" \/>\n<meta property=\"og:site_name\" content=\"Porfyra Audio\" \/>\n<meta property=\"article:publisher\" content=\"https:\/\/www.facebook.com\/porfyraaudio\" \/>\n<meta property=\"article:modified_time\" content=\"2018-11-05T11:23:08+00:00\" \/>\n<meta property=\"og:image\" content=\"https:\/\/porfyraaudio.com\/wp-content\/uploads\/2012\/12\/8372645-origpic-2f1afb.png_0_0_100_100_300_446_75.png\" \/>\n\t<meta property=\"og:image:width\" content=\"300\" \/>\n\t<meta property=\"og:image:height\" content=\"446\" \/>\n\t<meta property=\"og:image:type\" content=\"image\/png\" \/>\n<meta name=\"twitter:card\" content=\"summary_large_image\" \/>\n<meta name=\"twitter:label1\" content=\"Gesch\u00e4tzte Lesezeit\" \/>\n\t<meta name=\"twitter:data1\" content=\"4\u00a0Minuten\" \/>\n<script type=\"application\/ld+json\" class=\"yoast-schema-graph\">{\"@context\":\"https:\\\/\\\/schema.org\",\"@graph\":[{\"@type\":\"WebPage\",\"@id\":\"https:\\\/\\\/porfyraaudio.com\\\/products\\\/drive-units__trashed\\\/ead-e60\\\/\",\"url\":\"https:\\\/\\\/porfyraaudio.com\\\/products\\\/drive-units__trashed\\\/ead-e60\\\/\",\"name\":\"EAD E60 - Porfyra Audio\",\"isPartOf\":{\"@id\":\"https:\\\/\\\/porfyraaudio.com\\\/#website\"},\"primaryImageOfPage\":{\"@id\":\"https:\\\/\\\/porfyraaudio.com\\\/products\\\/drive-units__trashed\\\/ead-e60\\\/#primaryimage\"},\"image\":{\"@id\":\"https:\\\/\\\/porfyraaudio.com\\\/products\\\/drive-units__trashed\\\/ead-e60\\\/#primaryimage\"},\"thumbnailUrl\":\"http:\\\/\\\/porfyraaudio.com\\\/wp-content\\\/uploads\\\/2012\\\/12\\\/8372645-origpic-2f1afb.png_0_0_100_100_300_446_75-201x300.png\",\"datePublished\":\"2012-12-20T18:17:25+00:00\",\"dateModified\":\"2018-11-05T11:23:08+00:00\",\"breadcrumb\":{\"@id\":\"https:\\\/\\\/porfyraaudio.com\\\/products\\\/drive-units__trashed\\\/ead-e60\\\/#breadcrumb\"},\"inLanguage\":\"de\",\"potentialAction\":[{\"@type\":\"ReadAction\",\"target\":[\"https:\\\/\\\/porfyraaudio.com\\\/products\\\/drive-units__trashed\\\/ead-e60\\\/\"]}]},{\"@type\":\"ImageObject\",\"inLanguage\":\"de\",\"@id\":\"https:\\\/\\\/porfyraaudio.com\\\/products\\\/drive-units__trashed\\\/ead-e60\\\/#primaryimage\",\"url\":\"http:\\\/\\\/porfyraaudio.com\\\/wp-content\\\/uploads\\\/2012\\\/12\\\/8372645-origpic-2f1afb.png_0_0_100_100_300_446_75-201x300.png\",\"contentUrl\":\"http:\\\/\\\/porfyraaudio.com\\\/wp-content\\\/uploads\\\/2012\\\/12\\\/8372645-origpic-2f1afb.png_0_0_100_100_300_446_75-201x300.png\"},{\"@type\":\"BreadcrumbList\",\"@id\":\"https:\\\/\\\/porfyraaudio.com\\\/products\\\/drive-units__trashed\\\/ead-e60\\\/#breadcrumb\",\"itemListElement\":[{\"@type\":\"ListItem\",\"position\":1,\"name\":\"Home\",\"item\":\"https:\\\/\\\/porfyraaudio.com\\\/\"},{\"@type\":\"ListItem\",\"position\":2,\"name\":\"Products\",\"item\":\"https:\\\/\\\/porfyraaudio.com\\\/products\\\/\"},{\"@type\":\"ListItem\",\"position\":3,\"name\":\"EAD E60\"}]},{\"@type\":\"WebSite\",\"@id\":\"https:\\\/\\\/porfyraaudio.com\\\/#website\",\"url\":\"https:\\\/\\\/porfyraaudio.com\\\/\",\"name\":\"Porfyra Audio\",\"description\":\"Sound high end\",\"publisher\":{\"@id\":\"https:\\\/\\\/porfyraaudio.com\\\/#organization\"},\"alternateName\":\"Sound high end\",\"potentialAction\":[{\"@type\":\"SearchAction\",\"target\":{\"@type\":\"EntryPoint\",\"urlTemplate\":\"https:\\\/\\\/porfyraaudio.com\\\/?s={search_term_string}\"},\"query-input\":{\"@type\":\"PropertyValueSpecification\",\"valueRequired\":true,\"valueName\":\"search_term_string\"}}],\"inLanguage\":\"de\"},{\"@type\":\"Organization\",\"@id\":\"https:\\\/\\\/porfyraaudio.com\\\/#organization\",\"name\":\"Porfyra Audio\",\"alternateName\":\"Sound high end\",\"url\":\"https:\\\/\\\/porfyraaudio.com\\\/\",\"logo\":{\"@type\":\"ImageObject\",\"inLanguage\":\"de\",\"@id\":\"https:\\\/\\\/porfyraaudio.com\\\/#\\\/schema\\\/logo\\\/image\\\/\",\"url\":\"https:\\\/\\\/porfyraaudio.com\\\/wp-content\\\/uploads\\\/2023\\\/01\\\/card.jpg\",\"contentUrl\":\"https:\\\/\\\/porfyraaudio.com\\\/wp-content\\\/uploads\\\/2023\\\/01\\\/card.jpg\",\"width\":800,\"height\":500,\"caption\":\"Porfyra Audio\"},\"image\":{\"@id\":\"https:\\\/\\\/porfyraaudio.com\\\/#\\\/schema\\\/logo\\\/image\\\/\"},\"sameAs\":[\"https:\\\/\\\/www.facebook.com\\\/porfyraaudio\"]}]}<\/script>\n<!-- \/ Yoast SEO plugin. -->","yoast_head_json":{"title":"EAD E60 - Porfyra Audio","robots":{"index":"index","follow":"follow","max-snippet":"max-snippet:-1","max-image-preview":"max-image-preview:large","max-video-preview":"max-video-preview:-1"},"canonical":"https:\/\/porfyraaudio.com\/products\/drive-units__trashed\/ead-e60\/","og_locale":"de_DE","og_type":"article","og_title":"EAD E60 - Porfyra Audio","og_description":"Wir freuen uns Ihnen den neuen E 60 vorzustellen , eine total \u00fcberarbeitete Einheit! Alles au\u00dfer Konus und Rand hat sich hier ge\u00e4ndert , trotzdem aber haben wir ihn sehr konkurenzf\u00e4hig\u00a0\u00a0 in Vergleich mit dem [&hellip;]","og_url":"https:\/\/porfyraaudio.com\/products\/drive-units__trashed\/ead-e60\/","og_site_name":"Porfyra Audio","article_publisher":"https:\/\/www.facebook.com\/porfyraaudio","article_modified_time":"2018-11-05T11:23:08+00:00","og_image":[{"width":300,"height":446,"url":"https:\/\/porfyraaudio.com\/wp-content\/uploads\/2012\/12\/8372645-origpic-2f1afb.png_0_0_100_100_300_446_75.png","type":"image\/png"}],"twitter_card":"summary_large_image","twitter_misc":{"Gesch\u00e4tzte Lesezeit":"4\u00a0Minuten"},"schema":{"@context":"https:\/\/schema.org","@graph":[{"@type":"WebPage","@id":"https:\/\/porfyraaudio.com\/products\/drive-units__trashed\/ead-e60\/","url":"https:\/\/porfyraaudio.com\/products\/drive-units__trashed\/ead-e60\/","name":"EAD E60 - Porfyra Audio","isPartOf":{"@id":"https:\/\/porfyraaudio.com\/#website"},"primaryImageOfPage":{"@id":"https:\/\/porfyraaudio.com\/products\/drive-units__trashed\/ead-e60\/#primaryimage"},"image":{"@id":"https:\/\/porfyraaudio.com\/products\/drive-units__trashed\/ead-e60\/#primaryimage"},"thumbnailUrl":"http:\/\/porfyraaudio.com\/wp-content\/uploads\/2012\/12\/8372645-origpic-2f1afb.png_0_0_100_100_300_446_75-201x300.png","datePublished":"2012-12-20T18:17:25+00:00","dateModified":"2018-11-05T11:23:08+00:00","breadcrumb":{"@id":"https:\/\/porfyraaudio.com\/products\/drive-units__trashed\/ead-e60\/#breadcrumb"},"inLanguage":"de","potentialAction":[{"@type":"ReadAction","target":["https:\/\/porfyraaudio.com\/products\/drive-units__trashed\/ead-e60\/"]}]},{"@type":"ImageObject","inLanguage":"de","@id":"https:\/\/porfyraaudio.com\/products\/drive-units__trashed\/ead-e60\/#primaryimage","url":"http:\/\/porfyraaudio.com\/wp-content\/uploads\/2012\/12\/8372645-origpic-2f1afb.png_0_0_100_100_300_446_75-201x300.png","contentUrl":"http:\/\/porfyraaudio.com\/wp-content\/uploads\/2012\/12\/8372645-origpic-2f1afb.png_0_0_100_100_300_446_75-201x300.png"},{"@type":"BreadcrumbList","@id":"https:\/\/porfyraaudio.com\/products\/drive-units__trashed\/ead-e60\/#breadcrumb","itemListElement":[{"@type":"ListItem","position":1,"name":"Home","item":"https:\/\/porfyraaudio.com\/"},{"@type":"ListItem","position":2,"name":"Products","item":"https:\/\/porfyraaudio.com\/products\/"},{"@type":"ListItem","position":3,"name":"EAD E60"}]},{"@type":"WebSite","@id":"https:\/\/porfyraaudio.com\/#website","url":"https:\/\/porfyraaudio.com\/","name":"Porfyra Audio","description":"Sound high end","publisher":{"@id":"https:\/\/porfyraaudio.com\/#organization"},"alternateName":"Sound high end","potentialAction":[{"@type":"SearchAction","target":{"@type":"EntryPoint","urlTemplate":"https:\/\/porfyraaudio.com\/?s={search_term_string}"},"query-input":{"@type":"PropertyValueSpecification","valueRequired":true,"valueName":"search_term_string"}}],"inLanguage":"de"},{"@type":"Organization","@id":"https:\/\/porfyraaudio.com\/#organization","name":"Porfyra Audio","alternateName":"Sound high end","url":"https:\/\/porfyraaudio.com\/","logo":{"@type":"ImageObject","inLanguage":"de","@id":"https:\/\/porfyraaudio.com\/#\/schema\/logo\/image\/","url":"https:\/\/porfyraaudio.com\/wp-content\/uploads\/2023\/01\/card.jpg","contentUrl":"https:\/\/porfyraaudio.com\/wp-content\/uploads\/2023\/01\/card.jpg","width":800,"height":500,"caption":"Porfyra Audio"},"image":{"@id":"https:\/\/porfyraaudio.com\/#\/schema\/logo\/image\/"},"sameAs":["https:\/\/www.facebook.com\/porfyraaudio"]}]}},"_links":{"self":[{"href":"https:\/\/porfyraaudio.com\/de\/wp-json\/wp\/v2\/pages\/111","targetHints":{"allow":["GET"]}}],"collection":[{"href":"https:\/\/porfyraaudio.com\/de\/wp-json\/wp\/v2\/pages"}],"about":[{"href":"https:\/\/porfyraaudio.com\/de\/wp-json\/wp\/v2\/types\/page"}],"author":[{"embeddable":true,"href":"https:\/\/porfyraaudio.com\/de\/wp-json\/wp\/v2\/users\/2"}],"replies":[{"embeddable":true,"href":"https:\/\/porfyraaudio.com\/de\/wp-json\/wp\/v2\/comments?post=111"}],"version-history":[{"count":12,"href":"https:\/\/porfyraaudio.com\/de\/wp-json\/wp\/v2\/pages\/111\/revisions"}],"predecessor-version":[{"id":607,"href":"https:\/\/porfyraaudio.com\/de\/wp-json\/wp\/v2\/pages\/111\/revisions\/607"}],"up":[{"embeddable":true,"href":"https:\/\/porfyraaudio.com\/de\/wp-json\/wp\/v2\/pages\/10"}],"wp:attachment":[{"href":"https:\/\/porfyraaudio.com\/de\/wp-json\/wp\/v2\/media?parent=111"}],"curies":[{"name":"wp","href":"https:\/\/api.w.org\/{rel}","templated":true}]}}