{"id":119,"date":"2012-12-20T18:25:34","date_gmt":"2012-12-20T18:25:34","guid":{"rendered":"http:\/\/porfyraaudio.com\/?page_id=119"},"modified":"2018-11-05T11:24:22","modified_gmt":"2018-11-05T11:24:22","slug":"ead-e170","status":"publish","type":"page","link":"https:\/\/porfyraaudio.com\/de\/products\/ead-e170\/","title":{"rendered":"EAD E170"},"content":{"rendered":"<p><a href=\"http:\/\/porfyraaudio.com\/wp-content\/uploads\/2012\/12\/ead_e170.png\"><img loading=\"lazy\" decoding=\"async\" class=\"alignleft size-medium wp-image-235\" src=\"http:\/\/porfyraaudio.com\/wp-content\/uploads\/2012\/12\/ead_e170-185x300.png\" alt=\" EAD E170\" width=\"185\" height=\"300\" srcset=\"https:\/\/porfyraaudio.com\/wp-content\/uploads\/2012\/12\/ead_e170-185x300.png 185w, https:\/\/porfyraaudio.com\/wp-content\/uploads\/2012\/12\/ead_e170.png 300w\" sizes=\"auto, (max-width: 185px) 100vw, 185px\" \/><\/a><\/p>\n<p>Nichts ist so gut das nicht besser gemacht werden kann! Der EAD 170 ist jetzt nach seiner zweiten Sch\u00f6nheitspflege erh\u00e4ltlich. Mehr zu betonen hier ist das neue ma\u00dfgeschneiderte Aluminiumgestell . Wir haben noch dazu einen neuen Rahmen , eine Membrane und einen neuen st\u00e4rkeren Kleber zu pr\u00e4sentieren. All dies hat zu einer Konstruktion gef\u00fchrt die einen erh\u00f6hten \u00b4\u00b4Mi\u00dfbrauch\u00b4\u00b4 und mehr linearem Benehmen erlaubt. Der E 170 geht noch tiefer bis 24 Hz und dehnt sich bis rund 15 kHz aus , was ihn zu einer sehr breiten Basseinheit macht , die leicht mit einer Anzahl von Tweeter in einem Zweiwegsystem kombiniert werden kann. Man kann in Kombination mit unserem neuen E 60 zahlreiche Crossover Optionen von 120 bis 2,5 kHz bekommen. Versuchen Sie einfach eine lineare Anordnung z.B. von 4 , 9 oder doch 16 x E 60 Einheiten anzuschlie\u00dfen. Wir haben die Doppelspule unver\u00e4ndert erhalten und gleichzeitig Qt niedriger gemacht (0,437 bei 8 Ohm) . F\u00fcr den fortgeschrittenen Kenner , gibt die Doppelspule eine Anzahl von Optionen , erstens\u00a0Anschlie\u00dfen der zwei Spulen in einer auf seriellem oder parallelem Weg (16,32 oder 8 Ohm ) , oder auch Anschlie\u00dfen multipler Antriebe von 2 bis zu mehreren linearen Anordnungen. Beim Br\u00fccken z. B. einer Spule mit einem Widerstand man kann weitere Optionen unter Kontrolle von Q erhalten (Qts geht runter fast auf die H\u00e4lfte wenn man einfach die zweite Spule dazu br\u00fcckt).<\/p>\n<p>Den E 170 gibt es ab jetzt mit individuellen Parametereinstellungen , die in jeder Packung enthalten sind.<\/p>\n<h3>SPEZIFIKATIONEN<\/h3>\n<table border=\"1\" cellspacing=\"0\" cellpadding=\"0\">\n<tbody>\n<tr>\n<td valign=\"top\" width=\"189\"><b>Thiele\/Small Parameters, 1 coil (16 ohm)<\/b>\u201dMethod: Fixed-Mmd (23.670 grams)\u201d\u201dOCR mode: Fixed (12.51 ohms)\u201d\u201dArea (Sd): 224.32 sq cm\u201dMLSSA: Frequency Domain\u201dSeries resistance: 75.00 ohms\u201d<\/p>\n<p>\u201dStimulus level: 3.83 volts\u201d<\/p>\n<p>\u201dSPLref reference\u00b7impedance: 8 ohms\u201d<\/p>\n<p>\u201dLarge units (volume = liters, mass = grams)\u201d<\/p>\n<p>0.584 \u201dRMSE-free Ohms\u201d<\/p>\n<p>24.281 \u201dFs Hz\u201d<\/p>\n<p>12.510 \u201dRe Ohms\u201d<\/p>\n<p>51.535 \u201dRes Ohms\u201d<\/p>\n<p>4.014 \u201dQms\u201d<\/p>\n<p>0.974 \u201dQes\u201d<\/p>\n<p>0.784 \u201dQts \u201d<\/p>\n<p>0.465 \u201dL1 mH\u201d<\/p>\n<p>0.752 \u201dL2 mH\u201d<\/p>\n<p>8.303 \u201dR2 Ohms\u201d<\/p>\n<p>0.000 \u201dRMSE-load Ohms\u201d<\/p>\n<p>118.747 \u201dVas(Sd) liters\u201d<\/p>\n<p>25.571 \u201dMms (Sd) grams\u201d<\/p>\n<p>1680.215 \u201dCms(Sd) iEM\/Newton\u201d<\/p>\n<p>7.077 \u201dBl(Sd) Tesla-M\u201d<\/p>\n<p>82.304 \u201dSPLref(Sd) dB<\/p>\n<p>0.003 \u201dRub-index \u201d<\/p>\n<p>X-max +\/- 7.8mm (15.6mm p-p)<\/p>\n<p>Power 60W cont. 100W Max. In music<\/p>\n<p><b>\u00a0<\/b><\/td>\n<td valign=\"top\" width=\"189\"><b>Thiele\/Small Parameters, 2 coils in parallel (8 ohm)<\/b>\u201dMethod: Fixed-Mmd (23.670 grams)\u201d\u201dOCR mode: Fixed (6.29 ohms)\u201d\u201dArea (Sd): 224.32 sq cm\u201dMLSSA: Frequency Domain\u201dSeries resistance: 75.00 ohms\u201d<\/p>\n<p>\u201dStimulus level: 3.83 volts\u201d<\/p>\n<p>\u201dSPLref reference impedance: 8 ohms\u201d<\/p>\n<p>\u201dLarge units (volume = liters, mass = grams)\u201d<\/p>\n<p>0.533 \u201dRMSE-free Ohms\u201d \u2019<\/p>\n<p>24.484 \u201dFs Hz\u201d<\/p>\n<p>6.290 \u201dRe Ohms\u201d<\/p>\n<p>53.167 \u201dRes Ohms\u201d<\/p>\n<p>4.131 \u201dQms\u201d<\/p>\n<p>0.489 \u201dQes\u201d<\/p>\n<p>0.437 \u201dQts \u201d<\/p>\n<p>0.460 \u201dLl mH\u201d<\/p>\n<p>0.764 \u201dL2 mH\u201d<\/p>\n<p>8.523 \u201dR2 Ohms\u201d<\/p>\n<p>0.000 \u201dRMSE-load Ohms\u201d<\/p>\n<p>116.781 \u201dVas(Sd) liters\u201d<\/p>\n<p>25.571 \u201dMms(Sd) grams\u201d<\/p>\n<p>1652.402 \u201dCms(Sd) CEM\/Newton\u201d<\/p>\n<p>7.115 \u201dBl(Sd) Tesla-M\u201d<\/p>\n<p>88.323 \u201dSPLref(Sd) dB \u201d<\/p>\n<p>0.003 \u201dRub-index \u201d<\/p>\n<p>X-max +\/- 7.8mm (15.6mm p-p)<\/p>\n<p>Power 60W cont. 100W Max. In music<\/p>\n<p><b>\u00a0<\/b><\/td>\n<td valign=\"top\" width=\"189\"><b>Thiele\/Small Parameters, 2 coils series (32 Ohms)<\/b>\u201dMethod: Fixed-Mmd (23.670 grams)\u201d\u201dOCR mode: Fixed (25.20 ohms)\u201d\u201dArea (Sd): 224.32 sq cm\u201dMLSSA: Frequency Domain\u201dSeries resistance: 75.00 ohms\u201d<\/p>\n<p>\u201dStimulus level: 3.83 volts\u201d<\/p>\n<p>\u201dSPLref reference impedance: 8 ohms\u201d<\/p>\n<p>\u201dLarge units (volume = liters, mass = grams)\u201d<\/p>\n<p>2.269 \u201dRMSE-free Ohms\u201d<\/p>\n<p>24.196 \u201dFs Hz\u201d<\/p>\n<p>\u201925.200 \u201dRe Ohms\u201d<\/p>\n<p>209.011 \u201dRes Ohms\u201d<\/p>\n<p>3.970 \u201dQms \u201d<\/p>\n<p>0.479 \u201dQes \u201d<\/p>\n<p>0.427 \u201dQts \u201d<\/p>\n<p>1.826 \u201dL1 mH\u201d<\/p>\n<p>3.080 \u201dL2 mH\u201d<\/p>\n<p>34.689 \u201dR2 Ohms\u201d<\/p>\n<p>0.000 \u201dRMSE-Ioad Ohms\u201d<\/p>\n<p>119.582 \u201dVas (Sd) liters\u201d<\/p>\n<p>25.571 \u201dMms(Sd) grams\u201d<\/p>\n<p>1692.038 \u201dCms(Sd) GEM\/Newton\u201d<\/p>\n<p>14.306 \u201dBI(Sd) Tesla-M\u201d<\/p>\n<p>82.334 \u201dSPLref(Sd) dB<\/p>\n<p>0.003 \u201dRub-index \u201d<\/p>\n<p>X-max +\/- 7.8mm (15.6mm p-p)<\/p>\n<p>Power 60W cont. 100W Max. In music<\/p>\n<p><b>\u00a0<\/b><\/td>\n<\/tr>\n<\/tbody>\n<\/table>\n<h3>Brosch\u00fcre<\/h3>\n<p><a title=\"EAD E170\" href=\"http:\/\/porfyraaudio.com\/wp-content\/uploads\/2012\/12\/8372616-a3da59-EAD_E170_v1.0.pdf\" target=\"_blank\" rel=\"noopener\">E170<\/a>\u00a0<img loading=\"lazy\" decoding=\"async\" src=\"http:\/\/www.raalribbon.com\/images\/pdf_logomali.gif\" alt=\"\" width=\"20\" height=\"23\" border=\"0\" \/><\/p>\n<p>&nbsp;<\/p>\n<p><a href=\"http:\/\/www.eadsweden.com\/\"><img loading=\"lazy\" decoding=\"async\" src=\"http:\/\/porfyraaudio.com\/wp-content\/uploads\/2012\/11\/ead_sweden.png\" alt=\"EAD SWEDEN\" width=\"150\" height=\"92\" \/><\/a><\/p>","protected":false},"excerpt":{"rendered":"<p>Nichts ist so gut das nicht besser gemacht werden kann! Der EAD 170 ist jetzt nach seiner zweiten Sch\u00f6nheitspflege erh\u00e4ltlich. Mehr zu betonen hier ist das neue ma\u00dfgeschneiderte Aluminiumgestell . Wir haben noch dazu einen [&hellip;]<\/p>\n","protected":false},"author":2,"featured_media":0,"parent":10,"menu_order":40,"comment_status":"open","ping_status":"closed","template":"","meta":{"footnotes":""},"class_list":["post-119","page","type-page","status-publish","hentry"],"yoast_head":"<!-- This site is optimized with the Yoast SEO plugin v27.3 - https:\/\/yoast.com\/product\/yoast-seo-wordpress\/ -->\n<title>EAD E170 - Porfyra Audio<\/title>\n<meta name=\"robots\" content=\"index, follow, max-snippet:-1, max-image-preview:large, max-video-preview:-1\" \/>\n<link rel=\"canonical\" href=\"https:\/\/porfyraaudio.com\/products\/drive-units__trashed\/ead-e170\/\" \/>\n<meta property=\"og:locale\" content=\"de_DE\" \/>\n<meta property=\"og:type\" content=\"article\" \/>\n<meta property=\"og:title\" content=\"EAD E170 - Porfyra Audio\" \/>\n<meta property=\"og:description\" content=\"Nichts ist so gut das nicht besser gemacht werden kann! Der EAD 170 ist jetzt nach seiner zweiten Sch\u00f6nheitspflege erh\u00e4ltlich. Mehr zu betonen hier ist das neue ma\u00dfgeschneiderte Aluminiumgestell . Wir haben noch dazu einen [&hellip;]\" \/>\n<meta property=\"og:url\" content=\"https:\/\/porfyraaudio.com\/products\/drive-units__trashed\/ead-e170\/\" \/>\n<meta property=\"og:site_name\" content=\"Porfyra Audio\" \/>\n<meta property=\"article:publisher\" content=\"https:\/\/www.facebook.com\/porfyraaudio\" \/>\n<meta property=\"article:modified_time\" content=\"2018-11-05T11:24:22+00:00\" \/>\n<meta property=\"og:image\" content=\"https:\/\/porfyraaudio.com\/wp-content\/uploads\/2012\/12\/ead_e170.png\" \/>\n\t<meta property=\"og:image:width\" content=\"300\" \/>\n\t<meta property=\"og:image:height\" content=\"486\" \/>\n\t<meta property=\"og:image:type\" content=\"image\/png\" \/>\n<meta name=\"twitter:card\" content=\"summary_large_image\" \/>\n<meta name=\"twitter:label1\" content=\"Gesch\u00e4tzte Lesezeit\" \/>\n\t<meta name=\"twitter:data1\" content=\"5\u00a0Minuten\" \/>\n<script type=\"application\/ld+json\" class=\"yoast-schema-graph\">{\"@context\":\"https:\\\/\\\/schema.org\",\"@graph\":[{\"@type\":\"WebPage\",\"@id\":\"https:\\\/\\\/porfyraaudio.com\\\/products\\\/drive-units__trashed\\\/ead-e170\\\/\",\"url\":\"https:\\\/\\\/porfyraaudio.com\\\/products\\\/drive-units__trashed\\\/ead-e170\\\/\",\"name\":\"EAD E170 - Porfyra Audio\",\"isPartOf\":{\"@id\":\"https:\\\/\\\/porfyraaudio.com\\\/#website\"},\"primaryImageOfPage\":{\"@id\":\"https:\\\/\\\/porfyraaudio.com\\\/products\\\/drive-units__trashed\\\/ead-e170\\\/#primaryimage\"},\"image\":{\"@id\":\"https:\\\/\\\/porfyraaudio.com\\\/products\\\/drive-units__trashed\\\/ead-e170\\\/#primaryimage\"},\"thumbnailUrl\":\"http:\\\/\\\/porfyraaudio.com\\\/wp-content\\\/uploads\\\/2012\\\/12\\\/ead_e170-185x300.png\",\"datePublished\":\"2012-12-20T18:25:34+00:00\",\"dateModified\":\"2018-11-05T11:24:22+00:00\",\"breadcrumb\":{\"@id\":\"https:\\\/\\\/porfyraaudio.com\\\/products\\\/drive-units__trashed\\\/ead-e170\\\/#breadcrumb\"},\"inLanguage\":\"de\",\"potentialAction\":[{\"@type\":\"ReadAction\",\"target\":[\"https:\\\/\\\/porfyraaudio.com\\\/products\\\/drive-units__trashed\\\/ead-e170\\\/\"]}]},{\"@type\":\"ImageObject\",\"inLanguage\":\"de\",\"@id\":\"https:\\\/\\\/porfyraaudio.com\\\/products\\\/drive-units__trashed\\\/ead-e170\\\/#primaryimage\",\"url\":\"http:\\\/\\\/porfyraaudio.com\\\/wp-content\\\/uploads\\\/2012\\\/12\\\/ead_e170-185x300.png\",\"contentUrl\":\"http:\\\/\\\/porfyraaudio.com\\\/wp-content\\\/uploads\\\/2012\\\/12\\\/ead_e170-185x300.png\"},{\"@type\":\"BreadcrumbList\",\"@id\":\"https:\\\/\\\/porfyraaudio.com\\\/products\\\/drive-units__trashed\\\/ead-e170\\\/#breadcrumb\",\"itemListElement\":[{\"@type\":\"ListItem\",\"position\":1,\"name\":\"Home\",\"item\":\"https:\\\/\\\/porfyraaudio.com\\\/\"},{\"@type\":\"ListItem\",\"position\":2,\"name\":\"Products\",\"item\":\"https:\\\/\\\/porfyraaudio.com\\\/products\\\/\"},{\"@type\":\"ListItem\",\"position\":3,\"name\":\"EAD E170\"}]},{\"@type\":\"WebSite\",\"@id\":\"https:\\\/\\\/porfyraaudio.com\\\/#website\",\"url\":\"https:\\\/\\\/porfyraaudio.com\\\/\",\"name\":\"Porfyra Audio\",\"description\":\"Sound high end\",\"publisher\":{\"@id\":\"https:\\\/\\\/porfyraaudio.com\\\/#organization\"},\"alternateName\":\"Sound high end\",\"potentialAction\":[{\"@type\":\"SearchAction\",\"target\":{\"@type\":\"EntryPoint\",\"urlTemplate\":\"https:\\\/\\\/porfyraaudio.com\\\/?s={search_term_string}\"},\"query-input\":{\"@type\":\"PropertyValueSpecification\",\"valueRequired\":true,\"valueName\":\"search_term_string\"}}],\"inLanguage\":\"de\"},{\"@type\":\"Organization\",\"@id\":\"https:\\\/\\\/porfyraaudio.com\\\/#organization\",\"name\":\"Porfyra Audio\",\"alternateName\":\"Sound high end\",\"url\":\"https:\\\/\\\/porfyraaudio.com\\\/\",\"logo\":{\"@type\":\"ImageObject\",\"inLanguage\":\"de\",\"@id\":\"https:\\\/\\\/porfyraaudio.com\\\/#\\\/schema\\\/logo\\\/image\\\/\",\"url\":\"https:\\\/\\\/porfyraaudio.com\\\/wp-content\\\/uploads\\\/2023\\\/01\\\/card.jpg\",\"contentUrl\":\"https:\\\/\\\/porfyraaudio.com\\\/wp-content\\\/uploads\\\/2023\\\/01\\\/card.jpg\",\"width\":800,\"height\":500,\"caption\":\"Porfyra Audio\"},\"image\":{\"@id\":\"https:\\\/\\\/porfyraaudio.com\\\/#\\\/schema\\\/logo\\\/image\\\/\"},\"sameAs\":[\"https:\\\/\\\/www.facebook.com\\\/porfyraaudio\"]}]}<\/script>\n<!-- \/ Yoast SEO plugin. -->","yoast_head_json":{"title":"EAD E170 - Porfyra Audio","robots":{"index":"index","follow":"follow","max-snippet":"max-snippet:-1","max-image-preview":"max-image-preview:large","max-video-preview":"max-video-preview:-1"},"canonical":"https:\/\/porfyraaudio.com\/products\/drive-units__trashed\/ead-e170\/","og_locale":"de_DE","og_type":"article","og_title":"EAD E170 - Porfyra Audio","og_description":"Nichts ist so gut das nicht besser gemacht werden kann! Der EAD 170 ist jetzt nach seiner zweiten Sch\u00f6nheitspflege erh\u00e4ltlich. Mehr zu betonen hier ist das neue ma\u00dfgeschneiderte Aluminiumgestell . Wir haben noch dazu einen [&hellip;]","og_url":"https:\/\/porfyraaudio.com\/products\/drive-units__trashed\/ead-e170\/","og_site_name":"Porfyra Audio","article_publisher":"https:\/\/www.facebook.com\/porfyraaudio","article_modified_time":"2018-11-05T11:24:22+00:00","og_image":[{"width":300,"height":486,"url":"https:\/\/porfyraaudio.com\/wp-content\/uploads\/2012\/12\/ead_e170.png","type":"image\/png"}],"twitter_card":"summary_large_image","twitter_misc":{"Gesch\u00e4tzte Lesezeit":"5\u00a0Minuten"},"schema":{"@context":"https:\/\/schema.org","@graph":[{"@type":"WebPage","@id":"https:\/\/porfyraaudio.com\/products\/drive-units__trashed\/ead-e170\/","url":"https:\/\/porfyraaudio.com\/products\/drive-units__trashed\/ead-e170\/","name":"EAD E170 - Porfyra Audio","isPartOf":{"@id":"https:\/\/porfyraaudio.com\/#website"},"primaryImageOfPage":{"@id":"https:\/\/porfyraaudio.com\/products\/drive-units__trashed\/ead-e170\/#primaryimage"},"image":{"@id":"https:\/\/porfyraaudio.com\/products\/drive-units__trashed\/ead-e170\/#primaryimage"},"thumbnailUrl":"http:\/\/porfyraaudio.com\/wp-content\/uploads\/2012\/12\/ead_e170-185x300.png","datePublished":"2012-12-20T18:25:34+00:00","dateModified":"2018-11-05T11:24:22+00:00","breadcrumb":{"@id":"https:\/\/porfyraaudio.com\/products\/drive-units__trashed\/ead-e170\/#breadcrumb"},"inLanguage":"de","potentialAction":[{"@type":"ReadAction","target":["https:\/\/porfyraaudio.com\/products\/drive-units__trashed\/ead-e170\/"]}]},{"@type":"ImageObject","inLanguage":"de","@id":"https:\/\/porfyraaudio.com\/products\/drive-units__trashed\/ead-e170\/#primaryimage","url":"http:\/\/porfyraaudio.com\/wp-content\/uploads\/2012\/12\/ead_e170-185x300.png","contentUrl":"http:\/\/porfyraaudio.com\/wp-content\/uploads\/2012\/12\/ead_e170-185x300.png"},{"@type":"BreadcrumbList","@id":"https:\/\/porfyraaudio.com\/products\/drive-units__trashed\/ead-e170\/#breadcrumb","itemListElement":[{"@type":"ListItem","position":1,"name":"Home","item":"https:\/\/porfyraaudio.com\/"},{"@type":"ListItem","position":2,"name":"Products","item":"https:\/\/porfyraaudio.com\/products\/"},{"@type":"ListItem","position":3,"name":"EAD E170"}]},{"@type":"WebSite","@id":"https:\/\/porfyraaudio.com\/#website","url":"https:\/\/porfyraaudio.com\/","name":"Porfyra Audio","description":"Sound high end","publisher":{"@id":"https:\/\/porfyraaudio.com\/#organization"},"alternateName":"Sound high end","potentialAction":[{"@type":"SearchAction","target":{"@type":"EntryPoint","urlTemplate":"https:\/\/porfyraaudio.com\/?s={search_term_string}"},"query-input":{"@type":"PropertyValueSpecification","valueRequired":true,"valueName":"search_term_string"}}],"inLanguage":"de"},{"@type":"Organization","@id":"https:\/\/porfyraaudio.com\/#organization","name":"Porfyra Audio","alternateName":"Sound high end","url":"https:\/\/porfyraaudio.com\/","logo":{"@type":"ImageObject","inLanguage":"de","@id":"https:\/\/porfyraaudio.com\/#\/schema\/logo\/image\/","url":"https:\/\/porfyraaudio.com\/wp-content\/uploads\/2023\/01\/card.jpg","contentUrl":"https:\/\/porfyraaudio.com\/wp-content\/uploads\/2023\/01\/card.jpg","width":800,"height":500,"caption":"Porfyra Audio"},"image":{"@id":"https:\/\/porfyraaudio.com\/#\/schema\/logo\/image\/"},"sameAs":["https:\/\/www.facebook.com\/porfyraaudio"]}]}},"_links":{"self":[{"href":"https:\/\/porfyraaudio.com\/de\/wp-json\/wp\/v2\/pages\/119","targetHints":{"allow":["GET"]}}],"collection":[{"href":"https:\/\/porfyraaudio.com\/de\/wp-json\/wp\/v2\/pages"}],"about":[{"href":"https:\/\/porfyraaudio.com\/de\/wp-json\/wp\/v2\/types\/page"}],"author":[{"embeddable":true,"href":"https:\/\/porfyraaudio.com\/de\/wp-json\/wp\/v2\/users\/2"}],"replies":[{"embeddable":true,"href":"https:\/\/porfyraaudio.com\/de\/wp-json\/wp\/v2\/comments?post=119"}],"version-history":[{"count":14,"href":"https:\/\/porfyraaudio.com\/de\/wp-json\/wp\/v2\/pages\/119\/revisions"}],"predecessor-version":[{"id":609,"href":"https:\/\/porfyraaudio.com\/de\/wp-json\/wp\/v2\/pages\/119\/revisions\/609"}],"up":[{"embeddable":true,"href":"https:\/\/porfyraaudio.com\/de\/wp-json\/wp\/v2\/pages\/10"}],"wp:attachment":[{"href":"https:\/\/porfyraaudio.com\/de\/wp-json\/wp\/v2\/media?parent=119"}],"curies":[{"name":"wp","href":"https:\/\/api.w.org\/{rel}","templated":true}]}}