{"id":126,"date":"2012-12-20T18:36:16","date_gmt":"2012-12-20T18:36:16","guid":{"rendered":"http:\/\/porfyraaudio.com\/?page_id=126"},"modified":"2018-11-05T11:27:17","modified_gmt":"2018-11-05T11:27:17","slug":"ead-e100","status":"publish","type":"page","link":"https:\/\/porfyraaudio.com\/de\/products\/ead-e100\/","title":{"rendered":"EAD E100"},"content":{"rendered":"<p><a href=\"http:\/\/porfyraaudio.com\/wp-content\/uploads\/2012\/12\/5447191-origpic-d3332d.png_0_0_100_100_300_475_75.png\"><img loading=\"lazy\" decoding=\"async\" class=\"alignleft size-medium wp-image-128\" src=\"http:\/\/porfyraaudio.com\/wp-content\/uploads\/2012\/12\/5447191-origpic-d3332d.png_0_0_100_100_300_475_75-189x300.png\" alt=\"EAD E100\" width=\"189\" height=\"300\" srcset=\"https:\/\/porfyraaudio.com\/wp-content\/uploads\/2012\/12\/5447191-origpic-d3332d.png_0_0_100_100_300_475_75-189x300.png 189w, https:\/\/porfyraaudio.com\/wp-content\/uploads\/2012\/12\/5447191-origpic-d3332d.png_0_0_100_100_300_475_75.png 300w\" sizes=\"auto, (max-width: 189px) 100vw, 189px\" \/><\/a><\/p>\n<p>Bei einem Ausbreitungsbereich von fast 9 Oktaven bietet der E 100 die weiteste Bandbreite von jeder Einzelantriebeinheit die heutzutage erh\u00e4ltlich sein kann. Dies erzeugt nicht nur eine au\u00dfergew\u00f6hnlich sanfte , hochaufgel\u00f6ste\u00a0\u00a0 , crossoverfreie Klangqualit\u00e4t , sondern erlaubt auch eine sehr ausgedehnte Reihe von Anwendungen.<\/p>\n<p>Der E 100 kann erfolgreich in allen Typen von Geh\u00e4usen verwendet werden einschlie\u00dflich ganz geschlossene oder bel\u00fcftete \u00dcbergangsanordnungen und Horn geladenen Konstruktionen. Er ist ganz besonders geeignet f\u00fcr Nahfeldmonito , hochqualitative Hi-Fi f\u00fcr den enthusiastischen Amateur , home cinemas und auch f\u00fcr Eigenkonstruktionen. Optional kann die Einheit magnetisch abgeschirmt werden , so da\u00df mehrere davon sehr nahe nebeneinander aufgestellt werden k\u00f6nnen ( die Abschirmung ist ein separater Teil und kann jederzeit nachtr\u00e4glich eingebaut werden).<\/p>\n<h3>SPEZIFIKATIONEN<\/h3>\n<ul>\n<li>15 Min. Anlaufzeit bei 9 V 50 Hz Anregspannung 3,83 V<\/li>\n<li>Freiluftresonanz FO Hz 51,0<\/li>\n<li>Q mechanisch Qm 1,86<\/li>\n<li>Q elektrisch Qe 0,69<\/li>\n<li>Q gesamt Qt 0,50<\/li>\n<li>Kraftfaktor B* 1 t*m 4,17<\/li>\n<li>DC Widerstand Re Ohm 5,53<\/li>\n<li>Dynamische Masse Md6,7 gr<\/li>\n<li>Cms M\/Newton 1.443<\/li>\n<li>Equivalentes Luftvolumen Vas Liter 12,5 lt<\/li>\n<li>Konusfl\u00e4che Sd qcm 78,5<\/li>\n<li>Klangdruckniveau SPL\u00a0\u00a0 1 m 1 w 87,3<\/li>\n<li>Min Geh\u00e4usevolumen (IB) 3,0 lt<\/li>\n<li>Leistung kontinuierlich 50 W<\/li>\n<li>Musikalische Leistung im System 100 W<\/li>\n<li>X max p-p 9,0 mm<\/li>\n<\/ul>\n<h3>Brosch\u00fcre<\/h3>\n<p><a title=\"EAD E100 Brochure\" href=\"http:\/\/porfyraaudio.com\/wp-content\/uploads\/2012\/12\/5447191-886b41-EAD_E100_v1.2.pdf\" target=\"_blank\" rel=\"noopener\">EAD E100<\/a>\u00a0<img loading=\"lazy\" decoding=\"async\" src=\"http:\/\/www.raalribbon.com\/images\/pdf_logomali.gif\" alt=\"\" width=\"20\" height=\"23\" border=\"0\" \/><\/p>\n<p><a href=\"http:\/\/www.eadsweden.com\/\"><img loading=\"lazy\" decoding=\"async\" src=\"http:\/\/porfyraaudio.com\/wp-content\/uploads\/2012\/11\/ead_sweden.png\" alt=\"EAD SWEDEN\" width=\"150\" height=\"92\" \/><\/a><\/p>","protected":false},"excerpt":{"rendered":"<p>Bei einem Ausbreitungsbereich von fast 9 Oktaven bietet der E 100 die weiteste Bandbreite von jeder Einzelantriebeinheit die heutzutage erh\u00e4ltlich sein kann. Dies erzeugt nicht nur eine au\u00dfergew\u00f6hnlich sanfte , hochaufgel\u00f6ste\u00a0\u00a0 , crossoverfreie Klangqualit\u00e4t , [&hellip;]<\/p>\n","protected":false},"author":2,"featured_media":0,"parent":10,"menu_order":50,"comment_status":"open","ping_status":"closed","template":"","meta":{"footnotes":""},"class_list":["post-126","page","type-page","status-publish","hentry"],"yoast_head":"<!-- This site is optimized with the Yoast SEO plugin v27.3 - https:\/\/yoast.com\/product\/yoast-seo-wordpress\/ -->\n<title>EAD E100 - Porfyra Audio<\/title>\n<meta name=\"robots\" content=\"index, follow, max-snippet:-1, max-image-preview:large, max-video-preview:-1\" \/>\n<link rel=\"canonical\" href=\"https:\/\/porfyraaudio.com\/products\/drive-units__trashed\/ead-e100\/\" \/>\n<meta property=\"og:locale\" content=\"de_DE\" \/>\n<meta property=\"og:type\" content=\"article\" \/>\n<meta property=\"og:title\" content=\"EAD E100 - Porfyra Audio\" \/>\n<meta property=\"og:description\" content=\"Bei einem Ausbreitungsbereich von fast 9 Oktaven bietet der E 100 die weiteste Bandbreite von jeder Einzelantriebeinheit die heutzutage erh\u00e4ltlich sein kann. Dies erzeugt nicht nur eine au\u00dfergew\u00f6hnlich sanfte , hochaufgel\u00f6ste\u00a0\u00a0 , crossoverfreie Klangqualit\u00e4t , [&hellip;]\" \/>\n<meta property=\"og:url\" content=\"https:\/\/porfyraaudio.com\/products\/drive-units__trashed\/ead-e100\/\" \/>\n<meta property=\"og:site_name\" content=\"Porfyra Audio\" \/>\n<meta property=\"article:publisher\" content=\"https:\/\/www.facebook.com\/porfyraaudio\" \/>\n<meta property=\"article:modified_time\" content=\"2018-11-05T11:27:17+00:00\" \/>\n<meta property=\"og:image\" content=\"https:\/\/porfyraaudio.com\/wp-content\/uploads\/2012\/12\/5447191-origpic-d3332d.png_0_0_100_100_300_475_75.png\" \/>\n\t<meta property=\"og:image:width\" content=\"300\" \/>\n\t<meta property=\"og:image:height\" content=\"475\" \/>\n\t<meta property=\"og:image:type\" content=\"image\/png\" \/>\n<meta name=\"twitter:card\" content=\"summary_large_image\" \/>\n<meta name=\"twitter:label1\" content=\"Gesch\u00e4tzte Lesezeit\" \/>\n\t<meta name=\"twitter:data1\" content=\"2\u00a0Minuten\" \/>\n<script type=\"application\/ld+json\" class=\"yoast-schema-graph\">{\"@context\":\"https:\\\/\\\/schema.org\",\"@graph\":[{\"@type\":\"WebPage\",\"@id\":\"https:\\\/\\\/porfyraaudio.com\\\/products\\\/drive-units__trashed\\\/ead-e100\\\/\",\"url\":\"https:\\\/\\\/porfyraaudio.com\\\/products\\\/drive-units__trashed\\\/ead-e100\\\/\",\"name\":\"EAD E100 - Porfyra Audio\",\"isPartOf\":{\"@id\":\"https:\\\/\\\/porfyraaudio.com\\\/#website\"},\"primaryImageOfPage\":{\"@id\":\"https:\\\/\\\/porfyraaudio.com\\\/products\\\/drive-units__trashed\\\/ead-e100\\\/#primaryimage\"},\"image\":{\"@id\":\"https:\\\/\\\/porfyraaudio.com\\\/products\\\/drive-units__trashed\\\/ead-e100\\\/#primaryimage\"},\"thumbnailUrl\":\"http:\\\/\\\/porfyraaudio.com\\\/wp-content\\\/uploads\\\/2012\\\/12\\\/5447191-origpic-d3332d.png_0_0_100_100_300_475_75-189x300.png\",\"datePublished\":\"2012-12-20T18:36:16+00:00\",\"dateModified\":\"2018-11-05T11:27:17+00:00\",\"breadcrumb\":{\"@id\":\"https:\\\/\\\/porfyraaudio.com\\\/products\\\/drive-units__trashed\\\/ead-e100\\\/#breadcrumb\"},\"inLanguage\":\"de\",\"potentialAction\":[{\"@type\":\"ReadAction\",\"target\":[\"https:\\\/\\\/porfyraaudio.com\\\/products\\\/drive-units__trashed\\\/ead-e100\\\/\"]}]},{\"@type\":\"ImageObject\",\"inLanguage\":\"de\",\"@id\":\"https:\\\/\\\/porfyraaudio.com\\\/products\\\/drive-units__trashed\\\/ead-e100\\\/#primaryimage\",\"url\":\"http:\\\/\\\/porfyraaudio.com\\\/wp-content\\\/uploads\\\/2012\\\/12\\\/5447191-origpic-d3332d.png_0_0_100_100_300_475_75-189x300.png\",\"contentUrl\":\"http:\\\/\\\/porfyraaudio.com\\\/wp-content\\\/uploads\\\/2012\\\/12\\\/5447191-origpic-d3332d.png_0_0_100_100_300_475_75-189x300.png\"},{\"@type\":\"BreadcrumbList\",\"@id\":\"https:\\\/\\\/porfyraaudio.com\\\/products\\\/drive-units__trashed\\\/ead-e100\\\/#breadcrumb\",\"itemListElement\":[{\"@type\":\"ListItem\",\"position\":1,\"name\":\"Home\",\"item\":\"https:\\\/\\\/porfyraaudio.com\\\/\"},{\"@type\":\"ListItem\",\"position\":2,\"name\":\"Products\",\"item\":\"https:\\\/\\\/porfyraaudio.com\\\/products\\\/\"},{\"@type\":\"ListItem\",\"position\":3,\"name\":\"EAD E100\"}]},{\"@type\":\"WebSite\",\"@id\":\"https:\\\/\\\/porfyraaudio.com\\\/#website\",\"url\":\"https:\\\/\\\/porfyraaudio.com\\\/\",\"name\":\"Porfyra Audio\",\"description\":\"Sound high end\",\"publisher\":{\"@id\":\"https:\\\/\\\/porfyraaudio.com\\\/#organization\"},\"alternateName\":\"Sound high end\",\"potentialAction\":[{\"@type\":\"SearchAction\",\"target\":{\"@type\":\"EntryPoint\",\"urlTemplate\":\"https:\\\/\\\/porfyraaudio.com\\\/?s={search_term_string}\"},\"query-input\":{\"@type\":\"PropertyValueSpecification\",\"valueRequired\":true,\"valueName\":\"search_term_string\"}}],\"inLanguage\":\"de\"},{\"@type\":\"Organization\",\"@id\":\"https:\\\/\\\/porfyraaudio.com\\\/#organization\",\"name\":\"Porfyra Audio\",\"alternateName\":\"Sound high end\",\"url\":\"https:\\\/\\\/porfyraaudio.com\\\/\",\"logo\":{\"@type\":\"ImageObject\",\"inLanguage\":\"de\",\"@id\":\"https:\\\/\\\/porfyraaudio.com\\\/#\\\/schema\\\/logo\\\/image\\\/\",\"url\":\"https:\\\/\\\/porfyraaudio.com\\\/wp-content\\\/uploads\\\/2023\\\/01\\\/card.jpg\",\"contentUrl\":\"https:\\\/\\\/porfyraaudio.com\\\/wp-content\\\/uploads\\\/2023\\\/01\\\/card.jpg\",\"width\":800,\"height\":500,\"caption\":\"Porfyra Audio\"},\"image\":{\"@id\":\"https:\\\/\\\/porfyraaudio.com\\\/#\\\/schema\\\/logo\\\/image\\\/\"},\"sameAs\":[\"https:\\\/\\\/www.facebook.com\\\/porfyraaudio\"]}]}<\/script>\n<!-- \/ Yoast SEO plugin. -->","yoast_head_json":{"title":"EAD E100 - Porfyra Audio","robots":{"index":"index","follow":"follow","max-snippet":"max-snippet:-1","max-image-preview":"max-image-preview:large","max-video-preview":"max-video-preview:-1"},"canonical":"https:\/\/porfyraaudio.com\/products\/drive-units__trashed\/ead-e100\/","og_locale":"de_DE","og_type":"article","og_title":"EAD E100 - Porfyra Audio","og_description":"Bei einem Ausbreitungsbereich von fast 9 Oktaven bietet der E 100 die weiteste Bandbreite von jeder Einzelantriebeinheit die heutzutage erh\u00e4ltlich sein kann. Dies erzeugt nicht nur eine au\u00dfergew\u00f6hnlich sanfte , hochaufgel\u00f6ste\u00a0\u00a0 , crossoverfreie Klangqualit\u00e4t , [&hellip;]","og_url":"https:\/\/porfyraaudio.com\/products\/drive-units__trashed\/ead-e100\/","og_site_name":"Porfyra Audio","article_publisher":"https:\/\/www.facebook.com\/porfyraaudio","article_modified_time":"2018-11-05T11:27:17+00:00","og_image":[{"width":300,"height":475,"url":"https:\/\/porfyraaudio.com\/wp-content\/uploads\/2012\/12\/5447191-origpic-d3332d.png_0_0_100_100_300_475_75.png","type":"image\/png"}],"twitter_card":"summary_large_image","twitter_misc":{"Gesch\u00e4tzte Lesezeit":"2\u00a0Minuten"},"schema":{"@context":"https:\/\/schema.org","@graph":[{"@type":"WebPage","@id":"https:\/\/porfyraaudio.com\/products\/drive-units__trashed\/ead-e100\/","url":"https:\/\/porfyraaudio.com\/products\/drive-units__trashed\/ead-e100\/","name":"EAD E100 - Porfyra Audio","isPartOf":{"@id":"https:\/\/porfyraaudio.com\/#website"},"primaryImageOfPage":{"@id":"https:\/\/porfyraaudio.com\/products\/drive-units__trashed\/ead-e100\/#primaryimage"},"image":{"@id":"https:\/\/porfyraaudio.com\/products\/drive-units__trashed\/ead-e100\/#primaryimage"},"thumbnailUrl":"http:\/\/porfyraaudio.com\/wp-content\/uploads\/2012\/12\/5447191-origpic-d3332d.png_0_0_100_100_300_475_75-189x300.png","datePublished":"2012-12-20T18:36:16+00:00","dateModified":"2018-11-05T11:27:17+00:00","breadcrumb":{"@id":"https:\/\/porfyraaudio.com\/products\/drive-units__trashed\/ead-e100\/#breadcrumb"},"inLanguage":"de","potentialAction":[{"@type":"ReadAction","target":["https:\/\/porfyraaudio.com\/products\/drive-units__trashed\/ead-e100\/"]}]},{"@type":"ImageObject","inLanguage":"de","@id":"https:\/\/porfyraaudio.com\/products\/drive-units__trashed\/ead-e100\/#primaryimage","url":"http:\/\/porfyraaudio.com\/wp-content\/uploads\/2012\/12\/5447191-origpic-d3332d.png_0_0_100_100_300_475_75-189x300.png","contentUrl":"http:\/\/porfyraaudio.com\/wp-content\/uploads\/2012\/12\/5447191-origpic-d3332d.png_0_0_100_100_300_475_75-189x300.png"},{"@type":"BreadcrumbList","@id":"https:\/\/porfyraaudio.com\/products\/drive-units__trashed\/ead-e100\/#breadcrumb","itemListElement":[{"@type":"ListItem","position":1,"name":"Home","item":"https:\/\/porfyraaudio.com\/"},{"@type":"ListItem","position":2,"name":"Products","item":"https:\/\/porfyraaudio.com\/products\/"},{"@type":"ListItem","position":3,"name":"EAD E100"}]},{"@type":"WebSite","@id":"https:\/\/porfyraaudio.com\/#website","url":"https:\/\/porfyraaudio.com\/","name":"Porfyra Audio","description":"Sound high end","publisher":{"@id":"https:\/\/porfyraaudio.com\/#organization"},"alternateName":"Sound high end","potentialAction":[{"@type":"SearchAction","target":{"@type":"EntryPoint","urlTemplate":"https:\/\/porfyraaudio.com\/?s={search_term_string}"},"query-input":{"@type":"PropertyValueSpecification","valueRequired":true,"valueName":"search_term_string"}}],"inLanguage":"de"},{"@type":"Organization","@id":"https:\/\/porfyraaudio.com\/#organization","name":"Porfyra Audio","alternateName":"Sound high end","url":"https:\/\/porfyraaudio.com\/","logo":{"@type":"ImageObject","inLanguage":"de","@id":"https:\/\/porfyraaudio.com\/#\/schema\/logo\/image\/","url":"https:\/\/porfyraaudio.com\/wp-content\/uploads\/2023\/01\/card.jpg","contentUrl":"https:\/\/porfyraaudio.com\/wp-content\/uploads\/2023\/01\/card.jpg","width":800,"height":500,"caption":"Porfyra Audio"},"image":{"@id":"https:\/\/porfyraaudio.com\/#\/schema\/logo\/image\/"},"sameAs":["https:\/\/www.facebook.com\/porfyraaudio"]}]}},"_links":{"self":[{"href":"https:\/\/porfyraaudio.com\/de\/wp-json\/wp\/v2\/pages\/126","targetHints":{"allow":["GET"]}}],"collection":[{"href":"https:\/\/porfyraaudio.com\/de\/wp-json\/wp\/v2\/pages"}],"about":[{"href":"https:\/\/porfyraaudio.com\/de\/wp-json\/wp\/v2\/types\/page"}],"author":[{"embeddable":true,"href":"https:\/\/porfyraaudio.com\/de\/wp-json\/wp\/v2\/users\/2"}],"replies":[{"embeddable":true,"href":"https:\/\/porfyraaudio.com\/de\/wp-json\/wp\/v2\/comments?post=126"}],"version-history":[{"count":12,"href":"https:\/\/porfyraaudio.com\/de\/wp-json\/wp\/v2\/pages\/126\/revisions"}],"predecessor-version":[{"id":610,"href":"https:\/\/porfyraaudio.com\/de\/wp-json\/wp\/v2\/pages\/126\/revisions\/610"}],"up":[{"embeddable":true,"href":"https:\/\/porfyraaudio.com\/de\/wp-json\/wp\/v2\/pages\/10"}],"wp:attachment":[{"href":"https:\/\/porfyraaudio.com\/de\/wp-json\/wp\/v2\/media?parent=126"}],"curies":[{"name":"wp","href":"https:\/\/api.w.org\/{rel}","templated":true}]}}