{"id":373,"date":"2012-12-29T17:33:47","date_gmt":"2012-12-29T17:33:47","guid":{"rendered":"http:\/\/porfyraaudio.com\/?page_id=373"},"modified":"2023-01-17T21:56:42","modified_gmt":"2023-01-17T19:56:42","slug":"de-facto","status":"publish","type":"page","link":"https:\/\/porfyraaudio.com\/de\/de-facto\/","title":{"rendered":"Sigma Audio De Facto"},"content":{"rendered":"<p><a href=\"http:\/\/porfyraaudio.com\/wp-content\/uploads\/2012\/12\/defacto1.png\"><img loading=\"lazy\" decoding=\"async\" class=\"alignnone size-medium wp-image-380\" src=\"http:\/\/porfyraaudio.com\/wp-content\/uploads\/2012\/12\/defacto1-225x300.png\" alt=\"defacto1\" width=\"225\" height=\"300\" srcset=\"https:\/\/porfyraaudio.com\/wp-content\/uploads\/2012\/12\/defacto1-225x300.png 225w, https:\/\/porfyraaudio.com\/wp-content\/uploads\/2012\/12\/defacto1.png 600w\" sizes=\"auto, (max-width: 225px) 100vw, 225px\" \/><\/a><\/p>\n<p>Beschreibung : 4Weg passiver Radiator geladen<br \/>\nTechnische Daten:<br \/>\nEmpfindlichkeit: 91 dB\/W\/m<br \/>\nNennimpedanz: 6 Ohm (4 Ohm minimum@ 20.000 Hz)<br \/>\nFrequenzreaktion: 22\/27 Hz (variabel) \u2013 100.000 Hz<br \/>\nCrossover Frequenzen: 220\/950\/5.100 Hz<br \/>\nAbmessungen: 106x34x33 cm (HxBxT)<br \/>\nGewicht: 53,5 kg pro St\u00fcck<br \/>\nFarben: Schwarzlack (standard) oder Wei\u00dflack (optional)<\/p>\n<h2>Eigenschaften im Detail<\/h2>\n<p><strong>Die Antriebe:<\/strong><br \/>\nAlle hergestellt mit Sorgfalt bei Accuton Germany<br \/>\nTweeter: 3\/4&#8243; Diamond<br \/>\nMittlere T\u00f6ne oben: 2\u201c Ceramic<br \/>\nMittlere T\u00f6ne unten: 5\u201c Ceramic<br \/>\nWoofer: 9\u201c Ceramic<br \/>\nPassiver Radiator: 11\u201c sandwich Honeycomb<\/p>\n<p><strong>Das Geh\u00e4use<\/strong><br \/>\nSolide Konstruktion aus 50 mm dickem MDF sandwich<br \/>\nMultiasymmetrische Gebindekonstruktion mit viskoelastischem Harz (2&#215;25 mm) zusammengebunden.<br \/>\nInternes pyramidenartiges Gebinde eliminiert statische St\u00f6rungen.<br \/>\nVariable Volumenausf\u00fchrung mit 5 abnehmbaren internen Trennf\u00e4cher , jeder davon unterscheidet sich um 1 Hz gegen\u00fcber der \u00dcberallbassreaktion des Lautsprechers.<\/p>\n<p><strong>Der Crossover<\/strong><br \/>\nDie fortschrittliche , innovative Crossovertechnologie liegt an der \u201eSpitze\u201c der R+D Abteilung f\u00fcr SIGMA. Die j\u00fcngste und eindrucksvollste Ausf\u00fchrung ist der neue vierweg Crossover von DE FACTO.<br \/>\nFast flache Frequenz , spontane Phasen und Impedanzreaktion machen DE FACTO unvergleichlich an akustischen H\u00f6rsitzungen als ob er ein perfekter Langstreckenrenner w\u00e4re.<br \/>\nUnser ultraminimaler Crossoverbau macht DE Facto den h\u00f6chstempfindlichen Lautsprecher in seiner Kategorie mit einem microdetaillierten , kristallklaren , nat\u00fcrlichen Klang.<br \/>\nEs werden nur sorgf\u00e4ltig auserw\u00e4hlte und zusammengebaute Crossoverteile verwendet, Flachkabelspulen einschlie\u00dflich und Spitzenkapazitoren Fabrikat Mundorf.<br \/>\nDurch lineares Impedanzverhalten ist DE FACTO sehr \u201everst\u00e4rkerfreundlich\u201cund eine ideale Auswahl f\u00fcr jeden Verst\u00e4rkertyp , Vakuumverst\u00e4rker einschlie\u00dflich.<\/p>\n<p><strong>\u00dcberlegenheit auf Basseinstellung<\/strong><br \/>\nUnsere auserw\u00e4hlte Passivradiatoreinheit deckt fast zweimal die aktive Oberfl\u00e4che vom Woofer. Dies garantiert in der Tat ungest\u00f6rte und ungepresste lineare Bass Wiederholbarkeit sogar auf h\u00f6chster H\u00f6rerebene.<\/p>\n<p>Bei Erh\u00f6hung oder Erniedrigung von Masse zu der passiven Radiatoreinheit (bis zu zehn Metallringen) k\u00f6nnen Sie die Bassh\u00f6he so fein einstellen , da\u00df diese in Ihrem H\u00f6rsaal ideal angepasst wird.<br \/>\nIn Kombination mit der variablen Geh\u00e4usevolumeneigenschaft k\u00f6nnen Sie bis 50 verschiedene Basseinstellungen erreichen.<\/p>\n<p><a href=\"http:\/\/www.sigma-audio.com\/\"><img loading=\"lazy\" decoding=\"async\" src=\"http:\/\/porfyraaudio.com\/wp-content\/uploads\/2012\/11\/sigma-150x150.png\" alt=\"Sigma Audio\" width=\"150\" height=\"150\" \/><\/a><\/p>","protected":false},"excerpt":{"rendered":"<p>Beschreibung : 4Weg passiver Radiator geladen Technische Daten: Empfindlichkeit: 91 dB\/W\/m Nennimpedanz: 6 Ohm (4 Ohm minimum@ 20.000 Hz) Frequenzreaktion: 22\/27 Hz (variabel) \u2013 100.000 Hz Crossover Frequenzen: 220\/950\/5.100 Hz Abmessungen: 106x34x33 cm (HxBxT) Gewicht: [&hellip;]<\/p>\n","protected":false},"author":2,"featured_media":400,"parent":0,"menu_order":10,"comment_status":"closed","ping_status":"closed","template":"","meta":{"footnotes":""},"class_list":["post-373","page","type-page","status-publish","has-post-thumbnail","hentry"],"yoast_head":"<!-- This site is optimized with the Yoast SEO plugin v27.3 - https:\/\/yoast.com\/product\/yoast-seo-wordpress\/ -->\n<title>Sigma Audio De Facto - Porfyra Audio<\/title>\n<meta name=\"robots\" content=\"index, follow, max-snippet:-1, max-image-preview:large, max-video-preview:-1\" \/>\n<link rel=\"canonical\" href=\"https:\/\/porfyraaudio.com\/de-facto\/\" \/>\n<meta property=\"og:locale\" content=\"de_DE\" \/>\n<meta property=\"og:type\" content=\"article\" \/>\n<meta property=\"og:title\" content=\"Sigma Audio De Facto - Porfyra Audio\" \/>\n<meta property=\"og:description\" content=\"Beschreibung : 4Weg passiver Radiator geladen Technische Daten: Empfindlichkeit: 91 dB\/W\/m Nennimpedanz: 6 Ohm (4 Ohm minimum@ 20.000 Hz) Frequenzreaktion: 22\/27 Hz (variabel) \u2013 100.000 Hz Crossover Frequenzen: 220\/950\/5.100 Hz Abmessungen: 106x34x33 cm (HxBxT) Gewicht: [&hellip;]\" \/>\n<meta property=\"og:url\" content=\"https:\/\/porfyraaudio.com\/de-facto\/\" \/>\n<meta property=\"og:site_name\" content=\"Porfyra Audio\" \/>\n<meta property=\"article:publisher\" content=\"https:\/\/www.facebook.com\/porfyraaudio\" \/>\n<meta property=\"article:modified_time\" content=\"2023-01-17T19:56:42+00:00\" \/>\n<meta property=\"og:image\" content=\"https:\/\/porfyraaudio.com\/wp-content\/uploads\/2012\/12\/defacto1.png\" \/>\n\t<meta property=\"og:image:width\" content=\"600\" \/>\n\t<meta property=\"og:image:height\" content=\"800\" \/>\n\t<meta property=\"og:image:type\" content=\"image\/png\" \/>\n<meta name=\"twitter:card\" content=\"summary_large_image\" \/>\n<meta name=\"twitter:label1\" content=\"Gesch\u00e4tzte Lesezeit\" \/>\n\t<meta name=\"twitter:data1\" content=\"3\u00a0Minuten\" \/>\n<script type=\"application\/ld+json\" class=\"yoast-schema-graph\">{\"@context\":\"https:\\\/\\\/schema.org\",\"@graph\":[{\"@type\":\"WebPage\",\"@id\":\"https:\\\/\\\/porfyraaudio.com\\\/de-facto\\\/\",\"url\":\"https:\\\/\\\/porfyraaudio.com\\\/de-facto\\\/\",\"name\":\"Sigma Audio De Facto - Porfyra Audio\",\"isPartOf\":{\"@id\":\"https:\\\/\\\/porfyraaudio.com\\\/#website\"},\"primaryImageOfPage\":{\"@id\":\"https:\\\/\\\/porfyraaudio.com\\\/de-facto\\\/#primaryimage\"},\"image\":{\"@id\":\"https:\\\/\\\/porfyraaudio.com\\\/de-facto\\\/#primaryimage\"},\"thumbnailUrl\":\"https:\\\/\\\/porfyraaudio.com\\\/wp-content\\\/uploads\\\/2012\\\/12\\\/defacto4-e1356810763322.png\",\"datePublished\":\"2012-12-29T17:33:47+00:00\",\"dateModified\":\"2023-01-17T19:56:42+00:00\",\"breadcrumb\":{\"@id\":\"https:\\\/\\\/porfyraaudio.com\\\/de-facto\\\/#breadcrumb\"},\"inLanguage\":\"de\",\"potentialAction\":[{\"@type\":\"ReadAction\",\"target\":[\"https:\\\/\\\/porfyraaudio.com\\\/de-facto\\\/\"]}]},{\"@type\":\"ImageObject\",\"inLanguage\":\"de\",\"@id\":\"https:\\\/\\\/porfyraaudio.com\\\/de-facto\\\/#primaryimage\",\"url\":\"https:\\\/\\\/porfyraaudio.com\\\/wp-content\\\/uploads\\\/2012\\\/12\\\/defacto4-e1356810763322.png\",\"contentUrl\":\"https:\\\/\\\/porfyraaudio.com\\\/wp-content\\\/uploads\\\/2012\\\/12\\\/defacto4-e1356810763322.png\",\"width\":130,\"height\":173},{\"@type\":\"BreadcrumbList\",\"@id\":\"https:\\\/\\\/porfyraaudio.com\\\/de-facto\\\/#breadcrumb\",\"itemListElement\":[{\"@type\":\"ListItem\",\"position\":1,\"name\":\"Home\",\"item\":\"https:\\\/\\\/porfyraaudio.com\\\/\"},{\"@type\":\"ListItem\",\"position\":2,\"name\":\"Sigma Audio De Facto\"}]},{\"@type\":\"WebSite\",\"@id\":\"https:\\\/\\\/porfyraaudio.com\\\/#website\",\"url\":\"https:\\\/\\\/porfyraaudio.com\\\/\",\"name\":\"Porfyra Audio\",\"description\":\"Sound high end\",\"publisher\":{\"@id\":\"https:\\\/\\\/porfyraaudio.com\\\/#organization\"},\"alternateName\":\"Sound high end\",\"potentialAction\":[{\"@type\":\"SearchAction\",\"target\":{\"@type\":\"EntryPoint\",\"urlTemplate\":\"https:\\\/\\\/porfyraaudio.com\\\/?s={search_term_string}\"},\"query-input\":{\"@type\":\"PropertyValueSpecification\",\"valueRequired\":true,\"valueName\":\"search_term_string\"}}],\"inLanguage\":\"de\"},{\"@type\":\"Organization\",\"@id\":\"https:\\\/\\\/porfyraaudio.com\\\/#organization\",\"name\":\"Porfyra Audio\",\"alternateName\":\"Sound high end\",\"url\":\"https:\\\/\\\/porfyraaudio.com\\\/\",\"logo\":{\"@type\":\"ImageObject\",\"inLanguage\":\"de\",\"@id\":\"https:\\\/\\\/porfyraaudio.com\\\/#\\\/schema\\\/logo\\\/image\\\/\",\"url\":\"https:\\\/\\\/porfyraaudio.com\\\/wp-content\\\/uploads\\\/2023\\\/01\\\/card.jpg\",\"contentUrl\":\"https:\\\/\\\/porfyraaudio.com\\\/wp-content\\\/uploads\\\/2023\\\/01\\\/card.jpg\",\"width\":800,\"height\":500,\"caption\":\"Porfyra Audio\"},\"image\":{\"@id\":\"https:\\\/\\\/porfyraaudio.com\\\/#\\\/schema\\\/logo\\\/image\\\/\"},\"sameAs\":[\"https:\\\/\\\/www.facebook.com\\\/porfyraaudio\"]}]}<\/script>\n<!-- \/ Yoast SEO plugin. -->","yoast_head_json":{"title":"Sigma Audio De Facto - Porfyra Audio","robots":{"index":"index","follow":"follow","max-snippet":"max-snippet:-1","max-image-preview":"max-image-preview:large","max-video-preview":"max-video-preview:-1"},"canonical":"https:\/\/porfyraaudio.com\/de-facto\/","og_locale":"de_DE","og_type":"article","og_title":"Sigma Audio De Facto - Porfyra Audio","og_description":"Beschreibung : 4Weg passiver Radiator geladen Technische Daten: Empfindlichkeit: 91 dB\/W\/m Nennimpedanz: 6 Ohm (4 Ohm minimum@ 20.000 Hz) Frequenzreaktion: 22\/27 Hz (variabel) \u2013 100.000 Hz Crossover Frequenzen: 220\/950\/5.100 Hz Abmessungen: 106x34x33 cm (HxBxT) Gewicht: [&hellip;]","og_url":"https:\/\/porfyraaudio.com\/de-facto\/","og_site_name":"Porfyra Audio","article_publisher":"https:\/\/www.facebook.com\/porfyraaudio","article_modified_time":"2023-01-17T19:56:42+00:00","og_image":[{"width":600,"height":800,"url":"https:\/\/porfyraaudio.com\/wp-content\/uploads\/2012\/12\/defacto1.png","type":"image\/png"}],"twitter_card":"summary_large_image","twitter_misc":{"Gesch\u00e4tzte Lesezeit":"3\u00a0Minuten"},"schema":{"@context":"https:\/\/schema.org","@graph":[{"@type":"WebPage","@id":"https:\/\/porfyraaudio.com\/de-facto\/","url":"https:\/\/porfyraaudio.com\/de-facto\/","name":"Sigma Audio De Facto - Porfyra Audio","isPartOf":{"@id":"https:\/\/porfyraaudio.com\/#website"},"primaryImageOfPage":{"@id":"https:\/\/porfyraaudio.com\/de-facto\/#primaryimage"},"image":{"@id":"https:\/\/porfyraaudio.com\/de-facto\/#primaryimage"},"thumbnailUrl":"https:\/\/porfyraaudio.com\/wp-content\/uploads\/2012\/12\/defacto4-e1356810763322.png","datePublished":"2012-12-29T17:33:47+00:00","dateModified":"2023-01-17T19:56:42+00:00","breadcrumb":{"@id":"https:\/\/porfyraaudio.com\/de-facto\/#breadcrumb"},"inLanguage":"de","potentialAction":[{"@type":"ReadAction","target":["https:\/\/porfyraaudio.com\/de-facto\/"]}]},{"@type":"ImageObject","inLanguage":"de","@id":"https:\/\/porfyraaudio.com\/de-facto\/#primaryimage","url":"https:\/\/porfyraaudio.com\/wp-content\/uploads\/2012\/12\/defacto4-e1356810763322.png","contentUrl":"https:\/\/porfyraaudio.com\/wp-content\/uploads\/2012\/12\/defacto4-e1356810763322.png","width":130,"height":173},{"@type":"BreadcrumbList","@id":"https:\/\/porfyraaudio.com\/de-facto\/#breadcrumb","itemListElement":[{"@type":"ListItem","position":1,"name":"Home","item":"https:\/\/porfyraaudio.com\/"},{"@type":"ListItem","position":2,"name":"Sigma Audio De Facto"}]},{"@type":"WebSite","@id":"https:\/\/porfyraaudio.com\/#website","url":"https:\/\/porfyraaudio.com\/","name":"Porfyra Audio","description":"Sound high end","publisher":{"@id":"https:\/\/porfyraaudio.com\/#organization"},"alternateName":"Sound high end","potentialAction":[{"@type":"SearchAction","target":{"@type":"EntryPoint","urlTemplate":"https:\/\/porfyraaudio.com\/?s={search_term_string}"},"query-input":{"@type":"PropertyValueSpecification","valueRequired":true,"valueName":"search_term_string"}}],"inLanguage":"de"},{"@type":"Organization","@id":"https:\/\/porfyraaudio.com\/#organization","name":"Porfyra Audio","alternateName":"Sound high end","url":"https:\/\/porfyraaudio.com\/","logo":{"@type":"ImageObject","inLanguage":"de","@id":"https:\/\/porfyraaudio.com\/#\/schema\/logo\/image\/","url":"https:\/\/porfyraaudio.com\/wp-content\/uploads\/2023\/01\/card.jpg","contentUrl":"https:\/\/porfyraaudio.com\/wp-content\/uploads\/2023\/01\/card.jpg","width":800,"height":500,"caption":"Porfyra Audio"},"image":{"@id":"https:\/\/porfyraaudio.com\/#\/schema\/logo\/image\/"},"sameAs":["https:\/\/www.facebook.com\/porfyraaudio"]}]}},"_links":{"self":[{"href":"https:\/\/porfyraaudio.com\/de\/wp-json\/wp\/v2\/pages\/373","targetHints":{"allow":["GET"]}}],"collection":[{"href":"https:\/\/porfyraaudio.com\/de\/wp-json\/wp\/v2\/pages"}],"about":[{"href":"https:\/\/porfyraaudio.com\/de\/wp-json\/wp\/v2\/types\/page"}],"author":[{"embeddable":true,"href":"https:\/\/porfyraaudio.com\/de\/wp-json\/wp\/v2\/users\/2"}],"replies":[{"embeddable":true,"href":"https:\/\/porfyraaudio.com\/de\/wp-json\/wp\/v2\/comments?post=373"}],"version-history":[{"count":5,"href":"https:\/\/porfyraaudio.com\/de\/wp-json\/wp\/v2\/pages\/373\/revisions"}],"predecessor-version":[{"id":591,"href":"https:\/\/porfyraaudio.com\/de\/wp-json\/wp\/v2\/pages\/373\/revisions\/591"}],"wp:featuredmedia":[{"embeddable":true,"href":"https:\/\/porfyraaudio.com\/de\/wp-json\/wp\/v2\/media\/400"}],"wp:attachment":[{"href":"https:\/\/porfyraaudio.com\/de\/wp-json\/wp\/v2\/media?parent=373"}],"curies":[{"name":"wp","href":"https:\/\/api.w.org\/{rel}","templated":true}]}}