{"id":375,"date":"2012-12-29T17:47:47","date_gmt":"2012-12-29T17:47:47","guid":{"rendered":"http:\/\/porfyraaudio.com\/?page_id=375"},"modified":"2023-01-17T21:57:39","modified_gmt":"2023-01-17T19:57:39","slug":"heaven","status":"publish","type":"page","link":"https:\/\/porfyraaudio.com\/de\/heaven\/","title":{"rendered":"Sigma Audio Heaven"},"content":{"rendered":"<p><img loading=\"lazy\" decoding=\"async\" class=\"alignnone size-medium wp-image-381\" src=\"https:\/\/porfyraaudio.com\/wp-content\/uploads\/2012\/12\/heaven1-288x300.png\" alt=\"\" width=\"288\" height=\"300\" srcset=\"https:\/\/porfyraaudio.com\/wp-content\/uploads\/2012\/12\/heaven1-288x300.png 288w, https:\/\/porfyraaudio.com\/wp-content\/uploads\/2012\/12\/heaven1.png 600w\" sizes=\"auto, (max-width: 288px) 100vw, 288px\" \/><\/p>\n<p>Beschreibung: 2 Weg Bass Reflex<br \/>\nTechnische Daten<br \/>\nEmpfindlichkeit: 88 dB \/W\/m<br \/>\nNennimpedanz: 6 Ohm (4,1 Ohm minimum@250 Hz)<br \/>\nFrequenzreaktion: 34 Hz-100.000 Hz<br \/>\n\u00dcbergangsfrequenz: 3.800 Hz<br \/>\nAbmessungen:29x21x29 cm (HxBxT)<br \/>\nGewicht: 6,7 kg pro St\u00fcck<br \/>\nFarben: Schwarzlack (serienm\u00e4ssig) oder Wei\u00dflack (optional)<\/p>\n<h2>Eigenschaften im Detail<\/h2>\n<p><strong>Die Antriebe:<\/strong><br \/>\nAlle hergestellt mit gro\u00dfer Sorgfalt bei Accuton Germany<br \/>\nTweeter: 3\/4\u2018\u2018 Diamond<br \/>\nWoofer: 5,25\u2018\u2018 Ceramic<\/p>\n<p><strong>Das Geh\u00e4use<\/strong><br \/>\nSolide Konstruktion aus 25 mm dickem MDF , multiasymmetrische Gebindekonstruktion , internes pyramidenartiges Gebinde eliminiert statische St\u00f6rungen<\/p>\n<p><strong>Der Crossover<\/strong><br \/>\nFortschrittliche , innovative , seriencrossover Technologie<br \/>\nUnser ultraminimales Crossover design macht HEAVEN zu einem Lautsprecher h\u00f6chster Empfindlichkeit in seiner Kategorie mit einem microdetaillierten , kristallklaren , nat\u00fcrlichen Klang.<\/p>\n<p>Es werden nur sorgf\u00e4ltig auserw\u00e4hlte und zusammengebaute Crossover Teile verwendet , Flachkabelspulen einschlie\u00dflich und MKP Kapazitoren.<br \/>\nHEAVEN ist \u201everst\u00e4rkerfreundlich\u201c eine ideale Auswahl f\u00fcr jeden Verst\u00e4rkertyp , Vakuumr\u00f6hrenverst\u00e4rker einschlie\u00dflich.<\/p>\n<p><a href=\"http:\/\/www.sigma-audio.com\/\"><img loading=\"lazy\" decoding=\"async\" class=\"alignleft size-thumbnail wp-image-337\" src=\"http:\/\/porfyraaudio.com\/wp-content\/uploads\/2012\/11\/sigma-150x150.png\" alt=\"Sigma Audio\" width=\"150\" height=\"150\" \/><\/a><\/p>","protected":false},"excerpt":{"rendered":"<p>Beschreibung: 2 Weg Bass Reflex Technische Daten Empfindlichkeit: 88 dB \/W\/m Nennimpedanz: 6 Ohm (4,1 Ohm minimum@250 Hz) Frequenzreaktion: 34 Hz-100.000 Hz \u00dcbergangsfrequenz: 3.800 Hz Abmessungen:29x21x29 cm (HxBxT) Gewicht: 6,7 kg pro St\u00fcck Farben: Schwarzlack [&hellip;]<\/p>\n","protected":false},"author":2,"featured_media":381,"parent":0,"menu_order":20,"comment_status":"closed","ping_status":"closed","template":"","meta":{"footnotes":""},"class_list":["post-375","page","type-page","status-publish","has-post-thumbnail","hentry"],"yoast_head":"<!-- This site is optimized with the Yoast SEO plugin v27.3 - https:\/\/yoast.com\/product\/yoast-seo-wordpress\/ -->\n<title>Sigma Audio Heaven - Porfyra Audio<\/title>\n<meta name=\"robots\" content=\"index, follow, max-snippet:-1, max-image-preview:large, max-video-preview:-1\" \/>\n<link rel=\"canonical\" href=\"https:\/\/porfyraaudio.com\/heaven\/\" \/>\n<meta property=\"og:locale\" content=\"de_DE\" \/>\n<meta property=\"og:type\" content=\"article\" \/>\n<meta property=\"og:title\" content=\"Sigma Audio Heaven - Porfyra Audio\" \/>\n<meta property=\"og:description\" content=\"Beschreibung: 2 Weg Bass Reflex Technische Daten Empfindlichkeit: 88 dB \/W\/m Nennimpedanz: 6 Ohm (4,1 Ohm minimum@250 Hz) Frequenzreaktion: 34 Hz-100.000 Hz \u00dcbergangsfrequenz: 3.800 Hz Abmessungen:29x21x29 cm (HxBxT) Gewicht: 6,7 kg pro St\u00fcck Farben: Schwarzlack [&hellip;]\" \/>\n<meta property=\"og:url\" content=\"https:\/\/porfyraaudio.com\/heaven\/\" \/>\n<meta property=\"og:site_name\" content=\"Porfyra Audio\" \/>\n<meta property=\"article:publisher\" content=\"https:\/\/www.facebook.com\/porfyraaudio\" \/>\n<meta property=\"article:modified_time\" content=\"2023-01-17T19:57:39+00:00\" \/>\n<meta property=\"og:image\" content=\"https:\/\/porfyraaudio.com\/wp-content\/uploads\/2012\/12\/heaven1.png\" \/>\n\t<meta property=\"og:image:width\" content=\"600\" \/>\n\t<meta property=\"og:image:height\" content=\"623\" \/>\n\t<meta property=\"og:image:type\" content=\"image\/png\" \/>\n<meta name=\"twitter:card\" content=\"summary_large_image\" \/>\n<meta name=\"twitter:label1\" content=\"Gesch\u00e4tzte Lesezeit\" \/>\n\t<meta name=\"twitter:data1\" content=\"1\u00a0Minute\" \/>\n<script type=\"application\/ld+json\" class=\"yoast-schema-graph\">{\"@context\":\"https:\\\/\\\/schema.org\",\"@graph\":[{\"@type\":\"WebPage\",\"@id\":\"https:\\\/\\\/porfyraaudio.com\\\/heaven\\\/\",\"url\":\"https:\\\/\\\/porfyraaudio.com\\\/heaven\\\/\",\"name\":\"Sigma Audio Heaven - Porfyra Audio\",\"isPartOf\":{\"@id\":\"https:\\\/\\\/porfyraaudio.com\\\/#website\"},\"primaryImageOfPage\":{\"@id\":\"https:\\\/\\\/porfyraaudio.com\\\/heaven\\\/#primaryimage\"},\"image\":{\"@id\":\"https:\\\/\\\/porfyraaudio.com\\\/heaven\\\/#primaryimage\"},\"thumbnailUrl\":\"https:\\\/\\\/porfyraaudio.com\\\/wp-content\\\/uploads\\\/2012\\\/12\\\/heaven1.png\",\"datePublished\":\"2012-12-29T17:47:47+00:00\",\"dateModified\":\"2023-01-17T19:57:39+00:00\",\"breadcrumb\":{\"@id\":\"https:\\\/\\\/porfyraaudio.com\\\/heaven\\\/#breadcrumb\"},\"inLanguage\":\"de\",\"potentialAction\":[{\"@type\":\"ReadAction\",\"target\":[\"https:\\\/\\\/porfyraaudio.com\\\/heaven\\\/\"]}]},{\"@type\":\"ImageObject\",\"inLanguage\":\"de\",\"@id\":\"https:\\\/\\\/porfyraaudio.com\\\/heaven\\\/#primaryimage\",\"url\":\"https:\\\/\\\/porfyraaudio.com\\\/wp-content\\\/uploads\\\/2012\\\/12\\\/heaven1.png\",\"contentUrl\":\"https:\\\/\\\/porfyraaudio.com\\\/wp-content\\\/uploads\\\/2012\\\/12\\\/heaven1.png\",\"width\":600,\"height\":623},{\"@type\":\"BreadcrumbList\",\"@id\":\"https:\\\/\\\/porfyraaudio.com\\\/heaven\\\/#breadcrumb\",\"itemListElement\":[{\"@type\":\"ListItem\",\"position\":1,\"name\":\"Home\",\"item\":\"https:\\\/\\\/porfyraaudio.com\\\/\"},{\"@type\":\"ListItem\",\"position\":2,\"name\":\"Sigma Audio Heaven\"}]},{\"@type\":\"WebSite\",\"@id\":\"https:\\\/\\\/porfyraaudio.com\\\/#website\",\"url\":\"https:\\\/\\\/porfyraaudio.com\\\/\",\"name\":\"Porfyra Audio\",\"description\":\"Sound high end\",\"publisher\":{\"@id\":\"https:\\\/\\\/porfyraaudio.com\\\/#organization\"},\"alternateName\":\"Sound high end\",\"potentialAction\":[{\"@type\":\"SearchAction\",\"target\":{\"@type\":\"EntryPoint\",\"urlTemplate\":\"https:\\\/\\\/porfyraaudio.com\\\/?s={search_term_string}\"},\"query-input\":{\"@type\":\"PropertyValueSpecification\",\"valueRequired\":true,\"valueName\":\"search_term_string\"}}],\"inLanguage\":\"de\"},{\"@type\":\"Organization\",\"@id\":\"https:\\\/\\\/porfyraaudio.com\\\/#organization\",\"name\":\"Porfyra Audio\",\"alternateName\":\"Sound high end\",\"url\":\"https:\\\/\\\/porfyraaudio.com\\\/\",\"logo\":{\"@type\":\"ImageObject\",\"inLanguage\":\"de\",\"@id\":\"https:\\\/\\\/porfyraaudio.com\\\/#\\\/schema\\\/logo\\\/image\\\/\",\"url\":\"https:\\\/\\\/porfyraaudio.com\\\/wp-content\\\/uploads\\\/2023\\\/01\\\/card.jpg\",\"contentUrl\":\"https:\\\/\\\/porfyraaudio.com\\\/wp-content\\\/uploads\\\/2023\\\/01\\\/card.jpg\",\"width\":800,\"height\":500,\"caption\":\"Porfyra Audio\"},\"image\":{\"@id\":\"https:\\\/\\\/porfyraaudio.com\\\/#\\\/schema\\\/logo\\\/image\\\/\"},\"sameAs\":[\"https:\\\/\\\/www.facebook.com\\\/porfyraaudio\"]}]}<\/script>\n<!-- \/ Yoast SEO plugin. -->","yoast_head_json":{"title":"Sigma Audio Heaven - Porfyra Audio","robots":{"index":"index","follow":"follow","max-snippet":"max-snippet:-1","max-image-preview":"max-image-preview:large","max-video-preview":"max-video-preview:-1"},"canonical":"https:\/\/porfyraaudio.com\/heaven\/","og_locale":"de_DE","og_type":"article","og_title":"Sigma Audio Heaven - Porfyra Audio","og_description":"Beschreibung: 2 Weg Bass Reflex Technische Daten Empfindlichkeit: 88 dB \/W\/m Nennimpedanz: 6 Ohm (4,1 Ohm minimum@250 Hz) Frequenzreaktion: 34 Hz-100.000 Hz \u00dcbergangsfrequenz: 3.800 Hz Abmessungen:29x21x29 cm (HxBxT) Gewicht: 6,7 kg pro St\u00fcck Farben: Schwarzlack [&hellip;]","og_url":"https:\/\/porfyraaudio.com\/heaven\/","og_site_name":"Porfyra Audio","article_publisher":"https:\/\/www.facebook.com\/porfyraaudio","article_modified_time":"2023-01-17T19:57:39+00:00","og_image":[{"width":600,"height":623,"url":"https:\/\/porfyraaudio.com\/wp-content\/uploads\/2012\/12\/heaven1.png","type":"image\/png"}],"twitter_card":"summary_large_image","twitter_misc":{"Gesch\u00e4tzte Lesezeit":"1\u00a0Minute"},"schema":{"@context":"https:\/\/schema.org","@graph":[{"@type":"WebPage","@id":"https:\/\/porfyraaudio.com\/heaven\/","url":"https:\/\/porfyraaudio.com\/heaven\/","name":"Sigma Audio Heaven - Porfyra Audio","isPartOf":{"@id":"https:\/\/porfyraaudio.com\/#website"},"primaryImageOfPage":{"@id":"https:\/\/porfyraaudio.com\/heaven\/#primaryimage"},"image":{"@id":"https:\/\/porfyraaudio.com\/heaven\/#primaryimage"},"thumbnailUrl":"https:\/\/porfyraaudio.com\/wp-content\/uploads\/2012\/12\/heaven1.png","datePublished":"2012-12-29T17:47:47+00:00","dateModified":"2023-01-17T19:57:39+00:00","breadcrumb":{"@id":"https:\/\/porfyraaudio.com\/heaven\/#breadcrumb"},"inLanguage":"de","potentialAction":[{"@type":"ReadAction","target":["https:\/\/porfyraaudio.com\/heaven\/"]}]},{"@type":"ImageObject","inLanguage":"de","@id":"https:\/\/porfyraaudio.com\/heaven\/#primaryimage","url":"https:\/\/porfyraaudio.com\/wp-content\/uploads\/2012\/12\/heaven1.png","contentUrl":"https:\/\/porfyraaudio.com\/wp-content\/uploads\/2012\/12\/heaven1.png","width":600,"height":623},{"@type":"BreadcrumbList","@id":"https:\/\/porfyraaudio.com\/heaven\/#breadcrumb","itemListElement":[{"@type":"ListItem","position":1,"name":"Home","item":"https:\/\/porfyraaudio.com\/"},{"@type":"ListItem","position":2,"name":"Sigma Audio Heaven"}]},{"@type":"WebSite","@id":"https:\/\/porfyraaudio.com\/#website","url":"https:\/\/porfyraaudio.com\/","name":"Porfyra Audio","description":"Sound high end","publisher":{"@id":"https:\/\/porfyraaudio.com\/#organization"},"alternateName":"Sound high end","potentialAction":[{"@type":"SearchAction","target":{"@type":"EntryPoint","urlTemplate":"https:\/\/porfyraaudio.com\/?s={search_term_string}"},"query-input":{"@type":"PropertyValueSpecification","valueRequired":true,"valueName":"search_term_string"}}],"inLanguage":"de"},{"@type":"Organization","@id":"https:\/\/porfyraaudio.com\/#organization","name":"Porfyra Audio","alternateName":"Sound high end","url":"https:\/\/porfyraaudio.com\/","logo":{"@type":"ImageObject","inLanguage":"de","@id":"https:\/\/porfyraaudio.com\/#\/schema\/logo\/image\/","url":"https:\/\/porfyraaudio.com\/wp-content\/uploads\/2023\/01\/card.jpg","contentUrl":"https:\/\/porfyraaudio.com\/wp-content\/uploads\/2023\/01\/card.jpg","width":800,"height":500,"caption":"Porfyra Audio"},"image":{"@id":"https:\/\/porfyraaudio.com\/#\/schema\/logo\/image\/"},"sameAs":["https:\/\/www.facebook.com\/porfyraaudio"]}]}},"_links":{"self":[{"href":"https:\/\/porfyraaudio.com\/de\/wp-json\/wp\/v2\/pages\/375","targetHints":{"allow":["GET"]}}],"collection":[{"href":"https:\/\/porfyraaudio.com\/de\/wp-json\/wp\/v2\/pages"}],"about":[{"href":"https:\/\/porfyraaudio.com\/de\/wp-json\/wp\/v2\/types\/page"}],"author":[{"embeddable":true,"href":"https:\/\/porfyraaudio.com\/de\/wp-json\/wp\/v2\/users\/2"}],"replies":[{"embeddable":true,"href":"https:\/\/porfyraaudio.com\/de\/wp-json\/wp\/v2\/comments?post=375"}],"version-history":[{"count":9,"href":"https:\/\/porfyraaudio.com\/de\/wp-json\/wp\/v2\/pages\/375\/revisions"}],"predecessor-version":[{"id":873,"href":"https:\/\/porfyraaudio.com\/de\/wp-json\/wp\/v2\/pages\/375\/revisions\/873"}],"wp:featuredmedia":[{"embeddable":true,"href":"https:\/\/porfyraaudio.com\/de\/wp-json\/wp\/v2\/media\/381"}],"wp:attachment":[{"href":"https:\/\/porfyraaudio.com\/de\/wp-json\/wp\/v2\/media?parent=375"}],"curies":[{"name":"wp","href":"https:\/\/api.w.org\/{rel}","templated":true}]}}