{"id":436,"date":"2016-02-14T10:48:36","date_gmt":"2016-02-14T10:48:36","guid":{"rendered":"http:\/\/porfyraaudio.com\/?page_id=436"},"modified":"2018-11-05T11:29:21","modified_gmt":"2018-11-05T11:29:21","slug":"raal-140-15d","status":"publish","type":"page","link":"https:\/\/porfyraaudio.com\/de\/products\/raal-140-15d\/","title":{"rendered":"RAAL 140-15D"},"content":{"rendered":"<p>Die Gr\u00f6\u00dfe z\u00e4hlt! Mit einer Fl\u00e4che von 21 qcm , 22 mgr super leichtes , flaches Blatt , Abd\u00e4mpfkissen und ein homogenes magnetisches Feld stellt dieser Ribbon das Feinste was heutzutage die Herstellung von Mittel- Hochtransducerentwurf angeht , vor. Viele andere Einzelheiten in der Konstruktion helfen als Mittel die m\u00f6glichst flache Frequenzreaktion und die schnellste Anregzeit zu erreichen . Er ist tats\u00e4chlich rapid und genau.<\/p>\n<p>Der Hauptunterschied ist im Gegensatz zu anderen Ribboneinheiten die Reproduzierbarkeit einer sph\u00e4rischen Klangwelle , obwohl er eine lineare Quelle ist , die das Hochfrequenzniveau in einem vertikal sehr engen Raum nicht so stark betont und auspr\u00e4gt. Schlechte Richtungseigenschaft \u00a0ist vor einem Zuh\u00f6rer wie eine konstante Klangsystempr\u00e4senz zu sp\u00fcren , als ob das Gehirn die \u00c4nderungen im Klangfeld mit kleinen Kopfbewegungen empfinden w\u00fcrde , was nat\u00fcrlich den Zuh\u00f6rer , w\u00e4hrend des Anh\u00f6rens , zwingt sich zu bem\u00fchen ganz ruhig zu bleiben. Aber auch sehr direkte Lautsprecher neigen manche H\u00f6rsaalreflektionen zu bekr\u00e4ftigen indem diese das n\u00f6tige Klangfeld im Raum von Hochfrequenzkomponenten befreien , was nat\u00fcrlich ein weiteres Problem f\u00fcr unseres Gehirn darstellt. Der 140-15D macht dies gerade so , eine fast halbsph\u00e4rische Klangwelle erzeugend , wie es auch das Leben um uns macht! Seine F\u00e4higkeit sehr hohe SPL ohne Erzeugung akustischer Verzerrung , durch Erhaltung der momentanen Musikeinzelheiten und ohne jegliche M\u00fche zu erreichen , bringt im H\u00f6rsaal die echte Natur des anspielenden Musikinstrumentes mit so einer Klangqualit\u00e4t die den einfachen Zuh\u00f6rer zu einem Teilnehmer bei einem Ereignis aufwertet was woanders in Zeit und Ort stattfindet. F\u00fcr den 140\u00df15D fehlt es ziemlich leicht aus das menschliche Gehirn in so einem Weg zu irritieren , da\u00df es ganz pl\u00f6tzlich jeden Klang als richtig und korrekt wahrnimmt. Das Gehirn hat keine Chance zu unterscheiden , da\u00df in dem Saal wo lebende Menschen tats\u00e4chliche Musikinstrumente spielen , genau vor einer Millisekunde nichts anders wie das Stereo System stand. Die Sensation einen nat\u00fcrlichen Klang so zu erleben ist \u00fcbersch\u00fctternd! Der genaue Umfang aller Musikinstrumente und T\u00f6ne , deren perfekte Position in der H\u00f6rb\u00fchne und die Luftklarheit zwischen jeder Instrumentenposition ist sofort erkennbar. Aber genug dar\u00fcber. Man mu\u00df ihn h\u00f6ren um dies zu glauben.<\/p>\n<h3>MERKMALE<\/h3>\n<ul>\n<li>Special FLATFOIL\u00ae \u00a0echt Aluribbon<\/li>\n<li>Special SYMMLEAD\u00ae Niedriginduktanz Signalpfad<\/li>\n<li>Special EQUAFIELD\u00ae NdFeB magnetische Struktur<\/li>\n<li>Special \u00b4\u00b4non-wave-guide\u00b4\u00b4 INOX Frontpatte<\/li>\n<li>Au\u00dfergew\u00f6hnliche vertikale Dispersion<\/li>\n<li>Sehr schnelle Anregzeit<\/li>\n<li>Flachfrequenzreaktion<\/li>\n<li>Niedrige nicht lineare Verzerrung<\/li>\n<li>Hochsignalleistungsausf\u00fchrung<\/li>\n<li>H\u00f6chste Zuverl\u00e4ssigkeit<\/li>\n<\/ul>\n<h3>SPEZIFIKATIONEN<\/h3>\n<ul>\n<li>Ribbonmaterial : Aluminium<\/li>\n<li>Ribbonabmessungen: (140 x 15 x 0,004) mm<\/li>\n<li>Ribbongewicht: 0,022 gr<\/li>\n<li>Ribbonfl\u00e4che: 21 qcm<\/li>\n<li>Spalteninduktion: (Hauptwert \u00fcber Spaltenbreite) : 0,51 T<\/li>\n<li>Frequenzreaktion: 500 Hz \u0334100kHz<\/li>\n<li>Empfindlichkeit: 95 dB \/ 1 m \/ 2,83 V<\/li>\n<li>Impedanz: 8 Ohm<\/li>\n<li>Leistungsausf\u00fchrung: 200 W<\/li>\n<li>Empfohlener Crossover: 4er Klasse L-R @ 1.600 Hz<\/li>\n<\/ul>\n<p><i><img loading=\"lazy\" decoding=\"async\" src=\"http:\/\/www.raalribbon.com\/images\/equafield.jpg\" alt=\"\" width=\"87\" height=\"11\" border=\"0\" \/>, <img loading=\"lazy\" decoding=\"async\" src=\"http:\/\/www.raalribbon.com\/images\/flatfoil.jpg\" alt=\"\" width=\"69\" height=\"10\" border=\"0\" \/> and <img loading=\"lazy\" decoding=\"async\" src=\"http:\/\/www.raalribbon.com\/images\/symmlead.jpg\" alt=\"\" width=\"87\" height=\"11\" border=\"0\" \/>, sind gesch\u00fctzte Markenzeichen der RAAL advanced loudspeakers d.o.o<\/i><\/p>\n<div id='gallery-2' class='gallery galleryid-436 gallery-columns-3 gallery-size-thumbnail'><figure class='gallery-item'>\n\t\t\t<div class='gallery-icon landscape'>\n\t\t\t\t<a href='https:\/\/porfyraaudio.com\/wp-content\/uploads\/2016\/02\/140-15d-b.jpg'><img loading=\"lazy\" decoding=\"async\" width=\"150\" height=\"150\" src=\"https:\/\/porfyraaudio.com\/wp-content\/uploads\/2016\/02\/140-15d-b-150x150.jpg\" class=\"attachment-thumbnail size-thumbnail\" alt=\"\" srcset=\"https:\/\/porfyraaudio.com\/wp-content\/uploads\/2016\/02\/140-15d-b-150x150.jpg 150w, https:\/\/porfyraaudio.com\/wp-content\/uploads\/2016\/02\/140-15d-b-200x200.jpg 200w, https:\/\/porfyraaudio.com\/wp-content\/uploads\/2016\/02\/140-15d-b-184x184.jpg 184w\" sizes=\"auto, (max-width: 150px) 100vw, 150px\" \/><\/a>\n\t\t\t<\/div><\/figure><figure class='gallery-item'>\n\t\t\t<div class='gallery-icon landscape'>\n\t\t\t\t<a href='https:\/\/porfyraaudio.com\/wp-content\/uploads\/2016\/02\/140-15d-c.jpg'><img loading=\"lazy\" decoding=\"async\" width=\"150\" height=\"150\" src=\"https:\/\/porfyraaudio.com\/wp-content\/uploads\/2016\/02\/140-15d-c-150x150.jpg\" class=\"attachment-thumbnail size-thumbnail\" alt=\"\" srcset=\"https:\/\/porfyraaudio.com\/wp-content\/uploads\/2016\/02\/140-15d-c-150x150.jpg 150w, https:\/\/porfyraaudio.com\/wp-content\/uploads\/2016\/02\/140-15d-c-200x200.jpg 200w, https:\/\/porfyraaudio.com\/wp-content\/uploads\/2016\/02\/140-15d-c-184x184.jpg 184w\" sizes=\"auto, (max-width: 150px) 100vw, 150px\" \/><\/a>\n\t\t\t<\/div><\/figure><figure class='gallery-item'>\n\t\t\t<div class='gallery-icon landscape'>\n\t\t\t\t<a href='https:\/\/porfyraaudio.com\/wp-content\/uploads\/2016\/02\/140-15d_measurements.jpg'><img loading=\"lazy\" decoding=\"async\" width=\"150\" height=\"150\" src=\"https:\/\/porfyraaudio.com\/wp-content\/uploads\/2016\/02\/140-15d_measurements-150x150.jpg\" class=\"attachment-thumbnail size-thumbnail\" alt=\"\" srcset=\"https:\/\/porfyraaudio.com\/wp-content\/uploads\/2016\/02\/140-15d_measurements-150x150.jpg 150w, https:\/\/porfyraaudio.com\/wp-content\/uploads\/2016\/02\/140-15d_measurements-200x200.jpg 200w, https:\/\/porfyraaudio.com\/wp-content\/uploads\/2016\/02\/140-15d_measurements-184x184.jpg 184w\" sizes=\"auto, (max-width: 150px) 100vw, 150px\" \/><\/a>\n\t\t\t<\/div><\/figure>\n\t\t<\/div>\n\n<h2>Brosch\u00fcre<\/h2>\n<p><a class=\"sastrane\" href=\"http:\/\/porfyraaudio.com\/wp-content\/uploads\/2016\/02\/raal_140-15d.pdf\" target=\"_blank\" rel=\"noopener\">RAAL 140-15D<\/a> <img loading=\"lazy\" decoding=\"async\" src=\"http:\/\/www.raalribbon.com\/images\/pdf_logomali.gif\" alt=\"\" width=\"20\" height=\"23\" border=\"0\" \/><\/p>\n<p>&nbsp;<\/p>\n<p><a href=\"http:\/\/porfyraaudio.com\/wp-content\/uploads\/2016\/02\/logo_raal.gif\"><img loading=\"lazy\" decoding=\"async\" class=\"alignnone wp-image-470 size-full\" src=\"http:\/\/porfyraaudio.com\/wp-content\/uploads\/2016\/02\/logo_raal.gif\" alt=\"\" width=\"150\" height=\"83\" \/><\/a><\/p>","protected":false},"excerpt":{"rendered":"<p>Die Gr\u00f6\u00dfe z\u00e4hlt! Mit einer Fl\u00e4che von 21 qcm , 22 mgr super leichtes , flaches Blatt , Abd\u00e4mpfkissen und ein homogenes magnetisches Feld stellt dieser Ribbon das Feinste was heutzutage die Herstellung von Mittel- [&hellip;]<\/p>\n","protected":false},"author":2,"featured_media":441,"parent":10,"menu_order":0,"comment_status":"closed","ping_status":"closed","template":"","meta":{"footnotes":""},"class_list":["post-436","page","type-page","status-publish","has-post-thumbnail","hentry"],"yoast_head":"<!-- This site is optimized with the Yoast SEO plugin v27.3 - https:\/\/yoast.com\/product\/yoast-seo-wordpress\/ -->\n<title>RAAL 140-15D - Porfyra Audio<\/title>\n<meta name=\"robots\" content=\"index, follow, max-snippet:-1, max-image-preview:large, max-video-preview:-1\" \/>\n<link rel=\"canonical\" href=\"https:\/\/porfyraaudio.com\/products\/drive-units__trashed\/raal-140-15d\/\" \/>\n<meta property=\"og:locale\" content=\"de_DE\" \/>\n<meta property=\"og:type\" content=\"article\" \/>\n<meta property=\"og:title\" content=\"RAAL 140-15D - Porfyra Audio\" \/>\n<meta property=\"og:description\" content=\"Die Gr\u00f6\u00dfe z\u00e4hlt! Mit einer Fl\u00e4che von 21 qcm , 22 mgr super leichtes , flaches Blatt , Abd\u00e4mpfkissen und ein homogenes magnetisches Feld stellt dieser Ribbon das Feinste was heutzutage die Herstellung von Mittel- [&hellip;]\" \/>\n<meta property=\"og:url\" content=\"https:\/\/porfyraaudio.com\/products\/drive-units__trashed\/raal-140-15d\/\" \/>\n<meta property=\"og:site_name\" content=\"Porfyra Audio\" \/>\n<meta property=\"article:publisher\" content=\"https:\/\/www.facebook.com\/porfyraaudio\" \/>\n<meta property=\"article:modified_time\" content=\"2018-11-05T11:29:21+00:00\" \/>\n<meta property=\"og:image\" content=\"https:\/\/porfyraaudio.com\/wp-content\/uploads\/2016\/02\/140-15d-a.jpg\" \/>\n\t<meta property=\"og:image:width\" content=\"600\" \/>\n\t<meta property=\"og:image:height\" content=\"400\" \/>\n\t<meta property=\"og:image:type\" content=\"image\/jpeg\" \/>\n<meta name=\"twitter:card\" content=\"summary_large_image\" \/>\n<meta name=\"twitter:label1\" content=\"Gesch\u00e4tzte Lesezeit\" \/>\n\t<meta name=\"twitter:data1\" content=\"5\u00a0Minuten\" \/>\n<script type=\"application\/ld+json\" class=\"yoast-schema-graph\">{\"@context\":\"https:\\\/\\\/schema.org\",\"@graph\":[{\"@type\":\"WebPage\",\"@id\":\"https:\\\/\\\/porfyraaudio.com\\\/products\\\/drive-units__trashed\\\/raal-140-15d\\\/\",\"url\":\"https:\\\/\\\/porfyraaudio.com\\\/products\\\/drive-units__trashed\\\/raal-140-15d\\\/\",\"name\":\"RAAL 140-15D - Porfyra Audio\",\"isPartOf\":{\"@id\":\"https:\\\/\\\/porfyraaudio.com\\\/#website\"},\"primaryImageOfPage\":{\"@id\":\"https:\\\/\\\/porfyraaudio.com\\\/products\\\/drive-units__trashed\\\/raal-140-15d\\\/#primaryimage\"},\"image\":{\"@id\":\"https:\\\/\\\/porfyraaudio.com\\\/products\\\/drive-units__trashed\\\/raal-140-15d\\\/#primaryimage\"},\"thumbnailUrl\":\"https:\\\/\\\/porfyraaudio.com\\\/wp-content\\\/uploads\\\/2016\\\/02\\\/140-15d-a.jpg\",\"datePublished\":\"2016-02-14T10:48:36+00:00\",\"dateModified\":\"2018-11-05T11:29:21+00:00\",\"breadcrumb\":{\"@id\":\"https:\\\/\\\/porfyraaudio.com\\\/products\\\/drive-units__trashed\\\/raal-140-15d\\\/#breadcrumb\"},\"inLanguage\":\"de\",\"potentialAction\":[{\"@type\":\"ReadAction\",\"target\":[\"https:\\\/\\\/porfyraaudio.com\\\/products\\\/drive-units__trashed\\\/raal-140-15d\\\/\"]}]},{\"@type\":\"ImageObject\",\"inLanguage\":\"de\",\"@id\":\"https:\\\/\\\/porfyraaudio.com\\\/products\\\/drive-units__trashed\\\/raal-140-15d\\\/#primaryimage\",\"url\":\"https:\\\/\\\/porfyraaudio.com\\\/wp-content\\\/uploads\\\/2016\\\/02\\\/140-15d-a.jpg\",\"contentUrl\":\"https:\\\/\\\/porfyraaudio.com\\\/wp-content\\\/uploads\\\/2016\\\/02\\\/140-15d-a.jpg\",\"width\":600,\"height\":400},{\"@type\":\"BreadcrumbList\",\"@id\":\"https:\\\/\\\/porfyraaudio.com\\\/products\\\/drive-units__trashed\\\/raal-140-15d\\\/#breadcrumb\",\"itemListElement\":[{\"@type\":\"ListItem\",\"position\":1,\"name\":\"Home\",\"item\":\"https:\\\/\\\/porfyraaudio.com\\\/\"},{\"@type\":\"ListItem\",\"position\":2,\"name\":\"Products\",\"item\":\"https:\\\/\\\/porfyraaudio.com\\\/products\\\/\"},{\"@type\":\"ListItem\",\"position\":3,\"name\":\"RAAL 140-15D\"}]},{\"@type\":\"WebSite\",\"@id\":\"https:\\\/\\\/porfyraaudio.com\\\/#website\",\"url\":\"https:\\\/\\\/porfyraaudio.com\\\/\",\"name\":\"Porfyra Audio\",\"description\":\"Sound high end\",\"publisher\":{\"@id\":\"https:\\\/\\\/porfyraaudio.com\\\/#organization\"},\"alternateName\":\"Sound high end\",\"potentialAction\":[{\"@type\":\"SearchAction\",\"target\":{\"@type\":\"EntryPoint\",\"urlTemplate\":\"https:\\\/\\\/porfyraaudio.com\\\/?s={search_term_string}\"},\"query-input\":{\"@type\":\"PropertyValueSpecification\",\"valueRequired\":true,\"valueName\":\"search_term_string\"}}],\"inLanguage\":\"de\"},{\"@type\":\"Organization\",\"@id\":\"https:\\\/\\\/porfyraaudio.com\\\/#organization\",\"name\":\"Porfyra Audio\",\"alternateName\":\"Sound high end\",\"url\":\"https:\\\/\\\/porfyraaudio.com\\\/\",\"logo\":{\"@type\":\"ImageObject\",\"inLanguage\":\"de\",\"@id\":\"https:\\\/\\\/porfyraaudio.com\\\/#\\\/schema\\\/logo\\\/image\\\/\",\"url\":\"https:\\\/\\\/porfyraaudio.com\\\/wp-content\\\/uploads\\\/2023\\\/01\\\/card.jpg\",\"contentUrl\":\"https:\\\/\\\/porfyraaudio.com\\\/wp-content\\\/uploads\\\/2023\\\/01\\\/card.jpg\",\"width\":800,\"height\":500,\"caption\":\"Porfyra Audio\"},\"image\":{\"@id\":\"https:\\\/\\\/porfyraaudio.com\\\/#\\\/schema\\\/logo\\\/image\\\/\"},\"sameAs\":[\"https:\\\/\\\/www.facebook.com\\\/porfyraaudio\"]}]}<\/script>\n<!-- \/ Yoast SEO plugin. -->","yoast_head_json":{"title":"RAAL 140-15D - Porfyra Audio","robots":{"index":"index","follow":"follow","max-snippet":"max-snippet:-1","max-image-preview":"max-image-preview:large","max-video-preview":"max-video-preview:-1"},"canonical":"https:\/\/porfyraaudio.com\/products\/drive-units__trashed\/raal-140-15d\/","og_locale":"de_DE","og_type":"article","og_title":"RAAL 140-15D - Porfyra Audio","og_description":"Die Gr\u00f6\u00dfe z\u00e4hlt! Mit einer Fl\u00e4che von 21 qcm , 22 mgr super leichtes , flaches Blatt , Abd\u00e4mpfkissen und ein homogenes magnetisches Feld stellt dieser Ribbon das Feinste was heutzutage die Herstellung von Mittel- [&hellip;]","og_url":"https:\/\/porfyraaudio.com\/products\/drive-units__trashed\/raal-140-15d\/","og_site_name":"Porfyra Audio","article_publisher":"https:\/\/www.facebook.com\/porfyraaudio","article_modified_time":"2018-11-05T11:29:21+00:00","og_image":[{"width":600,"height":400,"url":"https:\/\/porfyraaudio.com\/wp-content\/uploads\/2016\/02\/140-15d-a.jpg","type":"image\/jpeg"}],"twitter_card":"summary_large_image","twitter_misc":{"Gesch\u00e4tzte Lesezeit":"5\u00a0Minuten"},"schema":{"@context":"https:\/\/schema.org","@graph":[{"@type":"WebPage","@id":"https:\/\/porfyraaudio.com\/products\/drive-units__trashed\/raal-140-15d\/","url":"https:\/\/porfyraaudio.com\/products\/drive-units__trashed\/raal-140-15d\/","name":"RAAL 140-15D - Porfyra Audio","isPartOf":{"@id":"https:\/\/porfyraaudio.com\/#website"},"primaryImageOfPage":{"@id":"https:\/\/porfyraaudio.com\/products\/drive-units__trashed\/raal-140-15d\/#primaryimage"},"image":{"@id":"https:\/\/porfyraaudio.com\/products\/drive-units__trashed\/raal-140-15d\/#primaryimage"},"thumbnailUrl":"https:\/\/porfyraaudio.com\/wp-content\/uploads\/2016\/02\/140-15d-a.jpg","datePublished":"2016-02-14T10:48:36+00:00","dateModified":"2018-11-05T11:29:21+00:00","breadcrumb":{"@id":"https:\/\/porfyraaudio.com\/products\/drive-units__trashed\/raal-140-15d\/#breadcrumb"},"inLanguage":"de","potentialAction":[{"@type":"ReadAction","target":["https:\/\/porfyraaudio.com\/products\/drive-units__trashed\/raal-140-15d\/"]}]},{"@type":"ImageObject","inLanguage":"de","@id":"https:\/\/porfyraaudio.com\/products\/drive-units__trashed\/raal-140-15d\/#primaryimage","url":"https:\/\/porfyraaudio.com\/wp-content\/uploads\/2016\/02\/140-15d-a.jpg","contentUrl":"https:\/\/porfyraaudio.com\/wp-content\/uploads\/2016\/02\/140-15d-a.jpg","width":600,"height":400},{"@type":"BreadcrumbList","@id":"https:\/\/porfyraaudio.com\/products\/drive-units__trashed\/raal-140-15d\/#breadcrumb","itemListElement":[{"@type":"ListItem","position":1,"name":"Home","item":"https:\/\/porfyraaudio.com\/"},{"@type":"ListItem","position":2,"name":"Products","item":"https:\/\/porfyraaudio.com\/products\/"},{"@type":"ListItem","position":3,"name":"RAAL 140-15D"}]},{"@type":"WebSite","@id":"https:\/\/porfyraaudio.com\/#website","url":"https:\/\/porfyraaudio.com\/","name":"Porfyra Audio","description":"Sound high end","publisher":{"@id":"https:\/\/porfyraaudio.com\/#organization"},"alternateName":"Sound high end","potentialAction":[{"@type":"SearchAction","target":{"@type":"EntryPoint","urlTemplate":"https:\/\/porfyraaudio.com\/?s={search_term_string}"},"query-input":{"@type":"PropertyValueSpecification","valueRequired":true,"valueName":"search_term_string"}}],"inLanguage":"de"},{"@type":"Organization","@id":"https:\/\/porfyraaudio.com\/#organization","name":"Porfyra Audio","alternateName":"Sound high end","url":"https:\/\/porfyraaudio.com\/","logo":{"@type":"ImageObject","inLanguage":"de","@id":"https:\/\/porfyraaudio.com\/#\/schema\/logo\/image\/","url":"https:\/\/porfyraaudio.com\/wp-content\/uploads\/2023\/01\/card.jpg","contentUrl":"https:\/\/porfyraaudio.com\/wp-content\/uploads\/2023\/01\/card.jpg","width":800,"height":500,"caption":"Porfyra Audio"},"image":{"@id":"https:\/\/porfyraaudio.com\/#\/schema\/logo\/image\/"},"sameAs":["https:\/\/www.facebook.com\/porfyraaudio"]}]}},"_links":{"self":[{"href":"https:\/\/porfyraaudio.com\/de\/wp-json\/wp\/v2\/pages\/436","targetHints":{"allow":["GET"]}}],"collection":[{"href":"https:\/\/porfyraaudio.com\/de\/wp-json\/wp\/v2\/pages"}],"about":[{"href":"https:\/\/porfyraaudio.com\/de\/wp-json\/wp\/v2\/types\/page"}],"author":[{"embeddable":true,"href":"https:\/\/porfyraaudio.com\/de\/wp-json\/wp\/v2\/users\/2"}],"replies":[{"embeddable":true,"href":"https:\/\/porfyraaudio.com\/de\/wp-json\/wp\/v2\/comments?post=436"}],"version-history":[{"count":14,"href":"https:\/\/porfyraaudio.com\/de\/wp-json\/wp\/v2\/pages\/436\/revisions"}],"predecessor-version":[{"id":611,"href":"https:\/\/porfyraaudio.com\/de\/wp-json\/wp\/v2\/pages\/436\/revisions\/611"}],"up":[{"embeddable":true,"href":"https:\/\/porfyraaudio.com\/de\/wp-json\/wp\/v2\/pages\/10"}],"wp:featuredmedia":[{"embeddable":true,"href":"https:\/\/porfyraaudio.com\/de\/wp-json\/wp\/v2\/media\/441"}],"wp:attachment":[{"href":"https:\/\/porfyraaudio.com\/de\/wp-json\/wp\/v2\/media?parent=436"}],"curies":[{"name":"wp","href":"https:\/\/api.w.org\/{rel}","templated":true}]}}