{"id":448,"date":"2016-02-14T11:06:22","date_gmt":"2016-02-14T11:06:22","guid":{"rendered":"http:\/\/porfyraaudio.com\/?page_id=448"},"modified":"2018-11-05T11:31:01","modified_gmt":"2018-11-05T11:31:01","slug":"raal-70-10","status":"publish","type":"page","link":"https:\/\/porfyraaudio.com\/de\/products\/raal-70-10\/","title":{"rendered":"RAAL 70-10"},"content":{"rendered":"<p>Echte Ribbon Antriebe sind gut bekannt f\u00fcr ihre F\u00e4higkeit alle Einzelheiten musikalischer Materie ausgew\u00f6hnlich fein wiederzugeben. Diese arbeiten in einer unterschiedlichen Weise wie die herk\u00f6mmlichen Konus oder Ring HF Antriebe , von allen , so zu sagen ,\u00b4\u00b4 \u00fcbersch\u00fcssigen Lasten\u00b4\u00b4 entlastet und tun ihren Job , unabh\u00e4ngig vom Preisetikett , besser wie jeder andere. Keine Kegel , Ringe , D\u00e4mpfer , Spulenformer , Kleber , Abd\u00e4mpfmaterialien und sonstiges , nicht einmal Lackisolierung am Kabel oder Spule. Keine Kunststofftr\u00e4gerfolien so wie in den billigen Pseudoribbons. Nur 0,004 mm feine Alufolie , in einem starken magnetischen Feld eingetaucht. Er erspart uns von allen beweglichen Teilen hier\u00fcber aufgelistet. Gewaltige Luftbeschleunigung steht zur Verf\u00fcgung beim RAAL 70-10 , mehr wie 13.000 G und dies in weniger als 200 Mikrosekunden nachdem die Luft wieder still bleibt. Nur so eine brutale Kontrolle von Kraft in Kombination mit der zur Verf\u00fcgung stehender , sanftester Reaktion , die vorr\u00e4tig sein kann und einer Bandbreite von 100 kHz , kann jemandem vergewissern , da\u00df die schwache Stelle beim Anschlie\u00dfen zu jedem System bestimmt nicht der HF Antrieb sein wird. Er wird die Unterschiede zwischen Elektronikkomponenten oder Kabel ohne jegliche M\u00fche dem Zuh\u00f6rer beweisen.<\/p>\n<p>Je besser die hervorstehende Elektronikkette , desto besser wird der Klang sein. Der Klang? Gut , manche k\u00f6nnen es immer noch glauben was man mit ihm zum ersten Mal in der gutbekannten Musikwelt zu h\u00f6ren bekommt. Der Klang scheint gew\u00f6hnlich mit den meisten echten Ribbons , die m\u00fchelose Reaktion aber von purer Dynamik und erstaunlich hoher SPL Ebenen f\u00fcr einem Ribbon dieser Ma\u00dfe war bestimmt vor dem RAAL 70-10 nicht bekannt. Er wird von gro\u00dfen Verst\u00e4rkern nicht abgeschreckt. Wenn man reine Verst\u00e4rkerkraft zur Verf\u00fcgung hat , mu\u00df sich an diesen kleinen Kerl richten \u00a0und dann wird er von der vollen Musik die in einer anderen Dimension der Realit\u00e4t f\u00fchrt , erstaunlich bleiben.<\/p>\n<p>Wenn Sie die Verst\u00e4rker kraft nicht haben und oder Sie m\u00f6gen die nicht , entdecken Sie die F\u00fclle jeder Einzelheit und die echte Farbe von jedem Instrument was in einer ganz neuen , bindenden Weise abgespielt wird.<\/p>\n<p>Es ist wahr , die beste Qualit\u00e4t der HF Region und die echte atemberaubende mikro und makrodynamische Merkmale geben eine total neue Dimension in das was Musiker h\u00f6ren w\u00fcnschen.<\/p>\n<p>Er treibt Sie zu vergessen , da\u00df vor Ihnen blo\u00df ein System da steht. Die Musik dringt einfach in das Leben ein.<\/p>\n<h3>MERKMALE<\/h3>\n<ul>\n<li>Special FLATFOIL\u00ae echt Aluribbon<\/li>\n<li>Special SYMMLEAD\u00ae Niedriginduktanz Signalpfad<\/li>\n<li>Special EQUAFIELD\u00ae NdFeB magnetische Konstruktion<\/li>\n<li>Special\u00a0\u00a0 \u00b4\u00b4non-wave-guide\u00b4\u00b4 INOX Frontpalle<\/li>\n<li>Sehr schnelle Anregzeit<\/li>\n<li>Flachfrequenzreaktion<\/li>\n<li>Niedrige nichtlineare Verzerrung<\/li>\n<li>Hochsignal leistungsausf\u00fchrung<\/li>\n<li>H\u00f6chste Zuverl\u00e4ssigkeit<\/li>\n<\/ul>\n<h3>SPEZIFIKATIONEN<\/h3>\n<ul>\n<li>Ribbon Material : Aluminium<\/li>\n<li>Ribbon Abmessungen : (70&#215;9,5&#215;0,004) mm<\/li>\n<li>Ribbon Gewicht : 0,0075 gr<\/li>\n<li>Ribbon Fl\u00e4che : 6,65 qcm<\/li>\n<li>Spalteninduktion : (Hauptwert \u00fcber Spaltenbreite) 0,62T<\/li>\n<li>Frequenzreaktion : 2 kHz \u2013 100 kHz<\/li>\n<li>Empfindlichkeit : 92 dB \/ 1 m \/ 2,83 V<\/li>\n<li>Impedanz : 8 Ohm<\/li>\n<li>Leistungsausf\u00fchrung : 150 W<\/li>\n<li>Empfohlener Crossover : 4er Klasse L-R@ 2.800 Hz<\/li>\n<li>EQUAFIELD\u00ae , FLATFOIL\u00ae , und SYMMLEAD\u00ae sind gesch\u00fctzte Markenzeichen der RAAL advanced loudspeakers d.o.o.<\/li>\n<li><i><img loading=\"lazy\" decoding=\"async\" src=\"http:\/\/www.raalribbon.com\/images\/equafield.jpg\" alt=\"\" width=\"87\" height=\"11\" border=\"0\" \/>, <img loading=\"lazy\" decoding=\"async\" src=\"http:\/\/www.raalribbon.com\/images\/flatfoil.jpg\" alt=\"\" width=\"69\" height=\"10\" border=\"0\" \/> and <img loading=\"lazy\" decoding=\"async\" src=\"http:\/\/www.raalribbon.com\/images\/symmlead.jpg\" alt=\"\" width=\"87\" height=\"11\" border=\"0\" \/>, sind gesch\u00fctzte Markenzeichen der RAAL advanced loudspeakers d.o.o.<\/i><\/li>\n<\/ul>\n<p>&nbsp;<\/p>\n<div id='gallery-2' class='gallery galleryid-448 gallery-columns-3 gallery-size-thumbnail'><figure class='gallery-item'>\n\t\t\t<div class='gallery-icon landscape'>\n\t\t\t\t<a href='https:\/\/porfyraaudio.com\/wp-content\/uploads\/2016\/02\/70-10-b.jpg'><img loading=\"lazy\" decoding=\"async\" width=\"150\" height=\"150\" src=\"https:\/\/porfyraaudio.com\/wp-content\/uploads\/2016\/02\/70-10-b-150x150.jpg\" class=\"attachment-thumbnail size-thumbnail\" alt=\"\" srcset=\"https:\/\/porfyraaudio.com\/wp-content\/uploads\/2016\/02\/70-10-b-150x150.jpg 150w, https:\/\/porfyraaudio.com\/wp-content\/uploads\/2016\/02\/70-10-b-200x200.jpg 200w, https:\/\/porfyraaudio.com\/wp-content\/uploads\/2016\/02\/70-10-b-184x184.jpg 184w\" sizes=\"auto, (max-width: 150px) 100vw, 150px\" \/><\/a>\n\t\t\t<\/div><\/figure><figure class='gallery-item'>\n\t\t\t<div class='gallery-icon landscape'>\n\t\t\t\t<a href='https:\/\/porfyraaudio.com\/wp-content\/uploads\/2016\/02\/70-10-c.jpg'><img loading=\"lazy\" decoding=\"async\" width=\"150\" height=\"150\" src=\"https:\/\/porfyraaudio.com\/wp-content\/uploads\/2016\/02\/70-10-c-150x150.jpg\" class=\"attachment-thumbnail size-thumbnail\" alt=\"\" srcset=\"https:\/\/porfyraaudio.com\/wp-content\/uploads\/2016\/02\/70-10-c-150x150.jpg 150w, https:\/\/porfyraaudio.com\/wp-content\/uploads\/2016\/02\/70-10-c-200x200.jpg 200w, https:\/\/porfyraaudio.com\/wp-content\/uploads\/2016\/02\/70-10-c-184x184.jpg 184w\" sizes=\"auto, (max-width: 150px) 100vw, 150px\" \/><\/a>\n\t\t\t<\/div><\/figure><figure class='gallery-item'>\n\t\t\t<div class='gallery-icon landscape'>\n\t\t\t\t<a href='https:\/\/porfyraaudio.com\/wp-content\/uploads\/2016\/02\/70-10_measurements.jpg'><img loading=\"lazy\" decoding=\"async\" width=\"150\" height=\"150\" src=\"https:\/\/porfyraaudio.com\/wp-content\/uploads\/2016\/02\/70-10_measurements-150x150.jpg\" class=\"attachment-thumbnail size-thumbnail\" alt=\"\" srcset=\"https:\/\/porfyraaudio.com\/wp-content\/uploads\/2016\/02\/70-10_measurements-150x150.jpg 150w, https:\/\/porfyraaudio.com\/wp-content\/uploads\/2016\/02\/70-10_measurements-200x200.jpg 200w, https:\/\/porfyraaudio.com\/wp-content\/uploads\/2016\/02\/70-10_measurements-184x184.jpg 184w\" sizes=\"auto, (max-width: 150px) 100vw, 150px\" \/><\/a>\n\t\t\t<\/div><\/figure>\n\t\t<\/div>\n\n<h3>Brosch\u00fcre<\/h3>\n<p><a href=\"http:\/\/porfyraaudio.com\/wp-content\/uploads\/2016\/02\/raal_70-10.pdf\" target=\"_blank\" rel=\"noopener\">RAAL 70-10 <img loading=\"lazy\" decoding=\"async\" src=\"http:\/\/www.raalribbon.com\/images\/pdf_logomali.gif\" alt=\"\" width=\"20\" height=\"23\" border=\"0\" \/><\/a><\/p>\n<p><a href=\"http:\/\/porfyraaudio.com\/wp-content\/uploads\/2016\/02\/logo_raal.gif\" rel=\"attachment wp-att-470\"><img loading=\"lazy\" decoding=\"async\" class=\"alignnone size-full wp-image-470\" src=\"http:\/\/porfyraaudio.com\/wp-content\/uploads\/2016\/02\/logo_raal.gif\" alt=\"logo_raal\" width=\"150\" height=\"83\" \/><\/a><\/p>\n<p>&nbsp;<\/p>","protected":false},"excerpt":{"rendered":"<p>Echte Ribbon Antriebe sind gut bekannt f\u00fcr ihre F\u00e4higkeit alle Einzelheiten musikalischer Materie ausgew\u00f6hnlich fein wiederzugeben. Diese arbeiten in einer unterschiedlichen Weise wie die herk\u00f6mmlichen Konus oder Ring HF Antriebe , von allen , so [&hellip;]<\/p>\n","protected":false},"author":2,"featured_media":454,"parent":10,"menu_order":0,"comment_status":"closed","ping_status":"closed","template":"","meta":{"footnotes":""},"class_list":["post-448","page","type-page","status-publish","has-post-thumbnail","hentry"],"yoast_head":"<!-- This site is optimized with the Yoast SEO plugin v27.3 - https:\/\/yoast.com\/product\/yoast-seo-wordpress\/ -->\n<title>RAAL 70-10 - Porfyra Audio<\/title>\n<meta name=\"robots\" content=\"index, follow, max-snippet:-1, max-image-preview:large, max-video-preview:-1\" \/>\n<link rel=\"canonical\" href=\"https:\/\/porfyraaudio.com\/products\/drive-units__trashed\/raal-70-10\/\" \/>\n<meta property=\"og:locale\" content=\"de_DE\" \/>\n<meta property=\"og:type\" content=\"article\" \/>\n<meta property=\"og:title\" content=\"RAAL 70-10 - Porfyra Audio\" \/>\n<meta property=\"og:description\" content=\"Echte Ribbon Antriebe sind gut bekannt f\u00fcr ihre F\u00e4higkeit alle Einzelheiten musikalischer Materie ausgew\u00f6hnlich fein wiederzugeben. Diese arbeiten in einer unterschiedlichen Weise wie die herk\u00f6mmlichen Konus oder Ring HF Antriebe , von allen , so [&hellip;]\" \/>\n<meta property=\"og:url\" content=\"https:\/\/porfyraaudio.com\/products\/drive-units__trashed\/raal-70-10\/\" \/>\n<meta property=\"og:site_name\" content=\"Porfyra Audio\" \/>\n<meta property=\"article:publisher\" content=\"https:\/\/www.facebook.com\/porfyraaudio\" \/>\n<meta property=\"article:modified_time\" content=\"2018-11-05T11:31:01+00:00\" \/>\n<meta property=\"og:image\" content=\"https:\/\/porfyraaudio.com\/wp-content\/uploads\/2016\/02\/70-10-a.jpg\" \/>\n\t<meta property=\"og:image:width\" content=\"600\" \/>\n\t<meta property=\"og:image:height\" content=\"400\" \/>\n\t<meta property=\"og:image:type\" content=\"image\/jpeg\" \/>\n<meta name=\"twitter:card\" content=\"summary_large_image\" \/>\n<meta name=\"twitter:label1\" content=\"Gesch\u00e4tzte Lesezeit\" \/>\n\t<meta name=\"twitter:data1\" content=\"5\u00a0Minuten\" \/>\n<script type=\"application\/ld+json\" class=\"yoast-schema-graph\">{\"@context\":\"https:\\\/\\\/schema.org\",\"@graph\":[{\"@type\":\"WebPage\",\"@id\":\"https:\\\/\\\/porfyraaudio.com\\\/products\\\/drive-units__trashed\\\/raal-70-10\\\/\",\"url\":\"https:\\\/\\\/porfyraaudio.com\\\/products\\\/drive-units__trashed\\\/raal-70-10\\\/\",\"name\":\"RAAL 70-10 - Porfyra Audio\",\"isPartOf\":{\"@id\":\"https:\\\/\\\/porfyraaudio.com\\\/#website\"},\"primaryImageOfPage\":{\"@id\":\"https:\\\/\\\/porfyraaudio.com\\\/products\\\/drive-units__trashed\\\/raal-70-10\\\/#primaryimage\"},\"image\":{\"@id\":\"https:\\\/\\\/porfyraaudio.com\\\/products\\\/drive-units__trashed\\\/raal-70-10\\\/#primaryimage\"},\"thumbnailUrl\":\"https:\\\/\\\/porfyraaudio.com\\\/wp-content\\\/uploads\\\/2016\\\/02\\\/70-10-a.jpg\",\"datePublished\":\"2016-02-14T11:06:22+00:00\",\"dateModified\":\"2018-11-05T11:31:01+00:00\",\"breadcrumb\":{\"@id\":\"https:\\\/\\\/porfyraaudio.com\\\/products\\\/drive-units__trashed\\\/raal-70-10\\\/#breadcrumb\"},\"inLanguage\":\"de\",\"potentialAction\":[{\"@type\":\"ReadAction\",\"target\":[\"https:\\\/\\\/porfyraaudio.com\\\/products\\\/drive-units__trashed\\\/raal-70-10\\\/\"]}]},{\"@type\":\"ImageObject\",\"inLanguage\":\"de\",\"@id\":\"https:\\\/\\\/porfyraaudio.com\\\/products\\\/drive-units__trashed\\\/raal-70-10\\\/#primaryimage\",\"url\":\"https:\\\/\\\/porfyraaudio.com\\\/wp-content\\\/uploads\\\/2016\\\/02\\\/70-10-a.jpg\",\"contentUrl\":\"https:\\\/\\\/porfyraaudio.com\\\/wp-content\\\/uploads\\\/2016\\\/02\\\/70-10-a.jpg\",\"width\":600,\"height\":400},{\"@type\":\"BreadcrumbList\",\"@id\":\"https:\\\/\\\/porfyraaudio.com\\\/products\\\/drive-units__trashed\\\/raal-70-10\\\/#breadcrumb\",\"itemListElement\":[{\"@type\":\"ListItem\",\"position\":1,\"name\":\"Home\",\"item\":\"https:\\\/\\\/porfyraaudio.com\\\/\"},{\"@type\":\"ListItem\",\"position\":2,\"name\":\"Products\",\"item\":\"https:\\\/\\\/porfyraaudio.com\\\/products\\\/\"},{\"@type\":\"ListItem\",\"position\":3,\"name\":\"RAAL 70-10\"}]},{\"@type\":\"WebSite\",\"@id\":\"https:\\\/\\\/porfyraaudio.com\\\/#website\",\"url\":\"https:\\\/\\\/porfyraaudio.com\\\/\",\"name\":\"Porfyra Audio\",\"description\":\"Sound high end\",\"publisher\":{\"@id\":\"https:\\\/\\\/porfyraaudio.com\\\/#organization\"},\"alternateName\":\"Sound high end\",\"potentialAction\":[{\"@type\":\"SearchAction\",\"target\":{\"@type\":\"EntryPoint\",\"urlTemplate\":\"https:\\\/\\\/porfyraaudio.com\\\/?s={search_term_string}\"},\"query-input\":{\"@type\":\"PropertyValueSpecification\",\"valueRequired\":true,\"valueName\":\"search_term_string\"}}],\"inLanguage\":\"de\"},{\"@type\":\"Organization\",\"@id\":\"https:\\\/\\\/porfyraaudio.com\\\/#organization\",\"name\":\"Porfyra Audio\",\"alternateName\":\"Sound high end\",\"url\":\"https:\\\/\\\/porfyraaudio.com\\\/\",\"logo\":{\"@type\":\"ImageObject\",\"inLanguage\":\"de\",\"@id\":\"https:\\\/\\\/porfyraaudio.com\\\/#\\\/schema\\\/logo\\\/image\\\/\",\"url\":\"https:\\\/\\\/porfyraaudio.com\\\/wp-content\\\/uploads\\\/2023\\\/01\\\/card.jpg\",\"contentUrl\":\"https:\\\/\\\/porfyraaudio.com\\\/wp-content\\\/uploads\\\/2023\\\/01\\\/card.jpg\",\"width\":800,\"height\":500,\"caption\":\"Porfyra Audio\"},\"image\":{\"@id\":\"https:\\\/\\\/porfyraaudio.com\\\/#\\\/schema\\\/logo\\\/image\\\/\"},\"sameAs\":[\"https:\\\/\\\/www.facebook.com\\\/porfyraaudio\"]}]}<\/script>\n<!-- \/ Yoast SEO plugin. -->","yoast_head_json":{"title":"RAAL 70-10 - Porfyra Audio","robots":{"index":"index","follow":"follow","max-snippet":"max-snippet:-1","max-image-preview":"max-image-preview:large","max-video-preview":"max-video-preview:-1"},"canonical":"https:\/\/porfyraaudio.com\/products\/drive-units__trashed\/raal-70-10\/","og_locale":"de_DE","og_type":"article","og_title":"RAAL 70-10 - Porfyra Audio","og_description":"Echte Ribbon Antriebe sind gut bekannt f\u00fcr ihre F\u00e4higkeit alle Einzelheiten musikalischer Materie ausgew\u00f6hnlich fein wiederzugeben. Diese arbeiten in einer unterschiedlichen Weise wie die herk\u00f6mmlichen Konus oder Ring HF Antriebe , von allen , so [&hellip;]","og_url":"https:\/\/porfyraaudio.com\/products\/drive-units__trashed\/raal-70-10\/","og_site_name":"Porfyra Audio","article_publisher":"https:\/\/www.facebook.com\/porfyraaudio","article_modified_time":"2018-11-05T11:31:01+00:00","og_image":[{"width":600,"height":400,"url":"https:\/\/porfyraaudio.com\/wp-content\/uploads\/2016\/02\/70-10-a.jpg","type":"image\/jpeg"}],"twitter_card":"summary_large_image","twitter_misc":{"Gesch\u00e4tzte Lesezeit":"5\u00a0Minuten"},"schema":{"@context":"https:\/\/schema.org","@graph":[{"@type":"WebPage","@id":"https:\/\/porfyraaudio.com\/products\/drive-units__trashed\/raal-70-10\/","url":"https:\/\/porfyraaudio.com\/products\/drive-units__trashed\/raal-70-10\/","name":"RAAL 70-10 - Porfyra Audio","isPartOf":{"@id":"https:\/\/porfyraaudio.com\/#website"},"primaryImageOfPage":{"@id":"https:\/\/porfyraaudio.com\/products\/drive-units__trashed\/raal-70-10\/#primaryimage"},"image":{"@id":"https:\/\/porfyraaudio.com\/products\/drive-units__trashed\/raal-70-10\/#primaryimage"},"thumbnailUrl":"https:\/\/porfyraaudio.com\/wp-content\/uploads\/2016\/02\/70-10-a.jpg","datePublished":"2016-02-14T11:06:22+00:00","dateModified":"2018-11-05T11:31:01+00:00","breadcrumb":{"@id":"https:\/\/porfyraaudio.com\/products\/drive-units__trashed\/raal-70-10\/#breadcrumb"},"inLanguage":"de","potentialAction":[{"@type":"ReadAction","target":["https:\/\/porfyraaudio.com\/products\/drive-units__trashed\/raal-70-10\/"]}]},{"@type":"ImageObject","inLanguage":"de","@id":"https:\/\/porfyraaudio.com\/products\/drive-units__trashed\/raal-70-10\/#primaryimage","url":"https:\/\/porfyraaudio.com\/wp-content\/uploads\/2016\/02\/70-10-a.jpg","contentUrl":"https:\/\/porfyraaudio.com\/wp-content\/uploads\/2016\/02\/70-10-a.jpg","width":600,"height":400},{"@type":"BreadcrumbList","@id":"https:\/\/porfyraaudio.com\/products\/drive-units__trashed\/raal-70-10\/#breadcrumb","itemListElement":[{"@type":"ListItem","position":1,"name":"Home","item":"https:\/\/porfyraaudio.com\/"},{"@type":"ListItem","position":2,"name":"Products","item":"https:\/\/porfyraaudio.com\/products\/"},{"@type":"ListItem","position":3,"name":"RAAL 70-10"}]},{"@type":"WebSite","@id":"https:\/\/porfyraaudio.com\/#website","url":"https:\/\/porfyraaudio.com\/","name":"Porfyra Audio","description":"Sound high end","publisher":{"@id":"https:\/\/porfyraaudio.com\/#organization"},"alternateName":"Sound high end","potentialAction":[{"@type":"SearchAction","target":{"@type":"EntryPoint","urlTemplate":"https:\/\/porfyraaudio.com\/?s={search_term_string}"},"query-input":{"@type":"PropertyValueSpecification","valueRequired":true,"valueName":"search_term_string"}}],"inLanguage":"de"},{"@type":"Organization","@id":"https:\/\/porfyraaudio.com\/#organization","name":"Porfyra Audio","alternateName":"Sound high end","url":"https:\/\/porfyraaudio.com\/","logo":{"@type":"ImageObject","inLanguage":"de","@id":"https:\/\/porfyraaudio.com\/#\/schema\/logo\/image\/","url":"https:\/\/porfyraaudio.com\/wp-content\/uploads\/2023\/01\/card.jpg","contentUrl":"https:\/\/porfyraaudio.com\/wp-content\/uploads\/2023\/01\/card.jpg","width":800,"height":500,"caption":"Porfyra Audio"},"image":{"@id":"https:\/\/porfyraaudio.com\/#\/schema\/logo\/image\/"},"sameAs":["https:\/\/www.facebook.com\/porfyraaudio"]}]}},"_links":{"self":[{"href":"https:\/\/porfyraaudio.com\/de\/wp-json\/wp\/v2\/pages\/448","targetHints":{"allow":["GET"]}}],"collection":[{"href":"https:\/\/porfyraaudio.com\/de\/wp-json\/wp\/v2\/pages"}],"about":[{"href":"https:\/\/porfyraaudio.com\/de\/wp-json\/wp\/v2\/types\/page"}],"author":[{"embeddable":true,"href":"https:\/\/porfyraaudio.com\/de\/wp-json\/wp\/v2\/users\/2"}],"replies":[{"embeddable":true,"href":"https:\/\/porfyraaudio.com\/de\/wp-json\/wp\/v2\/comments?post=448"}],"version-history":[{"count":8,"href":"https:\/\/porfyraaudio.com\/de\/wp-json\/wp\/v2\/pages\/448\/revisions"}],"predecessor-version":[{"id":612,"href":"https:\/\/porfyraaudio.com\/de\/wp-json\/wp\/v2\/pages\/448\/revisions\/612"}],"up":[{"embeddable":true,"href":"https:\/\/porfyraaudio.com\/de\/wp-json\/wp\/v2\/pages\/10"}],"wp:featuredmedia":[{"embeddable":true,"href":"https:\/\/porfyraaudio.com\/de\/wp-json\/wp\/v2\/media\/454"}],"wp:attachment":[{"href":"https:\/\/porfyraaudio.com\/de\/wp-json\/wp\/v2\/media?parent=448"}],"curies":[{"name":"wp","href":"https:\/\/api.w.org\/{rel}","templated":true}]}}