{"id":521,"date":"2016-02-15T14:36:01","date_gmt":"2016-02-15T14:36:01","guid":{"rendered":"http:\/\/porfyraaudio.com\/?page_id=521"},"modified":"2018-08-16T15:25:27","modified_gmt":"2018-08-16T15:25:27","slug":"porfyra-stts-220","status":"publish","type":"page","link":"https:\/\/porfyraaudio.com\/de\/porfyra-stts-220\/","title":{"rendered":"Porfyra STTS 220"},"content":{"rendered":"<p><\/p>\n<div id=\"js_3q\" class=\"_5pbx userContent\" data-ft=\"{&quot;tn&quot;:&quot;K&quot;}\">\n<p>Der STTS 220 power Verst\u00e4rker ist stolz auf seine im Werk eingebaute Single End Pure Klasse A Platine , welche gar keine Kreuzverzerrung , die in einem Push Pull Verst\u00e4rker zu erwarten w\u00e4re , gew\u00e4hrleistet.<\/p>\n<p>Der Verst\u00e4rker ist mit einem NPN Transistor und eine Mosfet Drive Einheit gebaut.<\/p>\n<p>2x25Watt RMS bei 8\u03a9. Er wird mit 230 V oder eine 24 V Batterie gespeist.<\/p>\n<div class=\"_5wpt\"><\/div>\n<\/div>\n<div class=\"_3x-2\">\n<div id='gallery-2' class='gallery galleryid-521 gallery-columns-3 gallery-size-thumbnail'><figure class='gallery-item'>\n\t\t\t<div class='gallery-icon landscape'>\n\t\t\t\t<a href='https:\/\/porfyraaudio.com\/wp-content\/uploads\/2016\/02\/stts_220_006.jpg'><img loading=\"lazy\" decoding=\"async\" width=\"150\" height=\"150\" src=\"https:\/\/porfyraaudio.com\/wp-content\/uploads\/2016\/02\/stts_220_006-150x150.jpg\" class=\"attachment-thumbnail size-thumbnail\" alt=\"\" srcset=\"https:\/\/porfyraaudio.com\/wp-content\/uploads\/2016\/02\/stts_220_006-150x150.jpg 150w, https:\/\/porfyraaudio.com\/wp-content\/uploads\/2016\/02\/stts_220_006-200x200.jpg 200w, https:\/\/porfyraaudio.com\/wp-content\/uploads\/2016\/02\/stts_220_006-184x184.jpg 184w\" sizes=\"auto, (max-width: 150px) 100vw, 150px\" \/><\/a>\n\t\t\t<\/div><\/figure><figure class='gallery-item'>\n\t\t\t<div class='gallery-icon landscape'>\n\t\t\t\t<a href='https:\/\/porfyraaudio.com\/wp-content\/uploads\/2016\/02\/stts_220_007.jpg'><img loading=\"lazy\" decoding=\"async\" width=\"150\" height=\"150\" src=\"https:\/\/porfyraaudio.com\/wp-content\/uploads\/2016\/02\/stts_220_007-150x150.jpg\" class=\"attachment-thumbnail size-thumbnail\" alt=\"\" srcset=\"https:\/\/porfyraaudio.com\/wp-content\/uploads\/2016\/02\/stts_220_007-150x150.jpg 150w, https:\/\/porfyraaudio.com\/wp-content\/uploads\/2016\/02\/stts_220_007-200x200.jpg 200w, https:\/\/porfyraaudio.com\/wp-content\/uploads\/2016\/02\/stts_220_007-184x184.jpg 184w\" sizes=\"auto, (max-width: 150px) 100vw, 150px\" \/><\/a>\n\t\t\t<\/div><\/figure>\n\t\t<\/div>\n\n<\/div>\n<p><\/p>","protected":false},"excerpt":{"rendered":"<p>Der STTS 220 power Verst\u00e4rker ist stolz auf seine im Werk eingebaute Single End Pure Klasse A Platine , welche gar keine Kreuzverzerrung , die in einem Push Pull Verst\u00e4rker zu erwarten w\u00e4re , gew\u00e4hrleistet. [&hellip;]<\/p>\n","protected":false},"author":2,"featured_media":522,"parent":0,"menu_order":0,"comment_status":"closed","ping_status":"closed","template":"","meta":{"footnotes":""},"class_list":["post-521","page","type-page","status-publish","has-post-thumbnail","hentry"],"yoast_head":"<!-- This site is optimized with the Yoast SEO plugin v27.3 - https:\/\/yoast.com\/product\/yoast-seo-wordpress\/ -->\n<title>Porfyra STTS 220 - Porfyra Audio<\/title>\n<meta name=\"robots\" content=\"index, follow, max-snippet:-1, max-image-preview:large, max-video-preview:-1\" \/>\n<link rel=\"canonical\" href=\"https:\/\/porfyraaudio.com\/porfyra-stts-220\/\" \/>\n<meta property=\"og:locale\" content=\"de_DE\" \/>\n<meta property=\"og:type\" content=\"article\" \/>\n<meta property=\"og:title\" content=\"Porfyra STTS 220 - Porfyra Audio\" \/>\n<meta property=\"og:description\" content=\"Der STTS 220 power Verst\u00e4rker ist stolz auf seine im Werk eingebaute Single End Pure Klasse A Platine , welche gar keine Kreuzverzerrung , die in einem Push Pull Verst\u00e4rker zu erwarten w\u00e4re , gew\u00e4hrleistet. [&hellip;]\" \/>\n<meta property=\"og:url\" content=\"https:\/\/porfyraaudio.com\/porfyra-stts-220\/\" \/>\n<meta property=\"og:site_name\" content=\"Porfyra Audio\" \/>\n<meta property=\"article:publisher\" content=\"https:\/\/www.facebook.com\/porfyraaudio\" \/>\n<meta property=\"article:modified_time\" content=\"2018-08-16T15:25:27+00:00\" \/>\n<meta property=\"og:image\" content=\"https:\/\/porfyraaudio.com\/wp-content\/uploads\/2016\/02\/stts_220_008.jpg\" \/>\n\t<meta property=\"og:image:width\" content=\"800\" \/>\n\t<meta property=\"og:image:height\" content=\"559\" \/>\n\t<meta property=\"og:image:type\" content=\"image\/jpeg\" \/>\n<meta name=\"twitter:card\" content=\"summary_large_image\" \/>\n<meta name=\"twitter:label1\" content=\"Gesch\u00e4tzte Lesezeit\" \/>\n\t<meta name=\"twitter:data1\" content=\"1\u00a0Minute\" \/>\n<script type=\"application\/ld+json\" class=\"yoast-schema-graph\">{\"@context\":\"https:\\\/\\\/schema.org\",\"@graph\":[{\"@type\":\"WebPage\",\"@id\":\"https:\\\/\\\/porfyraaudio.com\\\/porfyra-stts-220\\\/\",\"url\":\"https:\\\/\\\/porfyraaudio.com\\\/porfyra-stts-220\\\/\",\"name\":\"Porfyra STTS 220 - Porfyra Audio\",\"isPartOf\":{\"@id\":\"https:\\\/\\\/porfyraaudio.com\\\/#website\"},\"primaryImageOfPage\":{\"@id\":\"https:\\\/\\\/porfyraaudio.com\\\/porfyra-stts-220\\\/#primaryimage\"},\"image\":{\"@id\":\"https:\\\/\\\/porfyraaudio.com\\\/porfyra-stts-220\\\/#primaryimage\"},\"thumbnailUrl\":\"https:\\\/\\\/porfyraaudio.com\\\/wp-content\\\/uploads\\\/2016\\\/02\\\/stts_220_008.jpg\",\"datePublished\":\"2016-02-15T14:36:01+00:00\",\"dateModified\":\"2018-08-16T15:25:27+00:00\",\"breadcrumb\":{\"@id\":\"https:\\\/\\\/porfyraaudio.com\\\/porfyra-stts-220\\\/#breadcrumb\"},\"inLanguage\":\"de\",\"potentialAction\":[{\"@type\":\"ReadAction\",\"target\":[\"https:\\\/\\\/porfyraaudio.com\\\/porfyra-stts-220\\\/\"]}]},{\"@type\":\"ImageObject\",\"inLanguage\":\"de\",\"@id\":\"https:\\\/\\\/porfyraaudio.com\\\/porfyra-stts-220\\\/#primaryimage\",\"url\":\"https:\\\/\\\/porfyraaudio.com\\\/wp-content\\\/uploads\\\/2016\\\/02\\\/stts_220_008.jpg\",\"contentUrl\":\"https:\\\/\\\/porfyraaudio.com\\\/wp-content\\\/uploads\\\/2016\\\/02\\\/stts_220_008.jpg\",\"width\":800,\"height\":559},{\"@type\":\"BreadcrumbList\",\"@id\":\"https:\\\/\\\/porfyraaudio.com\\\/porfyra-stts-220\\\/#breadcrumb\",\"itemListElement\":[{\"@type\":\"ListItem\",\"position\":1,\"name\":\"Home\",\"item\":\"https:\\\/\\\/porfyraaudio.com\\\/\"},{\"@type\":\"ListItem\",\"position\":2,\"name\":\"Porfyra STTS 220\"}]},{\"@type\":\"WebSite\",\"@id\":\"https:\\\/\\\/porfyraaudio.com\\\/#website\",\"url\":\"https:\\\/\\\/porfyraaudio.com\\\/\",\"name\":\"Porfyra Audio\",\"description\":\"Sound high end\",\"publisher\":{\"@id\":\"https:\\\/\\\/porfyraaudio.com\\\/#organization\"},\"alternateName\":\"Sound high end\",\"potentialAction\":[{\"@type\":\"SearchAction\",\"target\":{\"@type\":\"EntryPoint\",\"urlTemplate\":\"https:\\\/\\\/porfyraaudio.com\\\/?s={search_term_string}\"},\"query-input\":{\"@type\":\"PropertyValueSpecification\",\"valueRequired\":true,\"valueName\":\"search_term_string\"}}],\"inLanguage\":\"de\"},{\"@type\":\"Organization\",\"@id\":\"https:\\\/\\\/porfyraaudio.com\\\/#organization\",\"name\":\"Porfyra Audio\",\"alternateName\":\"Sound high end\",\"url\":\"https:\\\/\\\/porfyraaudio.com\\\/\",\"logo\":{\"@type\":\"ImageObject\",\"inLanguage\":\"de\",\"@id\":\"https:\\\/\\\/porfyraaudio.com\\\/#\\\/schema\\\/logo\\\/image\\\/\",\"url\":\"https:\\\/\\\/porfyraaudio.com\\\/wp-content\\\/uploads\\\/2023\\\/01\\\/card.jpg\",\"contentUrl\":\"https:\\\/\\\/porfyraaudio.com\\\/wp-content\\\/uploads\\\/2023\\\/01\\\/card.jpg\",\"width\":800,\"height\":500,\"caption\":\"Porfyra Audio\"},\"image\":{\"@id\":\"https:\\\/\\\/porfyraaudio.com\\\/#\\\/schema\\\/logo\\\/image\\\/\"},\"sameAs\":[\"https:\\\/\\\/www.facebook.com\\\/porfyraaudio\"]}]}<\/script>\n<!-- \/ Yoast SEO plugin. -->","yoast_head_json":{"title":"Porfyra STTS 220 - Porfyra Audio","robots":{"index":"index","follow":"follow","max-snippet":"max-snippet:-1","max-image-preview":"max-image-preview:large","max-video-preview":"max-video-preview:-1"},"canonical":"https:\/\/porfyraaudio.com\/porfyra-stts-220\/","og_locale":"de_DE","og_type":"article","og_title":"Porfyra STTS 220 - Porfyra Audio","og_description":"Der STTS 220 power Verst\u00e4rker ist stolz auf seine im Werk eingebaute Single End Pure Klasse A Platine , welche gar keine Kreuzverzerrung , die in einem Push Pull Verst\u00e4rker zu erwarten w\u00e4re , gew\u00e4hrleistet. [&hellip;]","og_url":"https:\/\/porfyraaudio.com\/porfyra-stts-220\/","og_site_name":"Porfyra Audio","article_publisher":"https:\/\/www.facebook.com\/porfyraaudio","article_modified_time":"2018-08-16T15:25:27+00:00","og_image":[{"width":800,"height":559,"url":"https:\/\/porfyraaudio.com\/wp-content\/uploads\/2016\/02\/stts_220_008.jpg","type":"image\/jpeg"}],"twitter_card":"summary_large_image","twitter_misc":{"Gesch\u00e4tzte Lesezeit":"1\u00a0Minute"},"schema":{"@context":"https:\/\/schema.org","@graph":[{"@type":"WebPage","@id":"https:\/\/porfyraaudio.com\/porfyra-stts-220\/","url":"https:\/\/porfyraaudio.com\/porfyra-stts-220\/","name":"Porfyra STTS 220 - Porfyra Audio","isPartOf":{"@id":"https:\/\/porfyraaudio.com\/#website"},"primaryImageOfPage":{"@id":"https:\/\/porfyraaudio.com\/porfyra-stts-220\/#primaryimage"},"image":{"@id":"https:\/\/porfyraaudio.com\/porfyra-stts-220\/#primaryimage"},"thumbnailUrl":"https:\/\/porfyraaudio.com\/wp-content\/uploads\/2016\/02\/stts_220_008.jpg","datePublished":"2016-02-15T14:36:01+00:00","dateModified":"2018-08-16T15:25:27+00:00","breadcrumb":{"@id":"https:\/\/porfyraaudio.com\/porfyra-stts-220\/#breadcrumb"},"inLanguage":"de","potentialAction":[{"@type":"ReadAction","target":["https:\/\/porfyraaudio.com\/porfyra-stts-220\/"]}]},{"@type":"ImageObject","inLanguage":"de","@id":"https:\/\/porfyraaudio.com\/porfyra-stts-220\/#primaryimage","url":"https:\/\/porfyraaudio.com\/wp-content\/uploads\/2016\/02\/stts_220_008.jpg","contentUrl":"https:\/\/porfyraaudio.com\/wp-content\/uploads\/2016\/02\/stts_220_008.jpg","width":800,"height":559},{"@type":"BreadcrumbList","@id":"https:\/\/porfyraaudio.com\/porfyra-stts-220\/#breadcrumb","itemListElement":[{"@type":"ListItem","position":1,"name":"Home","item":"https:\/\/porfyraaudio.com\/"},{"@type":"ListItem","position":2,"name":"Porfyra STTS 220"}]},{"@type":"WebSite","@id":"https:\/\/porfyraaudio.com\/#website","url":"https:\/\/porfyraaudio.com\/","name":"Porfyra Audio","description":"Sound high end","publisher":{"@id":"https:\/\/porfyraaudio.com\/#organization"},"alternateName":"Sound high end","potentialAction":[{"@type":"SearchAction","target":{"@type":"EntryPoint","urlTemplate":"https:\/\/porfyraaudio.com\/?s={search_term_string}"},"query-input":{"@type":"PropertyValueSpecification","valueRequired":true,"valueName":"search_term_string"}}],"inLanguage":"de"},{"@type":"Organization","@id":"https:\/\/porfyraaudio.com\/#organization","name":"Porfyra Audio","alternateName":"Sound high end","url":"https:\/\/porfyraaudio.com\/","logo":{"@type":"ImageObject","inLanguage":"de","@id":"https:\/\/porfyraaudio.com\/#\/schema\/logo\/image\/","url":"https:\/\/porfyraaudio.com\/wp-content\/uploads\/2023\/01\/card.jpg","contentUrl":"https:\/\/porfyraaudio.com\/wp-content\/uploads\/2023\/01\/card.jpg","width":800,"height":500,"caption":"Porfyra Audio"},"image":{"@id":"https:\/\/porfyraaudio.com\/#\/schema\/logo\/image\/"},"sameAs":["https:\/\/www.facebook.com\/porfyraaudio"]}]}},"_links":{"self":[{"href":"https:\/\/porfyraaudio.com\/de\/wp-json\/wp\/v2\/pages\/521","targetHints":{"allow":["GET"]}}],"collection":[{"href":"https:\/\/porfyraaudio.com\/de\/wp-json\/wp\/v2\/pages"}],"about":[{"href":"https:\/\/porfyraaudio.com\/de\/wp-json\/wp\/v2\/types\/page"}],"author":[{"embeddable":true,"href":"https:\/\/porfyraaudio.com\/de\/wp-json\/wp\/v2\/users\/2"}],"replies":[{"embeddable":true,"href":"https:\/\/porfyraaudio.com\/de\/wp-json\/wp\/v2\/comments?post=521"}],"version-history":[{"count":5,"href":"https:\/\/porfyraaudio.com\/de\/wp-json\/wp\/v2\/pages\/521\/revisions"}],"predecessor-version":[{"id":588,"href":"https:\/\/porfyraaudio.com\/de\/wp-json\/wp\/v2\/pages\/521\/revisions\/588"}],"wp:featuredmedia":[{"embeddable":true,"href":"https:\/\/porfyraaudio.com\/de\/wp-json\/wp\/v2\/media\/522"}],"wp:attachment":[{"href":"https:\/\/porfyraaudio.com\/de\/wp-json\/wp\/v2\/media?parent=521"}],"curies":[{"name":"wp","href":"https:\/\/api.w.org\/{rel}","templated":true}]}}