{"id":528,"date":"2016-02-15T14:40:37","date_gmt":"2016-02-15T14:40:37","guid":{"rendered":"http:\/\/porfyraaudio.com\/?page_id=528"},"modified":"2018-08-16T15:27:15","modified_gmt":"2018-08-16T15:27:15","slug":"porfyra-har-ar-1","status":"publish","type":"page","link":"https:\/\/porfyraaudio.com\/de\/porfyra-har-ar-1\/","title":{"rendered":"Porfyra HAR AR 1"},"content":{"rendered":"<p>PORFYRA Audio \u00a0pr\u00e4sentiert einen Ultra Hi End Tube Vorverst\u00e4rker der sich auf den Philips E 118CC Tube basiert.<\/p>\n<p>Der Vorverst\u00e4rker verwendet \u00d6lkapazitoren f\u00fcr die Kathoden und MKP Kapazitoren f\u00fcr die Ausg\u00e4nge.<\/p>\n<p>Um die Interferenzen zu minimieren und die Feinheit des Signals aufrechtzuhalten ist die Stromversorgung von der Einheit unabh\u00e4ngig.<\/p>\n<p>Es wird eine zertifizierte R\u00f6hre Typ 5U4 mit Stabilisierungsfaden LM 338 verwendet . Hochspannungsstabilisierung wird mit hoch parallel MOSFETS erzeugt.<\/p>\n<p>Die Haupteinheit ist mit einem on-off W\u00e4hler ausger\u00fcstet , welcher dem Zuh\u00f6rer den Ausgangsklang nach dem akustischen Geschmack einzustellen , erlaubt.<\/p>\n<p>Eine Fernbedienung zur Lautst\u00e4rkenkontrolle und Eingabeauswahl ist auch vorhanden.<\/p>\n<p><strong>Technische Informationen<\/strong><\/p>\n<p>Verst\u00e4rkung: 24 dB (ohne feedback) oder 18 dB (mit feedback)<\/p>\n<p>Frequenzreaktion: 8 Hz bis 200kHz +\/- 3 dB<\/p>\n<p>Haupteinheit<\/p>\n<p>Gewicht:<\/p>\n<p>Breite:\u00a0\u00a0 435 mm<\/p>\n<p>Tiefe: \u00a0\u00a0\u00a0350 mm<\/p>\n<p>H\u00f6he:\u00a0\u00a0\u00a0\u00a0 80 mm<\/p>\n<p><strong>Stromversorgungseinheit<\/strong><\/p>\n<p>Gewicht:<\/p>\n<p>Breite: 435 mm<\/p>\n<p>Tiefe:\u00a0\u00a0 350 mm<\/p>\n<p>H\u00f6he:\u00a0\u00a0 165 mm<\/p>\n<p>&nbsp;<\/p>\n<p>&nbsp;<\/p>\n<p><div id='gallery-2' class='gallery galleryid-528 gallery-columns-4 gallery-size-thumbnail'><figure class='gallery-item'>\n\t\t\t<div class='gallery-icon landscape'>\n\t\t\t\t<a href='https:\/\/porfyraaudio.com\/wp-content\/uploads\/2016\/02\/har_ar_1_001.jpg'><img loading=\"lazy\" decoding=\"async\" width=\"150\" height=\"150\" src=\"https:\/\/porfyraaudio.com\/wp-content\/uploads\/2016\/02\/har_ar_1_001-150x150.jpg\" class=\"attachment-thumbnail size-thumbnail\" alt=\"\" srcset=\"https:\/\/porfyraaudio.com\/wp-content\/uploads\/2016\/02\/har_ar_1_001-150x150.jpg 150w, https:\/\/porfyraaudio.com\/wp-content\/uploads\/2016\/02\/har_ar_1_001-200x200.jpg 200w, https:\/\/porfyraaudio.com\/wp-content\/uploads\/2016\/02\/har_ar_1_001-184x184.jpg 184w\" sizes=\"auto, (max-width: 150px) 100vw, 150px\" \/><\/a>\n\t\t\t<\/div><\/figure><figure class='gallery-item'>\n\t\t\t<div class='gallery-icon landscape'>\n\t\t\t\t<a href='https:\/\/porfyraaudio.com\/wp-content\/uploads\/2016\/02\/har_ar_1_002.jpg'><img loading=\"lazy\" decoding=\"async\" width=\"150\" height=\"150\" src=\"https:\/\/porfyraaudio.com\/wp-content\/uploads\/2016\/02\/har_ar_1_002-150x150.jpg\" class=\"attachment-thumbnail size-thumbnail\" alt=\"\" srcset=\"https:\/\/porfyraaudio.com\/wp-content\/uploads\/2016\/02\/har_ar_1_002-150x150.jpg 150w, https:\/\/porfyraaudio.com\/wp-content\/uploads\/2016\/02\/har_ar_1_002-200x200.jpg 200w, https:\/\/porfyraaudio.com\/wp-content\/uploads\/2016\/02\/har_ar_1_002-184x184.jpg 184w\" sizes=\"auto, (max-width: 150px) 100vw, 150px\" \/><\/a>\n\t\t\t<\/div><\/figure><figure class='gallery-item'>\n\t\t\t<div class='gallery-icon landscape'>\n\t\t\t\t<a href='https:\/\/porfyraaudio.com\/wp-content\/uploads\/2016\/02\/har_ar_1_003.jpg'><img loading=\"lazy\" decoding=\"async\" width=\"150\" height=\"150\" src=\"https:\/\/porfyraaudio.com\/wp-content\/uploads\/2016\/02\/har_ar_1_003-150x150.jpg\" class=\"attachment-thumbnail size-thumbnail\" alt=\"\" srcset=\"https:\/\/porfyraaudio.com\/wp-content\/uploads\/2016\/02\/har_ar_1_003-150x150.jpg 150w, https:\/\/porfyraaudio.com\/wp-content\/uploads\/2016\/02\/har_ar_1_003-200x200.jpg 200w, https:\/\/porfyraaudio.com\/wp-content\/uploads\/2016\/02\/har_ar_1_003-184x184.jpg 184w\" sizes=\"auto, (max-width: 150px) 100vw, 150px\" \/><\/a>\n\t\t\t<\/div><\/figure><figure class='gallery-item'>\n\t\t\t<div class='gallery-icon landscape'>\n\t\t\t\t<a href='https:\/\/porfyraaudio.com\/wp-content\/uploads\/2016\/02\/har_ar_1_004.jpg'><img loading=\"lazy\" decoding=\"async\" width=\"150\" height=\"150\" src=\"https:\/\/porfyraaudio.com\/wp-content\/uploads\/2016\/02\/har_ar_1_004-150x150.jpg\" class=\"attachment-thumbnail size-thumbnail\" alt=\"\" srcset=\"https:\/\/porfyraaudio.com\/wp-content\/uploads\/2016\/02\/har_ar_1_004-150x150.jpg 150w, https:\/\/porfyraaudio.com\/wp-content\/uploads\/2016\/02\/har_ar_1_004-200x200.jpg 200w, https:\/\/porfyraaudio.com\/wp-content\/uploads\/2016\/02\/har_ar_1_004-184x184.jpg 184w\" sizes=\"auto, (max-width: 150px) 100vw, 150px\" \/><\/a>\n\t\t\t<\/div><\/figure>\n\t\t<\/div>\n<\/p>","protected":false},"excerpt":{"rendered":"<p>PORFYRA Audio \u00a0pr\u00e4sentiert einen Ultra Hi End Tube Vorverst\u00e4rker der sich auf den Philips E 118CC Tube basiert. Der Vorverst\u00e4rker verwendet \u00d6lkapazitoren f\u00fcr die Kathoden und MKP Kapazitoren f\u00fcr die Ausg\u00e4nge. Um die Interferenzen zu [&hellip;]<\/p>\n","protected":false},"author":2,"featured_media":529,"parent":0,"menu_order":0,"comment_status":"closed","ping_status":"closed","template":"","meta":{"footnotes":""},"class_list":["post-528","page","type-page","status-publish","has-post-thumbnail","hentry"],"yoast_head":"<!-- This site is optimized with the Yoast SEO plugin v27.3 - https:\/\/yoast.com\/product\/yoast-seo-wordpress\/ -->\n<title>Porfyra HAR AR 1 - Porfyra Audio<\/title>\n<meta name=\"robots\" content=\"index, follow, max-snippet:-1, max-image-preview:large, max-video-preview:-1\" \/>\n<link rel=\"canonical\" href=\"https:\/\/porfyraaudio.com\/porfyra-har-ar-1\/\" \/>\n<meta property=\"og:locale\" content=\"de_DE\" \/>\n<meta property=\"og:type\" content=\"article\" \/>\n<meta property=\"og:title\" content=\"Porfyra HAR AR 1 - Porfyra Audio\" \/>\n<meta property=\"og:description\" content=\"PORFYRA Audio \u00a0pr\u00e4sentiert einen Ultra Hi End Tube Vorverst\u00e4rker der sich auf den Philips E 118CC Tube basiert. Der Vorverst\u00e4rker verwendet \u00d6lkapazitoren f\u00fcr die Kathoden und MKP Kapazitoren f\u00fcr die Ausg\u00e4nge. Um die Interferenzen zu [&hellip;]\" \/>\n<meta property=\"og:url\" content=\"https:\/\/porfyraaudio.com\/porfyra-har-ar-1\/\" \/>\n<meta property=\"og:site_name\" content=\"Porfyra Audio\" \/>\n<meta property=\"article:publisher\" content=\"https:\/\/www.facebook.com\/porfyraaudio\" \/>\n<meta property=\"article:modified_time\" content=\"2018-08-16T15:27:15+00:00\" \/>\n<meta property=\"og:image\" content=\"https:\/\/porfyraaudio.com\/wp-content\/uploads\/2016\/02\/har_ar_1_005.jpg\" \/>\n\t<meta property=\"og:image:width\" content=\"800\" \/>\n\t<meta property=\"og:image:height\" content=\"623\" \/>\n\t<meta property=\"og:image:type\" content=\"image\/jpeg\" \/>\n<meta name=\"twitter:card\" content=\"summary_large_image\" \/>\n<meta name=\"twitter:label1\" content=\"Gesch\u00e4tzte Lesezeit\" \/>\n\t<meta name=\"twitter:data1\" content=\"1\u00a0Minute\" \/>\n<script type=\"application\/ld+json\" class=\"yoast-schema-graph\">{\"@context\":\"https:\\\/\\\/schema.org\",\"@graph\":[{\"@type\":\"WebPage\",\"@id\":\"https:\\\/\\\/porfyraaudio.com\\\/porfyra-har-ar-1\\\/\",\"url\":\"https:\\\/\\\/porfyraaudio.com\\\/porfyra-har-ar-1\\\/\",\"name\":\"Porfyra HAR AR 1 - Porfyra Audio\",\"isPartOf\":{\"@id\":\"https:\\\/\\\/porfyraaudio.com\\\/#website\"},\"primaryImageOfPage\":{\"@id\":\"https:\\\/\\\/porfyraaudio.com\\\/porfyra-har-ar-1\\\/#primaryimage\"},\"image\":{\"@id\":\"https:\\\/\\\/porfyraaudio.com\\\/porfyra-har-ar-1\\\/#primaryimage\"},\"thumbnailUrl\":\"https:\\\/\\\/porfyraaudio.com\\\/wp-content\\\/uploads\\\/2016\\\/02\\\/har_ar_1_005.jpg\",\"datePublished\":\"2016-02-15T14:40:37+00:00\",\"dateModified\":\"2018-08-16T15:27:15+00:00\",\"breadcrumb\":{\"@id\":\"https:\\\/\\\/porfyraaudio.com\\\/porfyra-har-ar-1\\\/#breadcrumb\"},\"inLanguage\":\"de\",\"potentialAction\":[{\"@type\":\"ReadAction\",\"target\":[\"https:\\\/\\\/porfyraaudio.com\\\/porfyra-har-ar-1\\\/\"]}]},{\"@type\":\"ImageObject\",\"inLanguage\":\"de\",\"@id\":\"https:\\\/\\\/porfyraaudio.com\\\/porfyra-har-ar-1\\\/#primaryimage\",\"url\":\"https:\\\/\\\/porfyraaudio.com\\\/wp-content\\\/uploads\\\/2016\\\/02\\\/har_ar_1_005.jpg\",\"contentUrl\":\"https:\\\/\\\/porfyraaudio.com\\\/wp-content\\\/uploads\\\/2016\\\/02\\\/har_ar_1_005.jpg\",\"width\":800,\"height\":623},{\"@type\":\"BreadcrumbList\",\"@id\":\"https:\\\/\\\/porfyraaudio.com\\\/porfyra-har-ar-1\\\/#breadcrumb\",\"itemListElement\":[{\"@type\":\"ListItem\",\"position\":1,\"name\":\"Home\",\"item\":\"https:\\\/\\\/porfyraaudio.com\\\/\"},{\"@type\":\"ListItem\",\"position\":2,\"name\":\"Porfyra HAR AR 1\"}]},{\"@type\":\"WebSite\",\"@id\":\"https:\\\/\\\/porfyraaudio.com\\\/#website\",\"url\":\"https:\\\/\\\/porfyraaudio.com\\\/\",\"name\":\"Porfyra Audio\",\"description\":\"Sound high end\",\"publisher\":{\"@id\":\"https:\\\/\\\/porfyraaudio.com\\\/#organization\"},\"alternateName\":\"Sound high end\",\"potentialAction\":[{\"@type\":\"SearchAction\",\"target\":{\"@type\":\"EntryPoint\",\"urlTemplate\":\"https:\\\/\\\/porfyraaudio.com\\\/?s={search_term_string}\"},\"query-input\":{\"@type\":\"PropertyValueSpecification\",\"valueRequired\":true,\"valueName\":\"search_term_string\"}}],\"inLanguage\":\"de\"},{\"@type\":\"Organization\",\"@id\":\"https:\\\/\\\/porfyraaudio.com\\\/#organization\",\"name\":\"Porfyra Audio\",\"alternateName\":\"Sound high end\",\"url\":\"https:\\\/\\\/porfyraaudio.com\\\/\",\"logo\":{\"@type\":\"ImageObject\",\"inLanguage\":\"de\",\"@id\":\"https:\\\/\\\/porfyraaudio.com\\\/#\\\/schema\\\/logo\\\/image\\\/\",\"url\":\"https:\\\/\\\/porfyraaudio.com\\\/wp-content\\\/uploads\\\/2023\\\/01\\\/card.jpg\",\"contentUrl\":\"https:\\\/\\\/porfyraaudio.com\\\/wp-content\\\/uploads\\\/2023\\\/01\\\/card.jpg\",\"width\":800,\"height\":500,\"caption\":\"Porfyra Audio\"},\"image\":{\"@id\":\"https:\\\/\\\/porfyraaudio.com\\\/#\\\/schema\\\/logo\\\/image\\\/\"},\"sameAs\":[\"https:\\\/\\\/www.facebook.com\\\/porfyraaudio\"]}]}<\/script>\n<!-- \/ Yoast SEO plugin. -->","yoast_head_json":{"title":"Porfyra HAR AR 1 - Porfyra Audio","robots":{"index":"index","follow":"follow","max-snippet":"max-snippet:-1","max-image-preview":"max-image-preview:large","max-video-preview":"max-video-preview:-1"},"canonical":"https:\/\/porfyraaudio.com\/porfyra-har-ar-1\/","og_locale":"de_DE","og_type":"article","og_title":"Porfyra HAR AR 1 - Porfyra Audio","og_description":"PORFYRA Audio \u00a0pr\u00e4sentiert einen Ultra Hi End Tube Vorverst\u00e4rker der sich auf den Philips E 118CC Tube basiert. Der Vorverst\u00e4rker verwendet \u00d6lkapazitoren f\u00fcr die Kathoden und MKP Kapazitoren f\u00fcr die Ausg\u00e4nge. Um die Interferenzen zu [&hellip;]","og_url":"https:\/\/porfyraaudio.com\/porfyra-har-ar-1\/","og_site_name":"Porfyra Audio","article_publisher":"https:\/\/www.facebook.com\/porfyraaudio","article_modified_time":"2018-08-16T15:27:15+00:00","og_image":[{"width":800,"height":623,"url":"https:\/\/porfyraaudio.com\/wp-content\/uploads\/2016\/02\/har_ar_1_005.jpg","type":"image\/jpeg"}],"twitter_card":"summary_large_image","twitter_misc":{"Gesch\u00e4tzte Lesezeit":"1\u00a0Minute"},"schema":{"@context":"https:\/\/schema.org","@graph":[{"@type":"WebPage","@id":"https:\/\/porfyraaudio.com\/porfyra-har-ar-1\/","url":"https:\/\/porfyraaudio.com\/porfyra-har-ar-1\/","name":"Porfyra HAR AR 1 - Porfyra Audio","isPartOf":{"@id":"https:\/\/porfyraaudio.com\/#website"},"primaryImageOfPage":{"@id":"https:\/\/porfyraaudio.com\/porfyra-har-ar-1\/#primaryimage"},"image":{"@id":"https:\/\/porfyraaudio.com\/porfyra-har-ar-1\/#primaryimage"},"thumbnailUrl":"https:\/\/porfyraaudio.com\/wp-content\/uploads\/2016\/02\/har_ar_1_005.jpg","datePublished":"2016-02-15T14:40:37+00:00","dateModified":"2018-08-16T15:27:15+00:00","breadcrumb":{"@id":"https:\/\/porfyraaudio.com\/porfyra-har-ar-1\/#breadcrumb"},"inLanguage":"de","potentialAction":[{"@type":"ReadAction","target":["https:\/\/porfyraaudio.com\/porfyra-har-ar-1\/"]}]},{"@type":"ImageObject","inLanguage":"de","@id":"https:\/\/porfyraaudio.com\/porfyra-har-ar-1\/#primaryimage","url":"https:\/\/porfyraaudio.com\/wp-content\/uploads\/2016\/02\/har_ar_1_005.jpg","contentUrl":"https:\/\/porfyraaudio.com\/wp-content\/uploads\/2016\/02\/har_ar_1_005.jpg","width":800,"height":623},{"@type":"BreadcrumbList","@id":"https:\/\/porfyraaudio.com\/porfyra-har-ar-1\/#breadcrumb","itemListElement":[{"@type":"ListItem","position":1,"name":"Home","item":"https:\/\/porfyraaudio.com\/"},{"@type":"ListItem","position":2,"name":"Porfyra HAR AR 1"}]},{"@type":"WebSite","@id":"https:\/\/porfyraaudio.com\/#website","url":"https:\/\/porfyraaudio.com\/","name":"Porfyra Audio","description":"Sound high end","publisher":{"@id":"https:\/\/porfyraaudio.com\/#organization"},"alternateName":"Sound high end","potentialAction":[{"@type":"SearchAction","target":{"@type":"EntryPoint","urlTemplate":"https:\/\/porfyraaudio.com\/?s={search_term_string}"},"query-input":{"@type":"PropertyValueSpecification","valueRequired":true,"valueName":"search_term_string"}}],"inLanguage":"de"},{"@type":"Organization","@id":"https:\/\/porfyraaudio.com\/#organization","name":"Porfyra Audio","alternateName":"Sound high end","url":"https:\/\/porfyraaudio.com\/","logo":{"@type":"ImageObject","inLanguage":"de","@id":"https:\/\/porfyraaudio.com\/#\/schema\/logo\/image\/","url":"https:\/\/porfyraaudio.com\/wp-content\/uploads\/2023\/01\/card.jpg","contentUrl":"https:\/\/porfyraaudio.com\/wp-content\/uploads\/2023\/01\/card.jpg","width":800,"height":500,"caption":"Porfyra Audio"},"image":{"@id":"https:\/\/porfyraaudio.com\/#\/schema\/logo\/image\/"},"sameAs":["https:\/\/www.facebook.com\/porfyraaudio"]}]}},"_links":{"self":[{"href":"https:\/\/porfyraaudio.com\/de\/wp-json\/wp\/v2\/pages\/528","targetHints":{"allow":["GET"]}}],"collection":[{"href":"https:\/\/porfyraaudio.com\/de\/wp-json\/wp\/v2\/pages"}],"about":[{"href":"https:\/\/porfyraaudio.com\/de\/wp-json\/wp\/v2\/types\/page"}],"author":[{"embeddable":true,"href":"https:\/\/porfyraaudio.com\/de\/wp-json\/wp\/v2\/users\/2"}],"replies":[{"embeddable":true,"href":"https:\/\/porfyraaudio.com\/de\/wp-json\/wp\/v2\/comments?post=528"}],"version-history":[{"count":9,"href":"https:\/\/porfyraaudio.com\/de\/wp-json\/wp\/v2\/pages\/528\/revisions"}],"predecessor-version":[{"id":589,"href":"https:\/\/porfyraaudio.com\/de\/wp-json\/wp\/v2\/pages\/528\/revisions\/589"}],"wp:featuredmedia":[{"embeddable":true,"href":"https:\/\/porfyraaudio.com\/de\/wp-json\/wp\/v2\/media\/529"}],"wp:attachment":[{"href":"https:\/\/porfyraaudio.com\/de\/wp-json\/wp\/v2\/media?parent=528"}],"curies":[{"name":"wp","href":"https:\/\/api.w.org\/{rel}","templated":true}]}}