{"id":565,"date":"2018-02-16T15:21:18","date_gmt":"2018-02-16T15:21:18","guid":{"rendered":"http:\/\/porfyraaudio.com\/?page_id=565"},"modified":"2023-01-17T21:51:29","modified_gmt":"2023-01-17T19:51:29","slug":"arpa","status":"publish","type":"page","link":"https:\/\/porfyraaudio.com\/de\/arpa\/","title":{"rendered":"Porfyra ARPA"},"content":{"rendered":"<p>&nbsp;<\/p>\n<p>Read the review about our product:<br \/>\nhttp:\/\/www.hiendnews.gr\/porfyra-arpa-preamp-stts-1100-class-power-amp-monoblocks-english\/<\/p>\n<p>Read also:<br \/>\nhttp:\/\/www.monoandstereo.com\/2018\/02\/porfyra-audio-harar11-preamplifier-and.html\/<\/p>\n<div id='gallery-2' class='gallery galleryid-565 gallery-columns-3 gallery-size-thumbnail'><figure class='gallery-item'>\n\t\t\t<div class='gallery-icon landscape'>\n\t\t\t\t<a href='https:\/\/porfyraaudio.com\/wp-content\/uploads\/2018\/02\/ar-pa1-003.jpg'><img loading=\"lazy\" decoding=\"async\" width=\"150\" height=\"150\" src=\"https:\/\/porfyraaudio.com\/wp-content\/uploads\/2018\/02\/ar-pa1-003-150x150.jpg\" class=\"attachment-thumbnail size-thumbnail\" alt=\"\" srcset=\"https:\/\/porfyraaudio.com\/wp-content\/uploads\/2018\/02\/ar-pa1-003-150x150.jpg 150w, https:\/\/porfyraaudio.com\/wp-content\/uploads\/2018\/02\/ar-pa1-003-200x200.jpg 200w, https:\/\/porfyraaudio.com\/wp-content\/uploads\/2018\/02\/ar-pa1-003-184x184.jpg 184w\" sizes=\"auto, (max-width: 150px) 100vw, 150px\" \/><\/a>\n\t\t\t<\/div><\/figure><figure class='gallery-item'>\n\t\t\t<div class='gallery-icon landscape'>\n\t\t\t\t<a href='https:\/\/porfyraaudio.com\/wp-content\/uploads\/2018\/02\/ar-pa1-004.jpg'><img loading=\"lazy\" decoding=\"async\" width=\"150\" height=\"150\" src=\"https:\/\/porfyraaudio.com\/wp-content\/uploads\/2018\/02\/ar-pa1-004-150x150.jpg\" class=\"attachment-thumbnail size-thumbnail\" alt=\"\" srcset=\"https:\/\/porfyraaudio.com\/wp-content\/uploads\/2018\/02\/ar-pa1-004-150x150.jpg 150w, https:\/\/porfyraaudio.com\/wp-content\/uploads\/2018\/02\/ar-pa1-004-200x200.jpg 200w, https:\/\/porfyraaudio.com\/wp-content\/uploads\/2018\/02\/ar-pa1-004-184x184.jpg 184w\" sizes=\"auto, (max-width: 150px) 100vw, 150px\" \/><\/a>\n\t\t\t<\/div><\/figure><figure class='gallery-item'>\n\t\t\t<div class='gallery-icon landscape'>\n\t\t\t\t<a href='https:\/\/porfyraaudio.com\/wp-content\/uploads\/2018\/02\/ar-pa1-005.jpg'><img loading=\"lazy\" decoding=\"async\" width=\"150\" height=\"150\" src=\"https:\/\/porfyraaudio.com\/wp-content\/uploads\/2018\/02\/ar-pa1-005-150x150.jpg\" class=\"attachment-thumbnail size-thumbnail\" alt=\"\" srcset=\"https:\/\/porfyraaudio.com\/wp-content\/uploads\/2018\/02\/ar-pa1-005-150x150.jpg 150w, https:\/\/porfyraaudio.com\/wp-content\/uploads\/2018\/02\/ar-pa1-005-200x200.jpg 200w, https:\/\/porfyraaudio.com\/wp-content\/uploads\/2018\/02\/ar-pa1-005-184x184.jpg 184w\" sizes=\"auto, (max-width: 150px) 100vw, 150px\" \/><\/a>\n\t\t\t<\/div><\/figure><figure class='gallery-item'>\n\t\t\t<div class='gallery-icon landscape'>\n\t\t\t\t<a href='https:\/\/porfyraaudio.com\/wp-content\/uploads\/2018\/02\/ar-pa1-006.jpg'><img loading=\"lazy\" decoding=\"async\" width=\"150\" height=\"150\" src=\"https:\/\/porfyraaudio.com\/wp-content\/uploads\/2018\/02\/ar-pa1-006-150x150.jpg\" class=\"attachment-thumbnail size-thumbnail\" alt=\"\" srcset=\"https:\/\/porfyraaudio.com\/wp-content\/uploads\/2018\/02\/ar-pa1-006-150x150.jpg 150w, https:\/\/porfyraaudio.com\/wp-content\/uploads\/2018\/02\/ar-pa1-006-200x200.jpg 200w, https:\/\/porfyraaudio.com\/wp-content\/uploads\/2018\/02\/ar-pa1-006-184x184.jpg 184w\" sizes=\"auto, (max-width: 150px) 100vw, 150px\" \/><\/a>\n\t\t\t<\/div><\/figure><figure class='gallery-item'>\n\t\t\t<div class='gallery-icon landscape'>\n\t\t\t\t<a href='https:\/\/porfyraaudio.com\/wp-content\/uploads\/2018\/02\/ar-pa1-007.jpg'><img loading=\"lazy\" decoding=\"async\" width=\"150\" height=\"150\" src=\"https:\/\/porfyraaudio.com\/wp-content\/uploads\/2018\/02\/ar-pa1-007-150x150.jpg\" class=\"attachment-thumbnail size-thumbnail\" alt=\"\" srcset=\"https:\/\/porfyraaudio.com\/wp-content\/uploads\/2018\/02\/ar-pa1-007-150x150.jpg 150w, https:\/\/porfyraaudio.com\/wp-content\/uploads\/2018\/02\/ar-pa1-007-200x200.jpg 200w, https:\/\/porfyraaudio.com\/wp-content\/uploads\/2018\/02\/ar-pa1-007-184x184.jpg 184w\" sizes=\"auto, (max-width: 150px) 100vw, 150px\" \/><\/a>\n\t\t\t<\/div><\/figure>\n\t\t<\/div>\n\n<hr \/>\n<p><strong>PORFYRA Audio ARPA Vorverst\u00e4rker <\/strong><\/p>\n<p><strong>\u00a0\u00a0\u00a0\u00a0\u00a0\u00a0 All-Tube pr\u00e4chtiger Klang<\/strong><\/p>\n<p><strong>\u00a0\u00a0\u00a0\u00a0\u00a0\u00a0 Silberverkabelung und \u00d6lkappen im Inneren<\/strong><\/p>\n<p><strong>Handgefertigte Kunstarbeit<\/strong><\/p>\n<p>Vielleicht benutzt PORFYRA Audio die minimalistische Ann\u00e4herung um ein Maximum zu erreichen was die Kraft und die Vorverst\u00e4rkung anbetrifft und manche wie ich wie Kleinkinder dar\u00fcber gl\u00fccklich und angeregt sind , der Benutzer aber der sich um diese Produkte interessiert sch\u00e4tzt in der Regel \u00c4sthetik und Gebrauchsleichtigkeit ebenso. Hi End ist ein sehr nobles Hobby es soll aber jeden Aspekt vom regul\u00e4rem Leben eines durchschnittlichen Benutzers ansprechen k\u00f6nnen und soll sein Leben mit eigenen Unvollkommenheiten , kleinen Macken und Unzul\u00e4nglichkeiten nicht schwierig machen.<\/p>\n<p>Jeder Hersteller der nicht ein wenig aufmerksam auf diese Seite seines Produktcharakters , im Namen der Klangqualit\u00e4t , reagiert opfert vielleicht umsonst seine bedeutendste Erfindung.<\/p>\n<p>So m\u00f6chte ich mit gro\u00dfer Freude abschlie\u00dfen , da\u00df ARPA das Topmodel der griechischen Firma aus Kythera , nicht nur hervorragende Klangqualit\u00e4t anbietet , sondern auch etwas einzigartiges , eine Kommunikation mit dem Benutzer welche sich auf einen Farbencode st\u00fctzt. Mir pers\u00f6nlich gef\u00e4llt es sehr einen Vorverst\u00e4rker nicht nur wegen seiner Einzigartigkeit auszuw\u00e4hlen , sondern auch weil dies das ganze Soundreproduktiongesch\u00e4ft einbi\u00dfchen leichter und nicht so ernst oder letzten Endes anspruchsvoll macht so wie es bei vielen anderen Hi End Produkten der Fall ist.<\/p>\n<p>So finden wir auf der hinteren ARPA Seite vier Stufeneing\u00e4nge mit verschiedenen Farben markiert (blau , gr\u00fcn , gelb und rot). Der Wahlschalter kontrolliert nat\u00fcrlich die \u00dcbertragungen und bei jeder Auswahl leuchtet eine LED mit der entsprechenden Farbe auf. Lautst\u00e4rke wird auch \u00fcber Fernbedienung kontrolliert aber um ehrlich zu sein ging ich traditionell an , da ich den Eingang und die Lautst\u00e4rke nicht \u00fcber die billige Kunststofffernbedienung , sondern manuell \u00fcber den pr\u00e4chtigen Metallknopf einzustellen vorziehe.<\/p>\n<p>Die vier Gestelle sind gr\u00f6\u00dfer wie \u00fcblich und die Power Monoblocks sind \u00e4u\u00dferst schwer , um die 50 kg pro St\u00fcck. Nat\u00fcrlich haben die dicken Aluminiumfrontplatten mit den abgerundeten Kanten eine exzellente Verarbeitung , w\u00e4hrend die gro\u00dfen W\u00e4rmesenker einen imposanten Eindruck auf dem Vorverst\u00e4rkergestell machen.<\/p>\n<p>Die Einfachheit wird zum unumstrittenen K\u00f6nig auf beiden Einheiten und die t\u00f6nende PORFYRA Muschel , das Firmenlogo , setzt den Ton f\u00fcr das was folgen wird.<\/p>\n<p>Der Vorverst\u00e4rker setzt seine Kraft durch einen Schalter auf die externe Spannungsversorgung an und braucht eine Weile bis die R\u00f6hren deren Betriebstemperatur erreicht haben.<\/p>\n<p>Der Kraftverst\u00e4rker mu\u00df in Betrieb gesetzt nachdem der Vorverst\u00e4rker voll eingeschaltet ist , so da\u00df keine unangenehme Ger\u00e4usche aus den Lautsprechern kommen.<\/p>\n<p>Bei einem Preisetikett von nur 7.000 Euro f\u00fcr ARPA wird vielen meinen ausl\u00e4ndischen Kollegen zum Recht das Wasser im Mund zusammenfallen , da er sicher wie ein viel teurer Kraftverst\u00e4rker aussieht.<\/p>\n<p>Die extreme Spannungsversorgung birgt in sich einen 150 VA starken Krafttransformator und eine 5Z3 Sylvania Gleichrichterr\u00f6hre pro Kanal , wobei beide aus der Geh\u00e4useoberseite herausragen.<\/p>\n<p>Auf einen Blick in die Innenseite der Versorgungseinheit finden wir jede Menge Teile wie eine gro\u00dfe Drosselspule , drei gewaltige Papierkapazitoren in \u00d6lbad (Ducati 25 uF\/450V) , Signalr\u00f6hren , die einzigen in dem Kreislauf , welche nach oben herausragen , w\u00e4hrend wir hinten , wieder herausragend , sehen wir zwei EL Spulen welche keine Transformatoren sondern laut PORFYRA sogenannte Ladedrossel sind. Die Innenseite scheint wie eine dichterische Kunst von Einfachheit und Ordnung mit separaten Kammern welche die Vorverst\u00e4rkersektionen nicht nur physikalisch und elektrisch voneinander getrennt halten , so da\u00df der L\u00e4rmpegel niedrig gehalten wird , sondern auch die Steifigkeit des Geh\u00e4uses verst\u00e4rken.<\/p>\n<p>Im Inneren des Geh\u00e4uses sitzt die Hauptbr\u00fccke welche 4 Kapazitoren in \u00d6lbad f\u00fcr die R\u00f6hrenkathoden versteckt , w\u00e4hrend die Signalkapazitoren deren Anschlu\u00df auf 2 kleinen Platinen hinter den K\u00fchlern sitzt , auch in \u00d6lbad funktionieren.<\/p>\n<p>Diese K\u00fchler bedienen einige Powertransistoren welche kein Hybriddesign errichten , so seien Sie bitte nicht davon \u00fcberrascht.<\/p>\n<p>Der erste K\u00fchler beinhaltet bipolare Transistoren welche als Stromversorgung f\u00fcr die Einstellung der Spannung der R\u00f6hrenkathode dienen w\u00e4hrend der zweite die MosFETs f\u00fcr die Hochspannungseinstellung tr\u00e4gt.<\/p>\n<p>Sie w\u00fcrden denken es ist zu viel. Auf jeden Fall aber der davon resultierende Klang ist so gro\u00dfartig und detailliert \u2013fast \u00e4ngstlich!<\/p>","protected":false},"excerpt":{"rendered":"<p>&nbsp; Read the review about our product: http:\/\/www.hiendnews.gr\/porfyra-arpa-preamp-stts-1100-class-power-amp-monoblocks-english\/ Read also: http:\/\/www.monoandstereo.com\/2018\/02\/porfyra-audio-harar11-preamplifier-and.html\/ PORFYRA Audio ARPA Vorverst\u00e4rker \u00a0\u00a0\u00a0\u00a0\u00a0\u00a0 All-Tube pr\u00e4chtiger Klang \u00a0\u00a0\u00a0\u00a0\u00a0\u00a0 Silberverkabelung und \u00d6lkappen im Inneren Handgefertigte Kunstarbeit Vielleicht benutzt PORFYRA Audio die minimalistische Ann\u00e4herung um [&hellip;]<\/p>\n","protected":false},"author":2,"featured_media":571,"parent":0,"menu_order":0,"comment_status":"closed","ping_status":"closed","template":"","meta":{"footnotes":""},"class_list":["post-565","page","type-page","status-publish","has-post-thumbnail","hentry"],"yoast_head":"<!-- This site is optimized with the Yoast SEO plugin v27.3 - https:\/\/yoast.com\/product\/yoast-seo-wordpress\/ -->\n<title>Porfyra ARPA - Porfyra Audio<\/title>\n<meta name=\"robots\" content=\"index, follow, max-snippet:-1, max-image-preview:large, max-video-preview:-1\" \/>\n<link rel=\"canonical\" href=\"https:\/\/porfyraaudio.com\/arpa\/\" \/>\n<meta property=\"og:locale\" content=\"de_DE\" \/>\n<meta property=\"og:type\" content=\"article\" \/>\n<meta property=\"og:title\" content=\"Porfyra ARPA - Porfyra Audio\" \/>\n<meta property=\"og:description\" content=\"&nbsp; Read the review about our product: http:\/\/www.hiendnews.gr\/porfyra-arpa-preamp-stts-1100-class-power-amp-monoblocks-english\/ Read also: http:\/\/www.monoandstereo.com\/2018\/02\/porfyra-audio-harar11-preamplifier-and.html\/ PORFYRA Audio ARPA Vorverst\u00e4rker \u00a0\u00a0\u00a0\u00a0\u00a0\u00a0 All-Tube pr\u00e4chtiger Klang \u00a0\u00a0\u00a0\u00a0\u00a0\u00a0 Silberverkabelung und \u00d6lkappen im Inneren Handgefertigte Kunstarbeit Vielleicht benutzt PORFYRA Audio die minimalistische Ann\u00e4herung um [&hellip;]\" \/>\n<meta property=\"og:url\" content=\"https:\/\/porfyraaudio.com\/arpa\/\" \/>\n<meta property=\"og:site_name\" content=\"Porfyra Audio\" \/>\n<meta property=\"article:publisher\" content=\"https:\/\/www.facebook.com\/porfyraaudio\" \/>\n<meta property=\"article:modified_time\" content=\"2023-01-17T19:51:29+00:00\" \/>\n<meta property=\"og:image\" content=\"https:\/\/porfyraaudio.com\/wp-content\/uploads\/2018\/02\/ar-pa1-008.jpg\" \/>\n\t<meta property=\"og:image:width\" content=\"900\" \/>\n\t<meta property=\"og:image:height\" content=\"381\" \/>\n\t<meta property=\"og:image:type\" content=\"image\/jpeg\" \/>\n<meta name=\"twitter:card\" content=\"summary_large_image\" \/>\n<meta name=\"twitter:label1\" content=\"Gesch\u00e4tzte Lesezeit\" \/>\n\t<meta name=\"twitter:data1\" content=\"4\u00a0Minuten\" \/>\n<script type=\"application\/ld+json\" class=\"yoast-schema-graph\">{\"@context\":\"https:\\\/\\\/schema.org\",\"@graph\":[{\"@type\":\"WebPage\",\"@id\":\"https:\\\/\\\/porfyraaudio.com\\\/arpa\\\/\",\"url\":\"https:\\\/\\\/porfyraaudio.com\\\/arpa\\\/\",\"name\":\"Porfyra ARPA - Porfyra Audio\",\"isPartOf\":{\"@id\":\"https:\\\/\\\/porfyraaudio.com\\\/#website\"},\"primaryImageOfPage\":{\"@id\":\"https:\\\/\\\/porfyraaudio.com\\\/arpa\\\/#primaryimage\"},\"image\":{\"@id\":\"https:\\\/\\\/porfyraaudio.com\\\/arpa\\\/#primaryimage\"},\"thumbnailUrl\":\"https:\\\/\\\/porfyraaudio.com\\\/wp-content\\\/uploads\\\/2018\\\/02\\\/ar-pa1-008.jpg\",\"datePublished\":\"2018-02-16T15:21:18+00:00\",\"dateModified\":\"2023-01-17T19:51:29+00:00\",\"breadcrumb\":{\"@id\":\"https:\\\/\\\/porfyraaudio.com\\\/arpa\\\/#breadcrumb\"},\"inLanguage\":\"de\",\"potentialAction\":[{\"@type\":\"ReadAction\",\"target\":[\"https:\\\/\\\/porfyraaudio.com\\\/arpa\\\/\"]}]},{\"@type\":\"ImageObject\",\"inLanguage\":\"de\",\"@id\":\"https:\\\/\\\/porfyraaudio.com\\\/arpa\\\/#primaryimage\",\"url\":\"https:\\\/\\\/porfyraaudio.com\\\/wp-content\\\/uploads\\\/2018\\\/02\\\/ar-pa1-008.jpg\",\"contentUrl\":\"https:\\\/\\\/porfyraaudio.com\\\/wp-content\\\/uploads\\\/2018\\\/02\\\/ar-pa1-008.jpg\",\"width\":900,\"height\":381},{\"@type\":\"BreadcrumbList\",\"@id\":\"https:\\\/\\\/porfyraaudio.com\\\/arpa\\\/#breadcrumb\",\"itemListElement\":[{\"@type\":\"ListItem\",\"position\":1,\"name\":\"Home\",\"item\":\"https:\\\/\\\/porfyraaudio.com\\\/\"},{\"@type\":\"ListItem\",\"position\":2,\"name\":\"Porfyra ARPA\"}]},{\"@type\":\"WebSite\",\"@id\":\"https:\\\/\\\/porfyraaudio.com\\\/#website\",\"url\":\"https:\\\/\\\/porfyraaudio.com\\\/\",\"name\":\"Porfyra Audio\",\"description\":\"Sound high end\",\"publisher\":{\"@id\":\"https:\\\/\\\/porfyraaudio.com\\\/#organization\"},\"alternateName\":\"Sound high end\",\"potentialAction\":[{\"@type\":\"SearchAction\",\"target\":{\"@type\":\"EntryPoint\",\"urlTemplate\":\"https:\\\/\\\/porfyraaudio.com\\\/?s={search_term_string}\"},\"query-input\":{\"@type\":\"PropertyValueSpecification\",\"valueRequired\":true,\"valueName\":\"search_term_string\"}}],\"inLanguage\":\"de\"},{\"@type\":\"Organization\",\"@id\":\"https:\\\/\\\/porfyraaudio.com\\\/#organization\",\"name\":\"Porfyra Audio\",\"alternateName\":\"Sound high end\",\"url\":\"https:\\\/\\\/porfyraaudio.com\\\/\",\"logo\":{\"@type\":\"ImageObject\",\"inLanguage\":\"de\",\"@id\":\"https:\\\/\\\/porfyraaudio.com\\\/#\\\/schema\\\/logo\\\/image\\\/\",\"url\":\"https:\\\/\\\/porfyraaudio.com\\\/wp-content\\\/uploads\\\/2023\\\/01\\\/card.jpg\",\"contentUrl\":\"https:\\\/\\\/porfyraaudio.com\\\/wp-content\\\/uploads\\\/2023\\\/01\\\/card.jpg\",\"width\":800,\"height\":500,\"caption\":\"Porfyra Audio\"},\"image\":{\"@id\":\"https:\\\/\\\/porfyraaudio.com\\\/#\\\/schema\\\/logo\\\/image\\\/\"},\"sameAs\":[\"https:\\\/\\\/www.facebook.com\\\/porfyraaudio\"]}]}<\/script>\n<!-- \/ Yoast SEO plugin. -->","yoast_head_json":{"title":"Porfyra ARPA - Porfyra Audio","robots":{"index":"index","follow":"follow","max-snippet":"max-snippet:-1","max-image-preview":"max-image-preview:large","max-video-preview":"max-video-preview:-1"},"canonical":"https:\/\/porfyraaudio.com\/arpa\/","og_locale":"de_DE","og_type":"article","og_title":"Porfyra ARPA - Porfyra Audio","og_description":"&nbsp; Read the review about our product: http:\/\/www.hiendnews.gr\/porfyra-arpa-preamp-stts-1100-class-power-amp-monoblocks-english\/ Read also: http:\/\/www.monoandstereo.com\/2018\/02\/porfyra-audio-harar11-preamplifier-and.html\/ PORFYRA Audio ARPA Vorverst\u00e4rker \u00a0\u00a0\u00a0\u00a0\u00a0\u00a0 All-Tube pr\u00e4chtiger Klang \u00a0\u00a0\u00a0\u00a0\u00a0\u00a0 Silberverkabelung und \u00d6lkappen im Inneren Handgefertigte Kunstarbeit Vielleicht benutzt PORFYRA Audio die minimalistische Ann\u00e4herung um [&hellip;]","og_url":"https:\/\/porfyraaudio.com\/arpa\/","og_site_name":"Porfyra Audio","article_publisher":"https:\/\/www.facebook.com\/porfyraaudio","article_modified_time":"2023-01-17T19:51:29+00:00","og_image":[{"width":900,"height":381,"url":"https:\/\/porfyraaudio.com\/wp-content\/uploads\/2018\/02\/ar-pa1-008.jpg","type":"image\/jpeg"}],"twitter_card":"summary_large_image","twitter_misc":{"Gesch\u00e4tzte Lesezeit":"4\u00a0Minuten"},"schema":{"@context":"https:\/\/schema.org","@graph":[{"@type":"WebPage","@id":"https:\/\/porfyraaudio.com\/arpa\/","url":"https:\/\/porfyraaudio.com\/arpa\/","name":"Porfyra ARPA - Porfyra Audio","isPartOf":{"@id":"https:\/\/porfyraaudio.com\/#website"},"primaryImageOfPage":{"@id":"https:\/\/porfyraaudio.com\/arpa\/#primaryimage"},"image":{"@id":"https:\/\/porfyraaudio.com\/arpa\/#primaryimage"},"thumbnailUrl":"https:\/\/porfyraaudio.com\/wp-content\/uploads\/2018\/02\/ar-pa1-008.jpg","datePublished":"2018-02-16T15:21:18+00:00","dateModified":"2023-01-17T19:51:29+00:00","breadcrumb":{"@id":"https:\/\/porfyraaudio.com\/arpa\/#breadcrumb"},"inLanguage":"de","potentialAction":[{"@type":"ReadAction","target":["https:\/\/porfyraaudio.com\/arpa\/"]}]},{"@type":"ImageObject","inLanguage":"de","@id":"https:\/\/porfyraaudio.com\/arpa\/#primaryimage","url":"https:\/\/porfyraaudio.com\/wp-content\/uploads\/2018\/02\/ar-pa1-008.jpg","contentUrl":"https:\/\/porfyraaudio.com\/wp-content\/uploads\/2018\/02\/ar-pa1-008.jpg","width":900,"height":381},{"@type":"BreadcrumbList","@id":"https:\/\/porfyraaudio.com\/arpa\/#breadcrumb","itemListElement":[{"@type":"ListItem","position":1,"name":"Home","item":"https:\/\/porfyraaudio.com\/"},{"@type":"ListItem","position":2,"name":"Porfyra ARPA"}]},{"@type":"WebSite","@id":"https:\/\/porfyraaudio.com\/#website","url":"https:\/\/porfyraaudio.com\/","name":"Porfyra Audio","description":"Sound high end","publisher":{"@id":"https:\/\/porfyraaudio.com\/#organization"},"alternateName":"Sound high end","potentialAction":[{"@type":"SearchAction","target":{"@type":"EntryPoint","urlTemplate":"https:\/\/porfyraaudio.com\/?s={search_term_string}"},"query-input":{"@type":"PropertyValueSpecification","valueRequired":true,"valueName":"search_term_string"}}],"inLanguage":"de"},{"@type":"Organization","@id":"https:\/\/porfyraaudio.com\/#organization","name":"Porfyra Audio","alternateName":"Sound high end","url":"https:\/\/porfyraaudio.com\/","logo":{"@type":"ImageObject","inLanguage":"de","@id":"https:\/\/porfyraaudio.com\/#\/schema\/logo\/image\/","url":"https:\/\/porfyraaudio.com\/wp-content\/uploads\/2023\/01\/card.jpg","contentUrl":"https:\/\/porfyraaudio.com\/wp-content\/uploads\/2023\/01\/card.jpg","width":800,"height":500,"caption":"Porfyra Audio"},"image":{"@id":"https:\/\/porfyraaudio.com\/#\/schema\/logo\/image\/"},"sameAs":["https:\/\/www.facebook.com\/porfyraaudio"]}]}},"_links":{"self":[{"href":"https:\/\/porfyraaudio.com\/de\/wp-json\/wp\/v2\/pages\/565","targetHints":{"allow":["GET"]}}],"collection":[{"href":"https:\/\/porfyraaudio.com\/de\/wp-json\/wp\/v2\/pages"}],"about":[{"href":"https:\/\/porfyraaudio.com\/de\/wp-json\/wp\/v2\/types\/page"}],"author":[{"embeddable":true,"href":"https:\/\/porfyraaudio.com\/de\/wp-json\/wp\/v2\/users\/2"}],"replies":[{"embeddable":true,"href":"https:\/\/porfyraaudio.com\/de\/wp-json\/wp\/v2\/comments?post=565"}],"version-history":[{"count":9,"href":"https:\/\/porfyraaudio.com\/de\/wp-json\/wp\/v2\/pages\/565\/revisions"}],"predecessor-version":[{"id":870,"href":"https:\/\/porfyraaudio.com\/de\/wp-json\/wp\/v2\/pages\/565\/revisions\/870"}],"wp:featuredmedia":[{"embeddable":true,"href":"https:\/\/porfyraaudio.com\/de\/wp-json\/wp\/v2\/media\/571"}],"wp:attachment":[{"href":"https:\/\/porfyraaudio.com\/de\/wp-json\/wp\/v2\/media?parent=565"}],"curies":[{"name":"wp","href":"https:\/\/api.w.org\/{rel}","templated":true}]}}