{"id":88,"date":"2012-12-20T17:53:22","date_gmt":"2012-12-20T17:53:22","guid":{"rendered":"http:\/\/porfyraaudio.com\/?page_id=88"},"modified":"2018-11-05T11:19:37","modified_gmt":"2018-11-05T11:19:37","slug":"ead-e100hd","status":"publish","type":"page","link":"https:\/\/porfyraaudio.com\/de\/products\/ead-e100hd\/","title":{"rendered":"EAD E100HD"},"content":{"rendered":"<p><a href=\"http:\/\/porfyraaudio.com\/wp-content\/uploads\/2012\/12\/8372674-origpic-da397a.png_0_0_100_100_300_475_75.png\"><img loading=\"lazy\" decoding=\"async\" class=\"alignleft size-medium wp-image-213\" src=\"http:\/\/porfyraaudio.com\/wp-content\/uploads\/2012\/12\/8372674-origpic-da397a.png_0_0_100_100_300_475_75-189x300.png\" alt=\"EAD E100HD\" width=\"189\" height=\"300\" srcset=\"https:\/\/porfyraaudio.com\/wp-content\/uploads\/2012\/12\/8372674-origpic-da397a.png_0_0_100_100_300_475_75-189x300.png 189w, https:\/\/porfyraaudio.com\/wp-content\/uploads\/2012\/12\/8372674-origpic-da397a.png_0_0_100_100_300_475_75.png 300w\" sizes=\"auto, (max-width: 189px) 100vw, 189px\" \/><\/a><\/p>\n<p>Der E 100 HD sieht genauso aus wie der E 100 , was zu Gedanken f\u00fchrt , da\u00df es sich hier um eine leichte \u00dcberarbeitung fr\u00fcherer Designs handelt.<\/p>\n<p>Der E100 HD liegt so nahe zu den Spezifikationen des E 100 , da\u00df nur der Antrieb ersetzt werden soll. Der Hauptunterschied liegt in der hohen Frequenz ab 3 kHz. Wie in dem Impedanzkurvenvergleich hierunten zu erkennen ist , hat sich die H\u00f6henfrequenz betr\u00e4chtlich verbessert , was dem E 100 HD eine sehr offene , dreidimensionale , dynamisch und detaillierte Reaktion\u00a0\u00a0 verschenkt . Der E 100 HD ist ein ausgezeichneter K\u00fcnstler in einem Single Drive System und wegen seiner Einfachheit , ohne Gebrauch von komplexen Filtern fehlt es einfach , Ihren High End Lautsprechersystem in vielen verschiedenen Variationen aufzubauen.<\/p>\n<p>NEU: Ganz neue E 100 Antriebe k\u00f6nnen jetzt ab Werk mit individuellen Parametern angeboten werden.<\/p>\n<p>S P E Z I F I K A T I O N E N<\/p>\n<ul>\n<li>Thiele\/klein e Parameter (8 Ohm)<\/li>\n<li>Titel: Gemessene Parameter<\/li>\n<li>Methode: Fest-Mmd (6.300 gr)<\/li>\n<li>DCR mode: Fest (5,42 Ohm)<\/li>\n<li>Fl\u00e4che (Sd): 78,58 qcm<\/li>\n<li>Serieller Widerstand: 75,00 Ohm<\/li>\n<li>Stimulierniveau: 3,83 V<\/li>\n<li>SPL Referenzimpedanz: keine<\/li>\n<li>Einheiten (Volumen in Liter , Gewicht in Gram)<\/li>\n<li>50,11 FS Hz<\/li>\n<li>5,490 Re Ohm<\/li>\n<li>1,90 Qms<\/li>\n<li>0,70 Qes<\/li>\n<li>0,51 Qts<\/li>\n<li>0,07 L1 mH<\/li>\n<li>0,26 L2 mH<\/li>\n<li>12,44 Vas (Sd) Liter<\/li>\n<li>6,694 Mms (Sd) gr<\/li>\n<li>1.435 Cms (Sd) M\/Newton<\/li>\n<li>4,12 Bl (Sd) Tesla-M<\/li>\n<li>87,28 SPL ref (Sd) dB<\/li>\n<li>0.035 Rub-index<\/li>\n<li>X-max +\/- 4,5 mm (9 mm p-p)<\/li>\n<li>Leistung 60 W kont. 100 W max Musik<\/li>\n<\/ul>\n<h3>Brosch\u00fcre<\/h3>\n<p><a title=\"EAD E100HD\" href=\"http:\/\/porfyraaudio.com\/wp-content\/uploads\/2012\/12\/8372674-d191f1-EAD_E100HD_v1.11.pdf\" target=\"_blank\" rel=\"noopener\">E100HD_v1.1<\/a>\u00a0<img loading=\"lazy\" decoding=\"async\" src=\"http:\/\/www.raalribbon.com\/images\/pdf_logomali.gif\" alt=\"\" width=\"20\" height=\"23\" border=\"0\" \/><\/p>\n<p><a href=\"http:\/\/www.eadsweden.com\/\"><img loading=\"lazy\" decoding=\"async\" src=\"http:\/\/porfyraaudio.com\/wp-content\/uploads\/2012\/11\/ead_sweden.png\" alt=\"EAD SWEDEN\" width=\"150\" height=\"92\" \/><\/a><\/p>\n<p>&nbsp;<\/p>","protected":false},"excerpt":{"rendered":"<p>Der E 100 HD sieht genauso aus wie der E 100 , was zu Gedanken f\u00fchrt , da\u00df es sich hier um eine leichte \u00dcberarbeitung fr\u00fcherer Designs handelt. Der E100 HD liegt so nahe zu [&hellip;]<\/p>\n","protected":false},"author":2,"featured_media":0,"parent":10,"menu_order":10,"comment_status":"open","ping_status":"closed","template":"","meta":{"footnotes":""},"class_list":["post-88","page","type-page","status-publish","hentry"],"yoast_head":"<!-- This site is optimized with the Yoast SEO plugin v27.3 - https:\/\/yoast.com\/product\/yoast-seo-wordpress\/ -->\n<title>EAD E100HD - Porfyra Audio<\/title>\n<meta name=\"robots\" content=\"index, follow, max-snippet:-1, max-image-preview:large, max-video-preview:-1\" \/>\n<link rel=\"canonical\" href=\"https:\/\/porfyraaudio.com\/products\/drive-units__trashed\/ead-e100hd\/\" \/>\n<meta property=\"og:locale\" content=\"de_DE\" \/>\n<meta property=\"og:type\" content=\"article\" \/>\n<meta property=\"og:title\" content=\"EAD E100HD - Porfyra Audio\" \/>\n<meta property=\"og:description\" content=\"Der E 100 HD sieht genauso aus wie der E 100 , was zu Gedanken f\u00fchrt , da\u00df es sich hier um eine leichte \u00dcberarbeitung fr\u00fcherer Designs handelt. Der E100 HD liegt so nahe zu [&hellip;]\" \/>\n<meta property=\"og:url\" content=\"https:\/\/porfyraaudio.com\/products\/drive-units__trashed\/ead-e100hd\/\" \/>\n<meta property=\"og:site_name\" content=\"Porfyra Audio\" \/>\n<meta property=\"article:publisher\" content=\"https:\/\/www.facebook.com\/porfyraaudio\" \/>\n<meta property=\"article:modified_time\" content=\"2018-11-05T11:19:37+00:00\" \/>\n<meta property=\"og:image\" content=\"https:\/\/porfyraaudio.com\/wp-content\/uploads\/2012\/12\/8372674-origpic-da397a.png_0_0_100_100_300_475_75.png\" \/>\n\t<meta property=\"og:image:width\" content=\"300\" \/>\n\t<meta property=\"og:image:height\" content=\"475\" \/>\n\t<meta property=\"og:image:type\" content=\"image\/png\" \/>\n<meta name=\"twitter:card\" content=\"summary_large_image\" \/>\n<meta name=\"twitter:label1\" content=\"Gesch\u00e4tzte Lesezeit\" \/>\n\t<meta name=\"twitter:data1\" content=\"2\u00a0Minuten\" \/>\n<script type=\"application\/ld+json\" class=\"yoast-schema-graph\">{\"@context\":\"https:\\\/\\\/schema.org\",\"@graph\":[{\"@type\":\"WebPage\",\"@id\":\"https:\\\/\\\/porfyraaudio.com\\\/products\\\/drive-units__trashed\\\/ead-e100hd\\\/\",\"url\":\"https:\\\/\\\/porfyraaudio.com\\\/products\\\/drive-units__trashed\\\/ead-e100hd\\\/\",\"name\":\"EAD E100HD - Porfyra Audio\",\"isPartOf\":{\"@id\":\"https:\\\/\\\/porfyraaudio.com\\\/#website\"},\"primaryImageOfPage\":{\"@id\":\"https:\\\/\\\/porfyraaudio.com\\\/products\\\/drive-units__trashed\\\/ead-e100hd\\\/#primaryimage\"},\"image\":{\"@id\":\"https:\\\/\\\/porfyraaudio.com\\\/products\\\/drive-units__trashed\\\/ead-e100hd\\\/#primaryimage\"},\"thumbnailUrl\":\"http:\\\/\\\/porfyraaudio.com\\\/wp-content\\\/uploads\\\/2012\\\/12\\\/8372674-origpic-da397a.png_0_0_100_100_300_475_75-189x300.png\",\"datePublished\":\"2012-12-20T17:53:22+00:00\",\"dateModified\":\"2018-11-05T11:19:37+00:00\",\"breadcrumb\":{\"@id\":\"https:\\\/\\\/porfyraaudio.com\\\/products\\\/drive-units__trashed\\\/ead-e100hd\\\/#breadcrumb\"},\"inLanguage\":\"de\",\"potentialAction\":[{\"@type\":\"ReadAction\",\"target\":[\"https:\\\/\\\/porfyraaudio.com\\\/products\\\/drive-units__trashed\\\/ead-e100hd\\\/\"]}]},{\"@type\":\"ImageObject\",\"inLanguage\":\"de\",\"@id\":\"https:\\\/\\\/porfyraaudio.com\\\/products\\\/drive-units__trashed\\\/ead-e100hd\\\/#primaryimage\",\"url\":\"http:\\\/\\\/porfyraaudio.com\\\/wp-content\\\/uploads\\\/2012\\\/12\\\/8372674-origpic-da397a.png_0_0_100_100_300_475_75-189x300.png\",\"contentUrl\":\"http:\\\/\\\/porfyraaudio.com\\\/wp-content\\\/uploads\\\/2012\\\/12\\\/8372674-origpic-da397a.png_0_0_100_100_300_475_75-189x300.png\"},{\"@type\":\"BreadcrumbList\",\"@id\":\"https:\\\/\\\/porfyraaudio.com\\\/products\\\/drive-units__trashed\\\/ead-e100hd\\\/#breadcrumb\",\"itemListElement\":[{\"@type\":\"ListItem\",\"position\":1,\"name\":\"Home\",\"item\":\"https:\\\/\\\/porfyraaudio.com\\\/\"},{\"@type\":\"ListItem\",\"position\":2,\"name\":\"Products\",\"item\":\"https:\\\/\\\/porfyraaudio.com\\\/products\\\/\"},{\"@type\":\"ListItem\",\"position\":3,\"name\":\"EAD E100HD\"}]},{\"@type\":\"WebSite\",\"@id\":\"https:\\\/\\\/porfyraaudio.com\\\/#website\",\"url\":\"https:\\\/\\\/porfyraaudio.com\\\/\",\"name\":\"Porfyra Audio\",\"description\":\"Sound high end\",\"publisher\":{\"@id\":\"https:\\\/\\\/porfyraaudio.com\\\/#organization\"},\"alternateName\":\"Sound high end\",\"potentialAction\":[{\"@type\":\"SearchAction\",\"target\":{\"@type\":\"EntryPoint\",\"urlTemplate\":\"https:\\\/\\\/porfyraaudio.com\\\/?s={search_term_string}\"},\"query-input\":{\"@type\":\"PropertyValueSpecification\",\"valueRequired\":true,\"valueName\":\"search_term_string\"}}],\"inLanguage\":\"de\"},{\"@type\":\"Organization\",\"@id\":\"https:\\\/\\\/porfyraaudio.com\\\/#organization\",\"name\":\"Porfyra Audio\",\"alternateName\":\"Sound high end\",\"url\":\"https:\\\/\\\/porfyraaudio.com\\\/\",\"logo\":{\"@type\":\"ImageObject\",\"inLanguage\":\"de\",\"@id\":\"https:\\\/\\\/porfyraaudio.com\\\/#\\\/schema\\\/logo\\\/image\\\/\",\"url\":\"https:\\\/\\\/porfyraaudio.com\\\/wp-content\\\/uploads\\\/2023\\\/01\\\/card.jpg\",\"contentUrl\":\"https:\\\/\\\/porfyraaudio.com\\\/wp-content\\\/uploads\\\/2023\\\/01\\\/card.jpg\",\"width\":800,\"height\":500,\"caption\":\"Porfyra Audio\"},\"image\":{\"@id\":\"https:\\\/\\\/porfyraaudio.com\\\/#\\\/schema\\\/logo\\\/image\\\/\"},\"sameAs\":[\"https:\\\/\\\/www.facebook.com\\\/porfyraaudio\"]}]}<\/script>\n<!-- \/ Yoast SEO plugin. -->","yoast_head_json":{"title":"EAD E100HD - Porfyra Audio","robots":{"index":"index","follow":"follow","max-snippet":"max-snippet:-1","max-image-preview":"max-image-preview:large","max-video-preview":"max-video-preview:-1"},"canonical":"https:\/\/porfyraaudio.com\/products\/drive-units__trashed\/ead-e100hd\/","og_locale":"de_DE","og_type":"article","og_title":"EAD E100HD - Porfyra Audio","og_description":"Der E 100 HD sieht genauso aus wie der E 100 , was zu Gedanken f\u00fchrt , da\u00df es sich hier um eine leichte \u00dcberarbeitung fr\u00fcherer Designs handelt. Der E100 HD liegt so nahe zu [&hellip;]","og_url":"https:\/\/porfyraaudio.com\/products\/drive-units__trashed\/ead-e100hd\/","og_site_name":"Porfyra Audio","article_publisher":"https:\/\/www.facebook.com\/porfyraaudio","article_modified_time":"2018-11-05T11:19:37+00:00","og_image":[{"width":300,"height":475,"url":"https:\/\/porfyraaudio.com\/wp-content\/uploads\/2012\/12\/8372674-origpic-da397a.png_0_0_100_100_300_475_75.png","type":"image\/png"}],"twitter_card":"summary_large_image","twitter_misc":{"Gesch\u00e4tzte Lesezeit":"2\u00a0Minuten"},"schema":{"@context":"https:\/\/schema.org","@graph":[{"@type":"WebPage","@id":"https:\/\/porfyraaudio.com\/products\/drive-units__trashed\/ead-e100hd\/","url":"https:\/\/porfyraaudio.com\/products\/drive-units__trashed\/ead-e100hd\/","name":"EAD E100HD - Porfyra Audio","isPartOf":{"@id":"https:\/\/porfyraaudio.com\/#website"},"primaryImageOfPage":{"@id":"https:\/\/porfyraaudio.com\/products\/drive-units__trashed\/ead-e100hd\/#primaryimage"},"image":{"@id":"https:\/\/porfyraaudio.com\/products\/drive-units__trashed\/ead-e100hd\/#primaryimage"},"thumbnailUrl":"http:\/\/porfyraaudio.com\/wp-content\/uploads\/2012\/12\/8372674-origpic-da397a.png_0_0_100_100_300_475_75-189x300.png","datePublished":"2012-12-20T17:53:22+00:00","dateModified":"2018-11-05T11:19:37+00:00","breadcrumb":{"@id":"https:\/\/porfyraaudio.com\/products\/drive-units__trashed\/ead-e100hd\/#breadcrumb"},"inLanguage":"de","potentialAction":[{"@type":"ReadAction","target":["https:\/\/porfyraaudio.com\/products\/drive-units__trashed\/ead-e100hd\/"]}]},{"@type":"ImageObject","inLanguage":"de","@id":"https:\/\/porfyraaudio.com\/products\/drive-units__trashed\/ead-e100hd\/#primaryimage","url":"http:\/\/porfyraaudio.com\/wp-content\/uploads\/2012\/12\/8372674-origpic-da397a.png_0_0_100_100_300_475_75-189x300.png","contentUrl":"http:\/\/porfyraaudio.com\/wp-content\/uploads\/2012\/12\/8372674-origpic-da397a.png_0_0_100_100_300_475_75-189x300.png"},{"@type":"BreadcrumbList","@id":"https:\/\/porfyraaudio.com\/products\/drive-units__trashed\/ead-e100hd\/#breadcrumb","itemListElement":[{"@type":"ListItem","position":1,"name":"Home","item":"https:\/\/porfyraaudio.com\/"},{"@type":"ListItem","position":2,"name":"Products","item":"https:\/\/porfyraaudio.com\/products\/"},{"@type":"ListItem","position":3,"name":"EAD E100HD"}]},{"@type":"WebSite","@id":"https:\/\/porfyraaudio.com\/#website","url":"https:\/\/porfyraaudio.com\/","name":"Porfyra Audio","description":"Sound high end","publisher":{"@id":"https:\/\/porfyraaudio.com\/#organization"},"alternateName":"Sound high end","potentialAction":[{"@type":"SearchAction","target":{"@type":"EntryPoint","urlTemplate":"https:\/\/porfyraaudio.com\/?s={search_term_string}"},"query-input":{"@type":"PropertyValueSpecification","valueRequired":true,"valueName":"search_term_string"}}],"inLanguage":"de"},{"@type":"Organization","@id":"https:\/\/porfyraaudio.com\/#organization","name":"Porfyra Audio","alternateName":"Sound high end","url":"https:\/\/porfyraaudio.com\/","logo":{"@type":"ImageObject","inLanguage":"de","@id":"https:\/\/porfyraaudio.com\/#\/schema\/logo\/image\/","url":"https:\/\/porfyraaudio.com\/wp-content\/uploads\/2023\/01\/card.jpg","contentUrl":"https:\/\/porfyraaudio.com\/wp-content\/uploads\/2023\/01\/card.jpg","width":800,"height":500,"caption":"Porfyra Audio"},"image":{"@id":"https:\/\/porfyraaudio.com\/#\/schema\/logo\/image\/"},"sameAs":["https:\/\/www.facebook.com\/porfyraaudio"]}]}},"_links":{"self":[{"href":"https:\/\/porfyraaudio.com\/de\/wp-json\/wp\/v2\/pages\/88","targetHints":{"allow":["GET"]}}],"collection":[{"href":"https:\/\/porfyraaudio.com\/de\/wp-json\/wp\/v2\/pages"}],"about":[{"href":"https:\/\/porfyraaudio.com\/de\/wp-json\/wp\/v2\/types\/page"}],"author":[{"embeddable":true,"href":"https:\/\/porfyraaudio.com\/de\/wp-json\/wp\/v2\/users\/2"}],"replies":[{"embeddable":true,"href":"https:\/\/porfyraaudio.com\/de\/wp-json\/wp\/v2\/comments?post=88"}],"version-history":[{"count":23,"href":"https:\/\/porfyraaudio.com\/de\/wp-json\/wp\/v2\/pages\/88\/revisions"}],"predecessor-version":[{"id":604,"href":"https:\/\/porfyraaudio.com\/de\/wp-json\/wp\/v2\/pages\/88\/revisions\/604"}],"up":[{"embeddable":true,"href":"https:\/\/porfyraaudio.com\/de\/wp-json\/wp\/v2\/pages\/10"}],"wp:attachment":[{"href":"https:\/\/porfyraaudio.com\/de\/wp-json\/wp\/v2\/media?parent=88"}],"curies":[{"name":"wp","href":"https:\/\/api.w.org\/{rel}","templated":true}]}}